{"id":1085,"date":"2017-05-01T15:57:22","date_gmt":"2017-05-01T12:57:22","guid":{"rendered":"http:\/\/www.univ-chlef.dz\/FSEI\/?page_id=1085"},"modified":"2022-04-24T13:41:10","modified_gmt":"2022-04-24T10:41:10","slug":"missions-et-taches-cf","status":"publish","type":"page","link":"https:\/\/fsei.univ-chlef.dz\/?page_id=1085","title":{"rendered":"Missions et t\u00e2ches"},"content":{"rendered":"<p>[divider]<\/p>\n<p><span style=\"font-family: tahoma,arial,helvetica,sans-serif; font-size: 10pt;\">Le conseil de facult\u00e9 \u00e9met des avis et recommandations sur :[checklist]<\/span><\/p>\n<ul>\n<li><span style=\"font-family: tahoma,arial,helvetica,sans-serif; font-size: 10pt;\">Les perspectives de d\u00e9veloppement de la facult\u00e9,<\/span><\/li>\n<li><span style=\"font-family: tahoma,arial,helvetica,sans-serif; font-size: 10pt;\">La programmation des actions de formation et de recherche de la facult\u00e9,<\/span><\/li>\n<li><span style=\"font-family: tahoma,arial,helvetica,sans-serif; font-size: 10pt;\">Les perspectives de coop\u00e9ration scientifique nationale et internationale,<\/span><\/li>\n<li><span style=\"font-family: tahoma,arial,helvetica,sans-serif; font-size: 10pt;\">La programmation des actions de formation continue, de perfectionnement et de recyclage,<\/span><\/li>\n<li><span style=\"font-family: tahoma,arial,helvetica,sans-serif; font-size: 10pt;\">Le projet de budget de la facult\u00e9,<\/span><\/li>\n<li><span style=\"font-family: tahoma,arial,helvetica,sans-serif; font-size: 10pt;\">Le\u00a0projet de plan de gestion des ressources humaines de la facult\u00e9,<\/span><\/li>\n<li><span style=\"font-family: tahoma,arial,helvetica,sans-serif; font-size: 10pt;\">Les projets de contrats et de conventions d&rsquo;\u00e9tudes, d&rsquo;expertise et de prestations de services assur\u00e9es par la facult\u00e9,<\/span><\/li>\n<li><span style=\"font-family: tahoma,arial,helvetica,sans-serif; font-size: 10pt;\">La gestion de la facult\u00e9,<\/span><\/li>\n<li><span style=\"font-family: tahoma,arial,helvetica,sans-serif; font-size: 10pt;\">Le rapport annuel d\u2019activit\u00e9s de la facult\u00e9.<\/span><\/li>\n<\/ul>\n<p><span style=\"font-family: tahoma,arial,helvetica,sans-serif; font-size: 10pt;\">[\/checklist]<\/span><span style=\"font-family: tahoma,arial,helvetica,sans-serif; font-size: 10pt;\">Le conseil \u00e9tudie et propose toute mesure propre \u00e0 am\u00e9liorer le fonctionnement de la facult\u00e9 et \u00e0 favoriser la r\u00e9alisation de ses objectifs et donne son avis sur toute question qui lui est soumise par le doyen.<\/span><\/p>\n","protected":false},"excerpt":{"rendered":"<p>[divider] Le conseil de facult\u00e9 \u00e9met des avis et recommandations sur :[checklist] Les perspectives de d\u00e9veloppement de la facult\u00e9, La [&hellip;]<\/p>\n","protected":false},"author":7,"featured_media":0,"parent":0,"menu_order":0,"comment_status":"closed","ping_status":"closed","template":"","meta":{"_uag_custom_page_level_css":"","site-sidebar-layout":"default","site-content-layout":"","ast-site-content-layout":"default","site-content-style":"default","site-sidebar-style":"default","ast-global-header-display":"","ast-banner-title-visibility":"","ast-main-header-display":"","ast-hfb-above-header-display":"","ast-hfb-below-header-display":"","ast-hfb-mobile-header-display":"","site-post-title":"","ast-breadcrumbs-content":"","ast-featured-img":"","footer-sml-layout":"","ast-disable-related-posts":"","theme-transparent-header-meta":"","adv-header-id-meta":"","stick-header-meta":"","header-above-stick-meta":"","header-main-stick-meta":"","header-below-stick-meta":"","astra-migrate-meta-layouts":"default","ast-page-background-enabled":"default","ast-page-background-meta":{"desktop":{"background-color":"var(--ast-global-color-5)","background-image":"","background-repeat":"repeat","background-position":"center center","background-size":"auto","background-attachment":"scroll","background-type":"","background-media":"","overlay-type":"","overlay-color":"","overlay-opacity":"","overlay-gradient":""},"tablet":{"background-color":"","background-image":"","background-repeat":"repeat","background-position":"center center","background-size":"auto","background-attachment":"scroll","background-type":"","background-media":"","overlay-type":"","overlay-color":"","overlay-opacity":"","overlay-gradient":""},"mobile":{"background-color":"","background-image":"","background-repeat":"repeat","background-position":"center center","background-size":"auto","background-attachment":"scroll","background-type":"","background-media":"","overlay-type":"","overlay-color":"","overlay-opacity":"","overlay-gradient":""}},"ast-content-background-meta":{"desktop":{"background-color":"var(--ast-global-color-4)","background-image":"","background-repeat":"repeat","background-position":"center center","background-size":"auto","background-attachment":"scroll","background-type":"","background-media":"","overlay-type":"","overlay-color":"","overlay-opacity":"","overlay-gradient":""},"tablet":{"background-color":"var(--ast-global-color-4)","background-image":"","background-repeat":"repeat","background-position":"center center","background-size":"auto","background-attachment":"scroll","background-type":"","background-media":"","overlay-type":"","overlay-color":"","overlay-opacity":"","overlay-gradient":""},"mobile":{"background-color":"var(--ast-global-color-4)","background-image":"","background-repeat":"repeat","background-position":"center center","background-size":"auto","background-attachment":"scroll","background-type":"","background-media":"","overlay-type":"","overlay-color":"","overlay-opacity":"","overlay-gradient":""}},"footnotes":""},"class_list":["post-1085","page","type-page","status-publish","hentry"],"uagb_featured_image_src":{"full":false,"thumbnail":false,"medium":false,"medium_large":false,"large":false,"1536x1536":false,"2048x2048":false},"uagb_author_info":{"display_name":"","author_link":"https:\/\/fsei.univ-chlef.dz\/?author=7"},"uagb_comment_info":0,"uagb_excerpt":"[divider] Le conseil de facult\u00e9 \u00e9met des avis et recommandations sur :[checklist] Les perspectives de d\u00e9veloppement de la facult\u00e9, La [&hellip;]","_links":{"self":[{"href":"https:\/\/fsei.univ-chlef.dz\/index.php?rest_route=\/wp\/v2\/pages\/1085","targetHints":{"allow":["GET"]}}],"collection":[{"href":"https:\/\/fsei.univ-chlef.dz\/index.php?rest_route=\/wp\/v2\/pages"}],"about":[{"href":"https:\/\/fsei.univ-chlef.dz\/index.php?rest_route=\/wp\/v2\/types\/page"}],"author":[{"embeddable":true,"href":"https:\/\/fsei.univ-chlef.dz\/index.php?rest_route=\/wp\/v2\/users\/7"}],"replies":[{"embeddable":true,"href":"https:\/\/fsei.univ-chlef.dz\/index.php?rest_route=%2Fwp%2Fv2%2Fcomments&post=1085"}],"version-history":[{"count":11,"href":"https:\/\/fsei.univ-chlef.dz\/index.php?rest_route=\/wp\/v2\/pages\/1085\/revisions"}],"predecessor-version":[{"id":7166,"href":"https:\/\/fsei.univ-chlef.dz\/index.php?rest_route=\/wp\/v2\/pages\/1085\/revisions\/7166"}],"wp:attachment":[{"href":"https:\/\/fsei.univ-chlef.dz\/index.php?rest_route=%2Fwp%2Fv2%2Fmedia&parent=1085"}],"curies":[{"name":"wp","href":"https:\/\/api.w.org\/{rel}","templated":true}]}}