{"id":1118,"date":"2017-05-01T17:40:32","date_gmt":"2017-05-01T14:40:32","guid":{"rendered":"http:\/\/www.univ-chlef.dz\/FSEI\/?page_id=1118"},"modified":"2022-04-24T13:40:57","modified_gmt":"2022-04-24T10:40:57","slug":"missions-et-taches-vd-pg","status":"publish","type":"page","link":"https:\/\/fsei.univ-chlef.dz\/?page_id=1118","title":{"rendered":"Missions et t\u00e2ches"},"content":{"rendered":"<p><span style=\"font-family: tahoma,arial,helvetica,sans-serif;\"><strong>Le vice-doyen charg\u00e9 de la post-graduation,de la recherche scientifique et des relations ext\u00e9rieures a pour t\u00e2ches :<\/strong>[checklist]<\/span><\/p>\n<ul>\n<li><span style=\"font-family: tahoma,arial,helvetica,sans-serif;\">\u00a0D<span style=\"font-size: 10pt;\">e suivre le d\u00e9roulement des concours d\u2019acc\u00e8s \u00e0 la\u00a0post-graduation,<\/span><\/span><\/li>\n<li><span style=\"font-family: tahoma,arial,helvetica,sans-serif; font-size: 10pt;\">\u00a0De prendre ou proposer les mesures n\u00e9cessaires pour\u00a0assurer le fonctionnement des formations de\u00a0post-graduation,<\/span><\/li>\n<li><span style=\"font-family: tahoma,arial,helvetica,sans-serif; font-size: 10pt;\">\u00a0De veiller au d\u00e9roulement des soutenances de\u00a0m\u00e9moires et th\u00e8ses de post-graduation,<\/span><\/li>\n<li><span style=\"font-family: tahoma,arial,helvetica,sans-serif; font-size: 10pt;\">\u00a0De suivre le d\u00e9roulement des activit\u00e9s de recherche\u00a0scientifique,<\/span><\/li>\n<li><span style=\"font-family: tahoma,arial,helvetica,sans-serif; font-size: 10pt;\">\u00a0D\u2019initier des actions de partenariat avec les secteurs\u00a0socio-\u00e9conomiques,<\/span><\/li>\n<li><span style=\"font-family: tahoma,arial,helvetica,sans-serif; font-size: 10pt;\">\u00a0D\u2019initier des actions en vue de dynamiser et de\u00a0renforcer la coop\u00e9ration interuniversitaire nationale et\u00a0internationale,<\/span><\/li>\n<li><span style=\"font-family: tahoma,arial,helvetica,sans-serif; font-size: 10pt;\">\u00a0De mettre en oeuvre les programmes de\u00a0perfectionnement et de recyclage des enseignants,<\/span><\/li>\n<li><span style=\"font-family: tahoma,arial,helvetica,sans-serif; font-size: 10pt;\">\u00a0De suivre le fonctionnement du conseil scientifique\u00a0de la facult\u00e9 et conserver ses archives.<\/span><\/li>\n<\/ul>\n<p><span style=\"font-family: tahoma,arial,helvetica,sans-serif;\">[\/checklist]<strong>Le vice-doyen charg\u00e9 de la post-graduation, de la\u00a0recherche scientifique et des relations ext\u00e9rieures est\u00a0assist\u00e9 par :<\/strong><\/span><\/p>\n<p>[checklist]<\/p>\n<ul>\n<li><span style=\"font-family: tahoma,arial,helvetica,sans-serif; font-size: 10pt;\">Le chef de service du suivi de la formation de\u00a0post-graduation,<\/span><\/li>\n<li><span style=\"font-family: tahoma,arial,helvetica,sans-serif; font-size: 10pt;\">Le chef de service du suivi des activit\u00e9s de\u00a0recherche,<\/span><\/li>\n<li><span style=\"font-family: tahoma,arial,helvetica,sans-serif; font-size: 10pt;\">Le chef de service de la coop\u00e9ration et des relations\u00a0ext\u00e9rieures.<\/span><\/li>\n<\/ul>\n<p>[\/checklist]<\/p>\n","protected":false},"excerpt":{"rendered":"<p>Le vice-doyen charg\u00e9 de la post-graduation,de la recherche scientifique et des relations ext\u00e9rieures a pour t\u00e2ches :[checklist] \u00a0De suivre le [&hellip;]<\/p>\n","protected":false},"author":7,"featured_media":0,"parent":0,"menu_order":0,"comment_status":"closed","ping_status":"closed","template":"","meta":{"_uag_custom_page_level_css":"","site-sidebar-layout":"default","site-content-layout":"","ast-site-content-layout":"default","site-content-style":"default","site-sidebar-style":"default","ast-global-header-display":"","ast-banner-title-visibility":"","ast-main-header-display":"","ast-hfb-above-header-display":"","ast-hfb-below-header-display":"","ast-hfb-mobile-header-display":"","site-post-title":"","ast-breadcrumbs-content":"","ast-featured-img":"","footer-sml-layout":"","ast-disable-related-posts":"","theme-transparent-header-meta":"","adv-header-id-meta":"","stick-header-meta":"","header-above-stick-meta":"","header-main-stick-meta":"","header-below-stick-meta":"","astra-migrate-meta-layouts":"default","ast-page-background-enabled":"default","ast-page-background-meta":{"desktop":{"background-color":"var(--ast-global-color-5)","background-image":"","background-repeat":"repeat","background-position":"center center","background-size":"auto","background-attachment":"scroll","background-type":"","background-media":"","overlay-type":"","overlay-color":"","overlay-opacity":"","overlay-gradient":""},"tablet":{"background-color":"","background-image":"","background-repeat":"repeat","background-position":"center center","background-size":"auto","background-attachment":"scroll","background-type":"","background-media":"","overlay-type":"","overlay-color":"","overlay-opacity":"","overlay-gradient":""},"mobile":{"background-color":"","background-image":"","background-repeat":"repeat","background-position":"center center","background-size":"auto","background-attachment":"scroll","background-type":"","background-media":"","overlay-type":"","overlay-color":"","overlay-opacity":"","overlay-gradient":""}},"ast-content-background-meta":{"desktop":{"background-color":"var(--ast-global-color-4)","background-image":"","background-repeat":"repeat","background-position":"center center","background-size":"auto","background-attachment":"scroll","background-type":"","background-media":"","overlay-type":"","overlay-color":"","overlay-opacity":"","overlay-gradient":""},"tablet":{"background-color":"var(--ast-global-color-4)","background-image":"","background-repeat":"repeat","background-position":"center center","background-size":"auto","background-attachment":"scroll","background-type":"","background-media":"","overlay-type":"","overlay-color":"","overlay-opacity":"","overlay-gradient":""},"mobile":{"background-color":"var(--ast-global-color-4)","background-image":"","background-repeat":"repeat","background-position":"center center","background-size":"auto","background-attachment":"scroll","background-type":"","background-media":"","overlay-type":"","overlay-color":"","overlay-opacity":"","overlay-gradient":""}},"footnotes":""},"class_list":["post-1118","page","type-page","status-publish","hentry"],"uagb_featured_image_src":{"full":false,"thumbnail":false,"medium":false,"medium_large":false,"large":false,"1536x1536":false,"2048x2048":false},"uagb_author_info":{"display_name":"","author_link":"https:\/\/fsei.univ-chlef.dz\/?author=7"},"uagb_comment_info":0,"uagb_excerpt":"Le vice-doyen charg\u00e9 de la post-graduation,de la recherche scientifique et des relations ext\u00e9rieures a pour t\u00e2ches :[checklist] \u00a0De suivre le [&hellip;]","_links":{"self":[{"href":"https:\/\/fsei.univ-chlef.dz\/index.php?rest_route=\/wp\/v2\/pages\/1118","targetHints":{"allow":["GET"]}}],"collection":[{"href":"https:\/\/fsei.univ-chlef.dz\/index.php?rest_route=\/wp\/v2\/pages"}],"about":[{"href":"https:\/\/fsei.univ-chlef.dz\/index.php?rest_route=\/wp\/v2\/types\/page"}],"author":[{"embeddable":true,"href":"https:\/\/fsei.univ-chlef.dz\/index.php?rest_route=\/wp\/v2\/users\/7"}],"replies":[{"embeddable":true,"href":"https:\/\/fsei.univ-chlef.dz\/index.php?rest_route=%2Fwp%2Fv2%2Fcomments&post=1118"}],"version-history":[{"count":6,"href":"https:\/\/fsei.univ-chlef.dz\/index.php?rest_route=\/wp\/v2\/pages\/1118\/revisions"}],"predecessor-version":[{"id":7165,"href":"https:\/\/fsei.univ-chlef.dz\/index.php?rest_route=\/wp\/v2\/pages\/1118\/revisions\/7165"}],"wp:attachment":[{"href":"https:\/\/fsei.univ-chlef.dz\/index.php?rest_route=%2Fwp%2Fv2%2Fmedia&parent=1118"}],"curies":[{"name":"wp","href":"https:\/\/api.w.org\/{rel}","templated":true}]}}