{"id":1319,"date":"2017-05-13T17:05:59","date_gmt":"2017-05-13T14:05:59","guid":{"rendered":"http:\/\/www.univ-chlef.dz\/FSEI\/?page_id=1319"},"modified":"2019-10-06T12:37:16","modified_gmt":"2019-10-06T09:37:16","slug":"reglementation-2","status":"publish","type":"page","link":"https:\/\/fsei.univ-chlef.dz\/?page_id=1319","title":{"rendered":"Regulation"},"content":{"rendered":"<p>[divider]<\/p>\n<h4><span style=\"font-family: tahoma,arial,helvetica,sans-serif;\"><strong>Formation \u00e0 l&rsquo;\u00e9tranger :<\/strong><\/span><\/h4>\n<div class=\"checklist\">\n<ul>\n<li><span style=\"font-size: 10pt;\"><span style=\"font-family: Tahoma;\"><span style=\"font-family: tahoma,arial,helvetica,sans-serif;\">D\u00e9cret pr\u00e9sidentiel n\u00b0 14-196 du 06 juillet 2014 portant organisation et gestion de la formation et du perfectionnement \u00e0 l\u2019\u00e9tranger.<\/span><\/span><\/span><\/li>\n<\/ul>\n<p style=\"text-align: left; padding-left: 30px;\"><span style=\"font-family: tahoma,arial,helvetica,sans-serif; font-size: 10pt;\"><strong> \u00a0\u00a0\u00a0\u00a0\u00a0\u00a0\u00a0\u00a0\u00a0\u00a0\u00a0 <a href=\"https:\/\/fsei.univ-chlef.dz\/wp-content\/uploads\/2017\/05\/organisation_et-gestion_FR.pdf\">[wp-svg-icons icon=\u00a0\u00bbfile-pdf\u00a0\u00bb wrap=\u00a0\u00bbi\u00a0\u00bb size=\u00a0\u00bb16pt\u00a0\u00bb color=\u00a0\u00bb#FF0000&Prime;] <\/a> Fr \u00a0 \u00a0 \u00a0 \u00a0 \u00a0 \u00a0 \u00a0 \u00a0 \u00a0 \u00a0 \u00a0 \u00a0 \u00a0 <\/strong> <strong><a href=\"https:\/\/fsei.univ-chlef.dz\/wp-content\/uploads\/2017\/05\/organisation_et-gestion_AR.pdf\">[wp-svg-icons icon=\u00a0\u00bbfile-pdf\u00a0\u00bb wrap=\u00a0\u00bbi\u00a0\u00bb size=\u00a0\u00bb16pt\u00a0\u00bb color=\u00a0\u00bb#FF0000&Prime;]<\/a> Ar<\/strong><\/span><\/p>\n<p>&nbsp;<\/p>\n<\/div>\n<div class=\"checklist\">\n<ul>\n<li><span style=\"font-size: 10pt;\"><span style=\"font-family: Tahoma;\"><span style=\"font-family: tahoma,arial,helvetica,sans-serif;\">Arr\u00eat\u00e9 interminist\u00e9riel du 25 d\u00e9cembre 2011 modifiant l\u2019arr\u00eat\u00e9 interminist\u00e9riel du 17 mai 2004 d\u00e9terminant le montant de l\u2019indemnit\u00e9 convertible relative \u00e0 la formation et au perfectionnement de dur\u00e9e \u00e9gale ou inf\u00e9rieure \u00e0 six (6) mois effectu\u00e9s \u00e0 l\u2019\u00e9tranger.<\/span><\/span><\/span><\/li>\n<\/ul>\n<p style=\"text-align: left; padding-left: 30px;\"><span style=\"font-family: tahoma,arial,helvetica,sans-serif; font-size: 10pt;\"><strong> \u00a0\u00a0\u00a0\u00a0\u00a0\u00a0\u00a0\u00a0\u00a0\u00a0\u00a0<a href=\"https:\/\/fsei.univ-chlef.dz\/wp-content\/uploads\/2017\/05\/le_montant_de_demnite_Fr.pdf\"> [wp-svg-icons icon=\u00a0\u00bbfile-pdf\u00a0\u00bb wrap=\u00a0\u00bbi\u00a0\u00bb size=\u00a0\u00bb16pt\u00a0\u00bb color=\u00a0\u00bb#FF0000&Prime;]<\/a> Fr \u00a0 \u00a0 \u00a0 \u00a0 \u00a0 \u00a0 \u00a0 \u00a0 \u00a0 \u00a0 \u00a0 \u00a0 \u00a0 <\/strong> <strong><a href=\"https:\/\/fsei.univ-chlef.dz\/wp-content\/uploads\/2017\/05\/le_montant_de_demnite_Ar.pdf\">[wp-svg-icons icon=\u00a0\u00bbfile-pdf\u00a0\u00bb wrap=\u00a0\u00bbi\u00a0\u00bb size=\u00a0\u00bb16pt\u00a0\u00bb color=\u00a0\u00bb#FF0000&Prime;]<\/a> Ar<\/strong><\/span><\/p>\n<p>&nbsp;<\/p>\n<ul>\n<li><span style=\"font-size: 10pt;\"><span style=\"font-family: Tahoma;\"><span style=\"font-family: tahoma,arial,helvetica,sans-serif;\">Arr\u00eat\u00e9 interminist\u00e9riel du 25 d\u00e9cembre 2011 fixant les modalit\u00e9s d\u2019application des articles 06, 27 et 28 du d\u00e9cret pr\u00e9sidentiel n\u00b0 03-309 du 11 septembre 2003 portant organisation et gestion de la formation et du perfectionnement \u00e0 l\u2019\u00e9tranger.<\/span><\/span><\/span><\/li>\n<\/ul>\n<p style=\"text-align: left; padding-left: 30px;\"><span style=\"font-family: tahoma,arial,helvetica,sans-serif; font-size: 10pt;\"><strong> \u00a0\u00a0\u00a0\u00a0\u00a0\u00a0\u00a0\u00a0\u00a0\u00a0\u00a0 <a href=\"https:\/\/fsei.univ-chlef.dz\/wp-content\/uploads\/2017\/05\/calcul_Fr.pdf\">[wp-svg-icons icon=\u00a0\u00bbfile-pdf\u00a0\u00bb wrap=\u00a0\u00bbi\u00a0\u00bb size=\u00a0\u00bb16pt\u00a0\u00bb color=\u00a0\u00bb#FF0000&Prime;]<\/a> Fr \u00a0 \u00a0 \u00a0 \u00a0 \u00a0 \u00a0 \u00a0 \u00a0 \u00a0 \u00a0 \u00a0 \u00a0 \u00a0 <\/strong> <strong><a href=\"https:\/\/fsei.univ-chlef.dz\/wp-content\/uploads\/2017\/05\/calcul_Ar.pdf\">[wp-svg-icons icon=\u00a0\u00bbfile-pdf\u00a0\u00bb wrap=\u00a0\u00bbi\u00a0\u00bb size=\u00a0\u00bb16pt\u00a0\u00bb color=\u00a0\u00bb#FF0000&Prime;]<\/a> Ar<br \/>\n<\/strong><\/span><\/p>\n<p>&nbsp;<\/p>\n<div class=\"checklist\">\n<ul>\n<li><span style=\"font-size: 10pt;\"><span style=\"font-family: tahoma,arial,helvetica,sans-serif;\">Arr\u00eat\u00e9 n\u00b0 2010 du 29 d\u00e9cembre 2014 fixant les crit\u00e8res de s\u00e9lection d&rsquo;admissibilit\u00e9 au programme de perfectionnement a l&rsquo;\u00e9tranger.<\/span><\/span><\/li>\n<\/ul>\n<p style=\"text-align: left; padding-left: 30px;\"><span style=\"font-family: tahoma,arial,helvetica,sans-serif; font-size: 10pt;\"><strong> \u00a0\u00a0\u00a0\u00a0\u00a0\u00a0\u00a0\u00a0\u00a0\u00a0\u00a0 <a href=\"https:\/\/fsei.univ-chlef.dz\/wp-content\/uploads\/2017\/06\/criteres_Perfectionnement_FR.pdf\">[wp-svg-icons icon=\u00a0\u00bbfile-pdf\u00a0\u00bb wrap=\u00a0\u00bbi\u00a0\u00bb size=\u00a0\u00bb16pt\u00a0\u00bb color=\u00a0\u00bb#FF0000&Prime;]<\/a> Fr \u00a0 \u00a0 \u00a0 \u00a0 \u00a0 \u00a0 \u00a0 \u00a0 \u00a0 \u00a0 \u00a0 \u00a0 \u00a0 <\/strong> <strong><a href=\"https:\/\/fsei.univ-chlef.dz\/wp-content\/uploads\/2017\/06\/criteres_Perfectionnement_AR.pdf\">[wp-svg-icons icon=\u00a0\u00bbfile-pdf\u00a0\u00bb wrap=\u00a0\u00bbi\u00a0\u00bb size=\u00a0\u00bb16pt\u00a0\u00bb color=\u00a0\u00bb#FF0000&Prime;]<\/a> Ar<\/strong><\/span><\/p>\n<p>&nbsp;<\/p>\n<\/div>\n<ul>\n<li><span style=\"font-size: 10pt;\"><span style=\"font-family: Tahoma;\"><span style=\"font-family: tahoma,arial,helvetica,sans-serif;\">Instruction n\u00b0 02 du 14 juin 2017 relative au perfectionnement \u00e0 l&rsquo;\u00e9tranger.<\/span><\/span><\/span><\/li>\n<\/ul>\n<p style=\"text-align: left; padding-left: 30px;\"><span style=\"font-family: tahoma,arial,helvetica,sans-serif; font-size: 10pt;\"><strong> \u00a0\u00a0\u00a0\u00a0\u00a0\u00a0\u00a0\u00a0\u00a0\u00a0\u00a0 <a href=\"https:\/\/fsei.univ-chlef.dz\/wp-content\/uploads\/2017\/05\/Instruction_02_14_06_2017_fr.pdf\">[wp-svg-icons icon=\u00a0\u00bbfile-pdf\u00a0\u00bb wrap=\u00a0\u00bbi\u00a0\u00bb size=\u00a0\u00bb16pt\u00a0\u00bb color=\u00a0\u00bb#FF0000&Prime;]<\/a> Fr \u00a0 \u00a0 \u00a0 \u00a0 \u00a0 \u00a0 \u00a0 \u00a0 \u00a0 \u00a0 \u00a0 \u00a0 \u00a0 <\/strong> <strong><a href=\"https:\/\/fsei.univ-chlef.dz\/wp-content\/uploads\/2017\/05\/Instruction_02_14_06_2017_ar.pdf\">[wp-svg-icons icon=\u00a0\u00bbfile-pdf\u00a0\u00bb wrap=\u00a0\u00bbi\u00a0\u00bb size=\u00a0\u00bb16pt\u00a0\u00bb color=\u00a0\u00bb#FF0000&Prime;]<\/a> Ar<\/strong><\/span><\/p>\n<h4><span style=\"font-family: tahoma,arial,helvetica,sans-serif;\"><strong>Formation de post-graduation :<\/strong><\/span><\/h4>\n<ul>\n<li><span style=\"font-size: 10pt;\"><span style=\"font-family: Tahoma;\"><span style=\"font-family: tahoma,arial,helvetica,sans-serif;\">D\u00e9cret ex\u00e9cutif n\u00b0 98-254 du 17 Ao\u00fbt 1998 relatif \u00e0 la formation doctorale, \u00e0 la post-graduation sp\u00e9cialis\u00e9e et \u00e0 l&rsquo;habilitation universitaire, modifi\u00e9 et compl\u00e9t\u00e9.<\/span><\/span><\/span><\/li>\n<\/ul>\n<p style=\"text-align: left; padding-left: 30px;\"><span style=\"font-family: tahoma,arial,helvetica,sans-serif; font-size: 10pt;\"><strong> \u00a0\u00a0\u00a0\u00a0\u00a0\u00a0\u00a0\u00a0\u00a0\u00a0\u00a0 <a href=\"https:\/\/fsei.univ-chlef.dz\/wp-content\/uploads\/2017\/05\/Texte-1-fr.pdf\">[wp-svg-icons icon=\u00a0\u00bbfile-pdf\u00a0\u00bb wrap=\u00a0\u00bbi\u00a0\u00bb size=\u00a0\u00bb16pt\u00a0\u00bb color=\u00a0\u00bb#FF0000&Prime;]<\/a> Fr \u00a0 \u00a0 \u00a0 \u00a0 \u00a0 \u00a0 \u00a0 \u00a0 \u00a0 \u00a0 \u00a0 \u00a0 \u00a0 <\/strong> <strong><a href=\"https:\/\/fsei.univ-chlef.dz\/wp-content\/uploads\/2017\/05\/Texte-1-ar.pdf\">[wp-svg-icons icon=\u00a0\u00bbfile-pdf\u00a0\u00bb wrap=\u00a0\u00bbi\u00a0\u00bb size=\u00a0\u00bb16pt\u00a0\u00bb color=\u00a0\u00bb#FF0000&Prime;]<\/a> Ar<\/strong><\/span><\/p>\n<p>&nbsp;<\/p>\n<ul>\n<li><span style=\"font-family: tahoma,arial,helvetica,sans-serif; font-size: 10pt;\">D\u00e9cret ex\u00e9cutif n\u00b0 10-231 du 02 octobre 2010 portant statut du doctorant.<\/span><\/li>\n<\/ul>\n<p style=\"text-align: left; padding-left: 30px;\"><span style=\"font-family: tahoma,arial,helvetica,sans-serif; font-size: 10pt;\"><strong>\u00a0\u00a0\u00a0\u00a0\u00a0\u00a0\u00a0\u00a0\u00a0\u00a0\u00a0<a href=\"https:\/\/fsei.univ-chlef.dz\/wp-content\/uploads\/2017\/05\/Fr.pdf\"> [wp-svg-icons icon=\u00a0\u00bbfile-pdf\u00a0\u00bb wrap=\u00a0\u00bbi\u00a0\u00bb size=\u00a0\u00bb16pt\u00a0\u00bb color=\u00a0\u00bb#FF0000&Prime;]<\/a> Fr \u00a0 \u00a0 \u00a0 \u00a0 \u00a0 \u00a0 \u00a0 \u00a0 \u00a0 \u00a0 \u00a0 \u00a0 \u00a0 <\/strong> <strong><a href=\"https:\/\/fsei.univ-chlef.dz\/wp-content\/uploads\/2017\/05\/Ar.pdf\">[wp-svg-icons icon=\u00a0\u00bbfile-pdf\u00a0\u00bb wrap=\u00a0\u00bbi\u00a0\u00bb size=\u00a0\u00bb16pt\u00a0\u00bb color=\u00a0\u00bb#FF0000&Prime;]<\/a> Ar<\/strong><\/span><\/p>\n<p>&nbsp;<\/p>\n<ul>\n<li><span style=\"font-size: 10pt;\"><span style=\"font-family: Tahoma;\"><span style=\"font-family: tahoma,arial,helvetica,sans-serif;\">Arr\u00eate n\u00b0\u00a0521\u00a0du <\/span><\/span><\/span>\u200b<span style=\"font-family: tahoma,arial,helvetica,sans-serif; font-size: 10pt;\">05\u00a0<\/span><span style=\"font-size: 10pt;\"><span style=\"font-family: Tahoma;\"><span style=\"font-family: tahoma,arial,helvetica,sans-serif;\">septembre 2013 fixant les modalit\u00e9s de mise en \u0153uvre des dispositions de l&rsquo;habilitation universitaire<\/span><\/span><\/span><span style=\"font-size: 10pt;\"><span style=\"font-family: Tahoma;\"><span style=\"font-family: tahoma,arial,helvetica,sans-serif;\">.<\/span><\/span><\/span><\/li>\n<\/ul>\n<p style=\"text-align: left; padding-left: 30px;\"><span style=\"font-family: tahoma,arial,helvetica,sans-serif; font-size: 10pt;\"><strong> \u00a0\u00a0\u00a0\u00a0\u00a0\u00a0\u00a0\u00a0\u00a0\u00a0\u00a0 <a href=\"https:\/\/fsei.univ-chlef.dz\/wp-content\/uploads\/2017\/05\/Texte-4-fr.pdf\">[wp-svg-icons icon=\u00a0\u00bbfile-pdf\u00a0\u00bb wrap=\u00a0\u00bbi\u00a0\u00bb size=\u00a0\u00bb16pt\u00a0\u00bb color=\u00a0\u00bb#FF0000&Prime;]<\/a> Fr \u00a0 \u00a0 \u00a0 \u00a0 \u00a0 \u00a0 \u00a0 \u00a0 \u00a0 \u00a0 \u00a0 \u00a0 \u00a0 <\/strong> <strong><a href=\"https:\/\/fsei.univ-chlef.dz\/wp-content\/uploads\/2017\/05\/Texte-4-ar.pdf\">[wp-svg-icons icon=\u00a0\u00bbfile-pdf\u00a0\u00bb wrap=\u00a0\u00bbi\u00a0\u00bb size=\u00a0\u00bb16pt\u00a0\u00bb color=\u00a0\u00bb#FF0000&Prime;]<\/a> Ar<\/strong><\/span><\/p>\n<p>&nbsp;<\/p>\n<ul>\n<li><span style=\"font-size: 10pt;\"><span style=\"font-size: 10pt;\"><span style=\"font-family: Tahoma;\">Arr\u00eat\u00e9 n\u00b0 547\u00a0du <\/span><\/span><\/span>\u200b<span style=\"font-family: tahoma,arial,helvetica,sans-serif; font-size: 10pt;\">02<\/span><span style=\"font-size: 10pt;\"><span style=\"font-size: 10pt;\"><span style=\"font-family: Tahoma;\">\u00a0juin 2016 fixant les modalit\u00e9s d&rsquo;organisation\u00a0<\/span><\/span><\/span><span style=\"font-size: 10pt;\"><span style=\"font-size: 10pt;\"><span style=\"font-family: Tahoma;\">de la formation de troisi\u00e8me<\/span><\/span><\/span>\u200b\u00a0<span style=\"font-size: 10pt;\"><span style=\"font-family: Tahoma;\">cycle et les conditions de pr\u00e9paration et de soutenance de la th\u00e8se de doctorat.<\/span><\/span><\/li>\n<\/ul>\n<p style=\"text-align: left; padding-left: 30px;\"><span style=\"font-family: tahoma,arial,helvetica,sans-serif; font-size: 10pt;\"><strong> \u00a0\u00a0\u00a0\u00a0\u00a0\u00a0\u00a0\u00a0\u00a0\u00a0\u00a0 <a href=\"https:\/\/fsei.univ-chlef.dz\/wp-content\/uploads\/2017\/05\/Texte-3-fr.pdf\">[wp-svg-icons icon=\u00a0\u00bbfile-pdf\u00a0\u00bb wrap=\u00a0\u00bbi\u00a0\u00bb size=\u00a0\u00bb16pt\u00a0\u00bb color=\u00a0\u00bb#FF0000&Prime;]<\/a> Fr \u00a0 \u00a0 \u00a0 \u00a0 \u00a0 \u00a0 \u00a0 \u00a0 \u00a0 \u00a0 \u00a0 \u00a0 \u00a0 <\/strong> <strong><a href=\"https:\/\/fsei.univ-chlef.dz\/wp-content\/uploads\/2017\/05\/Texte-3-ar.pdf\">[wp-svg-icons icon=\u00a0\u00bbfile-pdf\u00a0\u00bb wrap=\u00a0\u00bbi\u00a0\u00bb size=\u00a0\u00bb16pt\u00a0\u00bb color=\u00a0\u00bb#FF0000&Prime;]<\/a> Ar<\/strong><\/span><\/p>\n<\/div>\n","protected":false},"excerpt":{"rendered":"<p>[divider] Formation \u00e0 l&rsquo;\u00e9tranger : D\u00e9cret pr\u00e9sidentiel n\u00b0 14-196 du 06 juillet 2014 portant organisation et gestion de la formation [&hellip;]<\/p>\n","protected":false},"author":7,"featured_media":0,"parent":0,"menu_order":0,"comment_status":"closed","ping_status":"closed","template":"","meta":{"_uag_custom_page_level_css":"","site-sidebar-layout":"default","site-content-layout":"","ast-site-content-layout":"default","site-content-style":"default","site-sidebar-style":"default","ast-global-header-display":"","ast-banner-title-visibility":"","ast-main-header-display":"","ast-hfb-above-header-display":"","ast-hfb-below-header-display":"","ast-hfb-mobile-header-display":"","site-post-title":"","ast-breadcrumbs-content":"","ast-featured-img":"","footer-sml-layout":"","ast-disable-related-posts":"","theme-transparent-header-meta":"","adv-header-id-meta":"","stick-header-meta":"","header-above-stick-meta":"","header-main-stick-meta":"","header-below-stick-meta":"","astra-migrate-meta-layouts":"default","ast-page-background-enabled":"default","ast-page-background-meta":{"desktop":{"background-color":"var(--ast-global-color-5)","background-image":"","background-repeat":"repeat","background-position":"center center","background-size":"auto","background-attachment":"scroll","background-type":"","background-media":"","overlay-type":"","overlay-color":"","overlay-opacity":"","overlay-gradient":""},"tablet":{"background-color":"","background-image":"","background-repeat":"repeat","background-position":"center center","background-size":"auto","background-attachment":"scroll","background-type":"","background-media":"","overlay-type":"","overlay-color":"","overlay-opacity":"","overlay-gradient":""},"mobile":{"background-color":"","background-image":"","background-repeat":"repeat","background-position":"center center","background-size":"auto","background-attachment":"scroll","background-type":"","background-media":"","overlay-type":"","overlay-color":"","overlay-opacity":"","overlay-gradient":""}},"ast-content-background-meta":{"desktop":{"background-color":"var(--ast-global-color-4)","background-image":"","background-repeat":"repeat","background-position":"center center","background-size":"auto","background-attachment":"scroll","background-type":"","background-media":"","overlay-type":"","overlay-color":"","overlay-opacity":"","overlay-gradient":""},"tablet":{"background-color":"var(--ast-global-color-4)","background-image":"","background-repeat":"repeat","background-position":"center center","background-size":"auto","background-attachment":"scroll","background-type":"","background-media":"","overlay-type":"","overlay-color":"","overlay-opacity":"","overlay-gradient":""},"mobile":{"background-color":"var(--ast-global-color-4)","background-image":"","background-repeat":"repeat","background-position":"center center","background-size":"auto","background-attachment":"scroll","background-type":"","background-media":"","overlay-type":"","overlay-color":"","overlay-opacity":"","overlay-gradient":""}},"footnotes":""},"class_list":["post-1319","page","type-page","status-publish","hentry"],"uagb_featured_image_src":{"full":false,"thumbnail":false,"medium":false,"medium_large":false,"large":false,"1536x1536":false,"2048x2048":false},"uagb_author_info":{"display_name":"","author_link":"https:\/\/fsei.univ-chlef.dz\/?author=7"},"uagb_comment_info":0,"uagb_excerpt":"[divider] Formation \u00e0 l&rsquo;\u00e9tranger : D\u00e9cret pr\u00e9sidentiel n\u00b0 14-196 du 06 juillet 2014 portant organisation et gestion de la formation [&hellip;]","_links":{"self":[{"href":"https:\/\/fsei.univ-chlef.dz\/index.php?rest_route=\/wp\/v2\/pages\/1319","targetHints":{"allow":["GET"]}}],"collection":[{"href":"https:\/\/fsei.univ-chlef.dz\/index.php?rest_route=\/wp\/v2\/pages"}],"about":[{"href":"https:\/\/fsei.univ-chlef.dz\/index.php?rest_route=\/wp\/v2\/types\/page"}],"author":[{"embeddable":true,"href":"https:\/\/fsei.univ-chlef.dz\/index.php?rest_route=\/wp\/v2\/users\/7"}],"replies":[{"embeddable":true,"href":"https:\/\/fsei.univ-chlef.dz\/index.php?rest_route=%2Fwp%2Fv2%2Fcomments&post=1319"}],"version-history":[{"count":37,"href":"https:\/\/fsei.univ-chlef.dz\/index.php?rest_route=\/wp\/v2\/pages\/1319\/revisions"}],"predecessor-version":[{"id":4717,"href":"https:\/\/fsei.univ-chlef.dz\/index.php?rest_route=\/wp\/v2\/pages\/1319\/revisions\/4717"}],"wp:attachment":[{"href":"https:\/\/fsei.univ-chlef.dz\/index.php?rest_route=%2Fwp%2Fv2%2Fmedia&parent=1319"}],"curies":[{"name":"wp","href":"https:\/\/api.w.org\/{rel}","templated":true}]}}