{"id":1441,"date":"2017-05-22T23:23:03","date_gmt":"2017-05-22T20:23:03","guid":{"rendered":"http:\/\/www.univ-chlef.dz\/FSEI\/?page_id=1441"},"modified":"2022-04-24T13:40:36","modified_gmt":"2022-04-24T10:40:36","slug":"missions-et-taches-sg","status":"publish","type":"page","link":"https:\/\/fsei.univ-chlef.dz\/?page_id=1441","title":{"rendered":"Missions et t\u00e2ches"},"content":{"rendered":"<p><span style=\"font-family: tahoma,arial,helvetica,sans-serif; font-size: 10pt;\">Le secr\u00e9tariat g\u00e9n\u00e9ral de la facult\u00e9 est charg\u00e9 :<\/span><\/p>\n<div class=\"checklist\">\n<ul>\n<li><span style=\"font-family: tahoma,arial,helvetica,sans-serif; font-size: 10pt;\">De pr\u00e9parer le projet de plan de gestion des ressources humaines de la facult\u00e9 et d\u2019en assurer l\u2019ex\u00e9cution,<br \/>\n<\/span><\/li>\n<li><span style=\"font-family: tahoma,arial,helvetica,sans-serif; font-size: 10pt;\">D\u2019assurer la gestion des carri\u00e8res des personnels de la facult\u00e9,<br \/>\n<\/span><\/li>\n<li><span style=\"font-family: tahoma,arial,helvetica,sans-serif; font-size: 10pt;\">D\u2019assurer la gestion et la conservation des archives et de la documentation de la facult\u00e9,<br \/>\n<\/span><\/li>\n<li><span style=\"font-family: tahoma,arial,helvetica,sans-serif; font-size: 10pt;\">De pr\u00e9parer le projet de budget de la facult\u00e9 et d\u2019en assurer l\u2019ex\u00e9cution<\/span><span style=\"font-family: tahoma,arial,helvetica,sans-serif; font-size: 10pt;\">,<br \/>\n<\/span><\/li>\n<li><span style=\"font-family: tahoma,arial,helvetica,sans-serif; font-size: 10pt;\">De promouvoir avec les structures concern\u00e9es du rectorat les activit\u00e9s scientifiques, culturelles et sportives au profit des \u00e9tudiants,<br \/>\n<\/span><\/li>\n<li><span style=\"font-family: tahoma,arial,helvetica,sans-serif; font-size: 10pt;\">De g\u00e9rer les moyens meubles et immeubles de la facult\u00e9 et de veiller \u00e0 leur entretien et \u00e0 leur maintenance,<br \/>\n<\/span><\/li>\n<li><span style=\"font-family: tahoma,arial,helvetica,sans-serif; font-size: 10pt;\">D\u2019assurer la mise en \u0153uvre du plan de s\u00fbret\u00e9 interne de la facult\u00e9.<\/span><\/li>\n<\/ul>\n<\/div>\n<p><span style=\"font-family: tahoma,arial,helvetica,sans-serif; font-size: 10pt;\">Le secr\u00e9tariat g\u00e9n\u00e9ral de la facult\u00e9 auquel est rattach\u00e9 le bureau de s\u00fbret\u00e9 interne, comprend les services suivants :<\/span><\/p>\n<p><span style=\"font-size: 10pt;\"><strong><span style=\"font-family: tahoma,arial,helvetica,sans-serif;\">Le service des personnels <\/span><\/strong><span style=\"font-family: tahoma,arial,helvetica,sans-serif;\">comprend les sections suivantes :<\/span><\/span><\/p>\n<div class=\"checklist\">\n<ul>\n<li><span style=\"font-family: tahoma,arial,helvetica,sans-serif; font-size: 10pt;\">La section des personnels enseignants,<\/span><\/li>\n<li><span style=\"font-family: tahoma,arial,helvetica,sans-serif; font-size: 10pt;\">La section des personnels administratifs, techniques et agents de service.<\/span><\/li>\n<\/ul>\n<\/div>\n<p><span style=\"font-size: 10pt;\"><strong><span style=\"font-family: tahoma,arial,helvetica,sans-serif;\">Le service du budget et de la comptabilit\u00e9 <\/span><\/strong><span style=\"font-family: tahoma,arial,helvetica,sans-serif;\">comprend les sections suivantes :<\/span><\/span><\/p>\n<div class=\"checklist\">\n<ul>\n<li><span style=\"font-family: tahoma,arial,helvetica,sans-serif; font-size: 10pt;\">La section du budget,<\/span><\/li>\n<li><span style=\"font-family: tahoma,arial,helvetica,sans-serif; font-size: 10pt;\">La section de la comptabilit\u00e9.<\/span><\/li>\n<\/ul>\n<\/div>\n<p><span style=\"font-size: 10pt;\"><strong><span style=\"font-family: tahoma,arial,helvetica,sans-serif;\">Le service des moyens et de la maintenance <\/span><\/strong><span style=\"font-family: tahoma,arial,helvetica,sans-serif;\">comprend les sections suivantes :<\/span><\/span><\/p>\n<div class=\"checklist\">\n<ul>\n<li><span style=\"font-family: tahoma,arial,helvetica,sans-serif; font-size: 10pt;\">La section des moyens,<\/span><\/li>\n<li><span style=\"font-family: tahoma,arial,helvetica,sans-serif; font-size: 10pt;\">La section de la maintenance.<\/span><\/li>\n<\/ul>\n<p><span style=\"font-size: 10pt;\"><strong><span style=\"font-family: tahoma,arial,helvetica,sans-serif;\">le service de l\u2019animation, scientifique, culturelle et sportive.<\/span><\/strong><\/span><\/p>\n<\/div>\n","protected":false},"excerpt":{"rendered":"<p>Le secr\u00e9tariat g\u00e9n\u00e9ral de la facult\u00e9 est charg\u00e9 : De pr\u00e9parer le projet de plan de gestion des ressources humaines [&hellip;]<\/p>\n","protected":false},"author":7,"featured_media":0,"parent":0,"menu_order":0,"comment_status":"closed","ping_status":"closed","template":"","meta":{"_uag_custom_page_level_css":"","site-sidebar-layout":"default","site-content-layout":"","ast-site-content-layout":"default","site-content-style":"default","site-sidebar-style":"default","ast-global-header-display":"","ast-banner-title-visibility":"","ast-main-header-display":"","ast-hfb-above-header-display":"","ast-hfb-below-header-display":"","ast-hfb-mobile-header-display":"","site-post-title":"","ast-breadcrumbs-content":"","ast-featured-img":"","footer-sml-layout":"","ast-disable-related-posts":"","theme-transparent-header-meta":"","adv-header-id-meta":"","stick-header-meta":"","header-above-stick-meta":"","header-main-stick-meta":"","header-below-stick-meta":"","astra-migrate-meta-layouts":"default","ast-page-background-enabled":"default","ast-page-background-meta":{"desktop":{"background-color":"var(--ast-global-color-5)","background-image":"","background-repeat":"repeat","background-position":"center center","background-size":"auto","background-attachment":"scroll","background-type":"","background-media":"","overlay-type":"","overlay-color":"","overlay-opacity":"","overlay-gradient":""},"tablet":{"background-color":"","background-image":"","background-repeat":"repeat","background-position":"center center","background-size":"auto","background-attachment":"scroll","background-type":"","background-media":"","overlay-type":"","overlay-color":"","overlay-opacity":"","overlay-gradient":""},"mobile":{"background-color":"","background-image":"","background-repeat":"repeat","background-position":"center center","background-size":"auto","background-attachment":"scroll","background-type":"","background-media":"","overlay-type":"","overlay-color":"","overlay-opacity":"","overlay-gradient":""}},"ast-content-background-meta":{"desktop":{"background-color":"var(--ast-global-color-4)","background-image":"","background-repeat":"repeat","background-position":"center center","background-size":"auto","background-attachment":"scroll","background-type":"","background-media":"","overlay-type":"","overlay-color":"","overlay-opacity":"","overlay-gradient":""},"tablet":{"background-color":"var(--ast-global-color-4)","background-image":"","background-repeat":"repeat","background-position":"center center","background-size":"auto","background-attachment":"scroll","background-type":"","background-media":"","overlay-type":"","overlay-color":"","overlay-opacity":"","overlay-gradient":""},"mobile":{"background-color":"var(--ast-global-color-4)","background-image":"","background-repeat":"repeat","background-position":"center center","background-size":"auto","background-attachment":"scroll","background-type":"","background-media":"","overlay-type":"","overlay-color":"","overlay-opacity":"","overlay-gradient":""}},"footnotes":""},"class_list":["post-1441","page","type-page","status-publish","hentry"],"uagb_featured_image_src":{"full":false,"thumbnail":false,"medium":false,"medium_large":false,"large":false,"1536x1536":false,"2048x2048":false},"uagb_author_info":{"display_name":"","author_link":"https:\/\/fsei.univ-chlef.dz\/?author=7"},"uagb_comment_info":0,"uagb_excerpt":"Le secr\u00e9tariat g\u00e9n\u00e9ral de la facult\u00e9 est charg\u00e9 : De pr\u00e9parer le projet de plan de gestion des ressources humaines [&hellip;]","_links":{"self":[{"href":"https:\/\/fsei.univ-chlef.dz\/index.php?rest_route=\/wp\/v2\/pages\/1441","targetHints":{"allow":["GET"]}}],"collection":[{"href":"https:\/\/fsei.univ-chlef.dz\/index.php?rest_route=\/wp\/v2\/pages"}],"about":[{"href":"https:\/\/fsei.univ-chlef.dz\/index.php?rest_route=\/wp\/v2\/types\/page"}],"author":[{"embeddable":true,"href":"https:\/\/fsei.univ-chlef.dz\/index.php?rest_route=\/wp\/v2\/users\/7"}],"replies":[{"embeddable":true,"href":"https:\/\/fsei.univ-chlef.dz\/index.php?rest_route=%2Fwp%2Fv2%2Fcomments&post=1441"}],"version-history":[{"count":17,"href":"https:\/\/fsei.univ-chlef.dz\/index.php?rest_route=\/wp\/v2\/pages\/1441\/revisions"}],"predecessor-version":[{"id":7163,"href":"https:\/\/fsei.univ-chlef.dz\/index.php?rest_route=\/wp\/v2\/pages\/1441\/revisions\/7163"}],"wp:attachment":[{"href":"https:\/\/fsei.univ-chlef.dz\/index.php?rest_route=%2Fwp%2Fv2%2Fmedia&parent=1441"}],"curies":[{"name":"wp","href":"https:\/\/api.w.org\/{rel}","templated":true}]}}