{"id":1443,"date":"2017-05-22T23:27:39","date_gmt":"2017-05-22T20:27:39","guid":{"rendered":"http:\/\/www.univ-chlef.dz\/FSEI\/?page_id=1443"},"modified":"2018-10-22T13:18:06","modified_gmt":"2018-10-22T10:18:06","slug":"contact-sg","status":"publish","type":"page","link":"https:\/\/fsei.univ-chlef.dz\/?page_id=1443","title":{"rendered":"Contact"},"content":{"rendered":"<p>[divider]<br \/>\n<span style=\"font-family: tahoma,arial,helvetica,sans-serif;\"><strong>Le secr\u00e9taire g\u00e9n\u00e9ral<br \/>\n<\/strong><\/span><\/p>\n<p style=\"padding-left: 30px;\"><span style=\"font-family: tahoma,arial,helvetica,sans-serif;\"><strong>[wp-svg-icons icon=\u00a0\u00bboffice\u00a0\u00bb wrap=\u00a0\u00bbi\u00a0\u00bb]\u00a0 Adresse :<\/strong>\u00a0\u00a0Universit\u00e9 Hassiba Benbouali Chlef, P.O. Box 78, 02000, Ould-Fares, Chlef, Algeria.<\/span><br \/>\n<span style=\"font-family: tahoma,arial,helvetica,sans-serif;\"><strong> [wp-svg-icons icon=\u00a0\u00bbphone\u00a0\u00bb wrap=\u00a0\u00bbi\u00a0\u00bb]\u00a0 T\u00e9l\/Fax :<\/strong> +213 27 72 70 16<\/span><br \/>\n<span style=\"font-family: tahoma,arial,helvetica,sans-serif;\"><strong> [wp-svg-icons icon=\u00a0\u00bbsettings\u00a0\u00bb wrap=\u00a0\u00bbi\u00a0\u00bb]\u00a0 Ligne interne :<\/strong> 128<\/span><br \/>\n<span style=\"font-family: tahoma,arial,helvetica,sans-serif;\"><strong> [wp-svg-icons icon=\u00a0\u00bbmail\u00a0\u00bb wrap=\u00a0\u00bbi\u00a0\u00bb]\u00a0 E-Mail :<\/strong><a href=\"mailto:m.attoui@univ-chlef.fz\">m.attoui@univ-chlef.fz<\/a><\/span><\/p>\n","protected":false},"excerpt":{"rendered":"<p>[divider] Le secr\u00e9taire g\u00e9n\u00e9ral [wp-svg-icons icon=\u00a0\u00bboffice\u00a0\u00bb wrap=\u00a0\u00bbi\u00a0\u00bb]\u00a0 Adresse :\u00a0\u00a0Universit\u00e9 Hassiba Benbouali Chlef, P.O. Box 78, 02000, Ould-Fares, Chlef, Algeria. [wp-svg-icons [&hellip;]<\/p>\n","protected":false},"author":7,"featured_media":0,"parent":0,"menu_order":0,"comment_status":"closed","ping_status":"closed","template":"","meta":{"_uag_custom_page_level_css":"","site-sidebar-layout":"default","site-content-layout":"","ast-site-content-layout":"default","site-content-style":"default","site-sidebar-style":"default","ast-global-header-display":"","ast-banner-title-visibility":"","ast-main-header-display":"","ast-hfb-above-header-display":"","ast-hfb-below-header-display":"","ast-hfb-mobile-header-display":"","site-post-title":"","ast-breadcrumbs-content":"","ast-featured-img":"","footer-sml-layout":"","ast-disable-related-posts":"","theme-transparent-header-meta":"","adv-header-id-meta":"","stick-header-meta":"","header-above-stick-meta":"","header-main-stick-meta":"","header-below-stick-meta":"","astra-migrate-meta-layouts":"default","ast-page-background-enabled":"default","ast-page-background-meta":{"desktop":{"background-color":"var(--ast-global-color-5)","background-image":"","background-repeat":"repeat","background-position":"center center","background-size":"auto","background-attachment":"scroll","background-type":"","background-media":"","overlay-type":"","overlay-color":"","overlay-opacity":"","overlay-gradient":""},"tablet":{"background-color":"","background-image":"","background-repeat":"repeat","background-position":"center center","background-size":"auto","background-attachment":"scroll","background-type":"","background-media":"","overlay-type":"","overlay-color":"","overlay-opacity":"","overlay-gradient":""},"mobile":{"background-color":"","background-image":"","background-repeat":"repeat","background-position":"center center","background-size":"auto","background-attachment":"scroll","background-type":"","background-media":"","overlay-type":"","overlay-color":"","overlay-opacity":"","overlay-gradient":""}},"ast-content-background-meta":{"desktop":{"background-color":"var(--ast-global-color-4)","background-image":"","background-repeat":"repeat","background-position":"center center","background-size":"auto","background-attachment":"scroll","background-type":"","background-media":"","overlay-type":"","overlay-color":"","overlay-opacity":"","overlay-gradient":""},"tablet":{"background-color":"var(--ast-global-color-4)","background-image":"","background-repeat":"repeat","background-position":"center center","background-size":"auto","background-attachment":"scroll","background-type":"","background-media":"","overlay-type":"","overlay-color":"","overlay-opacity":"","overlay-gradient":""},"mobile":{"background-color":"var(--ast-global-color-4)","background-image":"","background-repeat":"repeat","background-position":"center center","background-size":"auto","background-attachment":"scroll","background-type":"","background-media":"","overlay-type":"","overlay-color":"","overlay-opacity":"","overlay-gradient":""}},"footnotes":""},"class_list":["post-1443","page","type-page","status-publish","hentry"],"uagb_featured_image_src":{"full":false,"thumbnail":false,"medium":false,"medium_large":false,"large":false,"1536x1536":false,"2048x2048":false},"uagb_author_info":{"display_name":"","author_link":"https:\/\/fsei.univ-chlef.dz\/?author=7"},"uagb_comment_info":0,"uagb_excerpt":"[divider] Le secr\u00e9taire g\u00e9n\u00e9ral [wp-svg-icons icon=\u00a0\u00bboffice\u00a0\u00bb wrap=\u00a0\u00bbi\u00a0\u00bb]\u00a0 Adresse :\u00a0\u00a0Universit\u00e9 Hassiba Benbouali Chlef, P.O. Box 78, 02000, Ould-Fares, Chlef, Algeria. [wp-svg-icons [&hellip;]","_links":{"self":[{"href":"https:\/\/fsei.univ-chlef.dz\/index.php?rest_route=\/wp\/v2\/pages\/1443","targetHints":{"allow":["GET"]}}],"collection":[{"href":"https:\/\/fsei.univ-chlef.dz\/index.php?rest_route=\/wp\/v2\/pages"}],"about":[{"href":"https:\/\/fsei.univ-chlef.dz\/index.php?rest_route=\/wp\/v2\/types\/page"}],"author":[{"embeddable":true,"href":"https:\/\/fsei.univ-chlef.dz\/index.php?rest_route=\/wp\/v2\/users\/7"}],"replies":[{"embeddable":true,"href":"https:\/\/fsei.univ-chlef.dz\/index.php?rest_route=%2Fwp%2Fv2%2Fcomments&post=1443"}],"version-history":[{"count":15,"href":"https:\/\/fsei.univ-chlef.dz\/index.php?rest_route=\/wp\/v2\/pages\/1443\/revisions"}],"predecessor-version":[{"id":4229,"href":"https:\/\/fsei.univ-chlef.dz\/index.php?rest_route=\/wp\/v2\/pages\/1443\/revisions\/4229"}],"wp:attachment":[{"href":"https:\/\/fsei.univ-chlef.dz\/index.php?rest_route=%2Fwp%2Fv2%2Fmedia&parent=1443"}],"curies":[{"name":"wp","href":"https:\/\/api.w.org\/{rel}","templated":true}]}}