{"id":1666,"date":"2017-06-01T14:16:35","date_gmt":"2017-06-01T11:16:35","guid":{"rendered":"http:\/\/www.univ-chlef.dz\/FSEI\/?page_id=1666"},"modified":"2019-10-06T12:39:57","modified_gmt":"2019-10-06T09:39:57","slug":"reglementation-4","status":"publish","type":"page","link":"https:\/\/fsei.univ-chlef.dz\/?page_id=1666","title":{"rendered":"Regulation"},"content":{"rendered":"<p>[divider]<\/p>\n<div class=\"checklist\">\n<ul>\n<li><span style=\"font-family: tahoma,arial,helvetica,sans-serif; font-size: 10pt;\">Arr\u00eat\u00e9 n\u00b0 711 du 03 novembre 2011 fixant les r\u00e8gles d&rsquo;organisation et de gestion p\u00e9dagogiques communes aux \u00e9tudes universitaires en vue de l&rsquo;obtention des dipl\u00f4mes de licence et de master.<\/span><\/li>\n<\/ul>\n<p style=\"padding-left: 30px;\"><span style=\"font-family: tahoma,arial,helvetica,sans-serif; font-size: 10pt;\"> <strong>\u00a0\u00a0\u00a0\u00a0\u00a0\u00a0\u00a0\u00a0\u00a0\u00a0\u00a0 <\/strong><strong><a href=\"https:\/\/fsei.univ-chlef.dz\/wp-content\/uploads\/2017\/06\/Arrete_711_du_03-11-2012_fr.pdf\">[wp-svg-icons icon=\u00a0\u00bbfile-pdf\u00a0\u00bb wrap=\u00a0\u00bbi\u00a0\u00bb size=\u00a0\u00bb16pt\u00a0\u00bb color=\u00a0\u00bb#FF0000&Prime;]<\/a> Fr \u00a0 \u00a0 \u00a0 \u00a0 \u00a0 \u00a0 \u00a0 \u00a0 \u00a0 \u00a0 \u00a0 \u00a0 \u00a0 <\/strong> <strong><a href=\"https:\/\/fsei.univ-chlef.dz\/wp-content\/uploads\/2017\/06\/Arrete_711_du_03-11-2012_ar.pdf\">[wp-svg-icons icon=\u00a0\u00bbfile-pdf\u00a0\u00bb wrap=\u00a0\u00bbi\u00a0\u00bb size=\u00a0\u00bb16pt\u00a0\u00bb color=\u00a0\u00bb#FF0000&Prime;]<\/a> Ar<\/strong><\/span><\/p>\n<p>&nbsp;<\/p>\n<\/div>\n<div class=\"checklist\">\n<ul>\n<li><span style=\"font-family: tahoma,arial,helvetica,sans-serif; font-size: 10pt;\">Arr\u00eat\u00e9 n\u00b0 712 du 03 novembre 2011 fixant les modalit\u00e9s d\u2019\u00e9valuation, de progression et d\u2019orientation dans les cycles d&rsquo;\u00e9tudes en vue de l&rsquo;obtention des dipl\u00f4mes de licence et de master.<\/span><\/li>\n<\/ul>\n<p style=\"padding-left: 30px;\"><span style=\"font-family: tahoma,arial,helvetica,sans-serif; font-size: 10pt;\"> <strong>\u00a0\u00a0\u00a0\u00a0\u00a0\u00a0\u00a0\u00a0\u00a0\u00a0\u00a0 <\/strong><strong><a href=\"https:\/\/fsei.univ-chlef.dz\/wp-content\/uploads\/2017\/06\/Arrete_712_du_03-11-2012_fr.pdf\">[wp-svg-icons icon=\u00a0\u00bbfile-pdf\u00a0\u00bb wrap=\u00a0\u00bbi\u00a0\u00bb size=\u00a0\u00bb16pt\u00a0\u00bb color=\u00a0\u00bb#FF0000&Prime;]<\/a> Fr \u00a0 \u00a0 \u00a0 \u00a0 \u00a0 \u00a0 \u00a0 \u00a0 \u00a0 \u00a0 \u00a0 \u00a0 \u00a0 <\/strong> <strong><a href=\"https:\/\/fsei.univ-chlef.dz\/wp-content\/uploads\/2017\/06\/Arrete_712_du_03-11-2012_ar.pdf\">[wp-svg-icons icon=\u00a0\u00bbfile-pdf\u00a0\u00bb wrap=\u00a0\u00bbi\u00a0\u00bb size=\u00a0\u00bb16pt\u00a0\u00bb color=\u00a0\u00bb#FF0000&Prime;]<\/a> Ar<\/strong><\/span><\/p>\n<p>&nbsp;<\/p>\n<\/div>\n<div class=\"checklist\">\n<ul>\n<li><span style=\"font-family: tahoma,arial,helvetica,sans-serif; font-size: 10pt;\">Arr\u00eat\u00e9 n\u00b0 713 du 03 novembre 2011 fixant la composition et le fonctionnement de la commission du tutorat.<\/span><\/li>\n<\/ul>\n<p style=\"padding-left: 30px;\"><span style=\"font-family: tahoma,arial,helvetica,sans-serif; font-size: 10pt;\"><strong>\u00a0\u00a0\u00a0\u00a0\u00a0\u00a0\u00a0\u00a0\u00a0\u00a0\u00a0 <\/strong><strong><a href=\"https:\/\/fsei.univ-chlef.dz\/wp-content\/uploads\/2017\/06\/Arrete_713_du_03-11-2012_fr.pdf\">[wp-svg-icons icon=\u00a0\u00bbfile-pdf\u00a0\u00bb wrap=\u00a0\u00bbi\u00a0\u00bb size=\u00a0\u00bb16pt\u00a0\u00bb color=\u00a0\u00bb#FF0000&Prime;]<\/a> Fr \u00a0 \u00a0 \u00a0 \u00a0 \u00a0 \u00a0 \u00a0 \u00a0 \u00a0 \u00a0 \u00a0 \u00a0 \u00a0 <\/strong> <strong><a href=\"https:\/\/fsei.univ-chlef.dz\/wp-content\/uploads\/2017\/06\/Arrete_713_du_03-11-2012_ar.pdf\">[wp-svg-icons icon=\u00a0\u00bbfile-pdf\u00a0\u00bb wrap=\u00a0\u00bbi\u00a0\u00bb size=\u00a0\u00bb16pt\u00a0\u00bb color=\u00a0\u00bb#FF0000&Prime;]<\/a> Ar<\/strong><\/span><\/p>\n<p>&nbsp;<\/p>\n<\/div>\n<div class=\"checklist\">\n<ul>\n<li><span style=\"font-family: tahoma,arial,helvetica,sans-serif; font-size: 10pt;\">Arr\u00eat\u00e9 n\u00b0 714 du 03 novembre 2011 portant modalit\u00e9s de classement des \u00e9tudiants.<\/span><\/li>\n<\/ul>\n<p style=\"padding-left: 30px;\"><span style=\"font-family: tahoma,arial,helvetica,sans-serif; font-size: 10pt;\"> <strong>\u00a0\u00a0\u00a0\u00a0\u00a0\u00a0\u00a0\u00a0\u00a0\u00a0\u00a0 <\/strong><strong><a href=\"https:\/\/fsei.univ-chlef.dz\/wp-content\/uploads\/2017\/06\/Arrete_714_du_03-11-2012_fr.pdf\">[wp-svg-icons icon=\u00a0\u00bbfile-pdf\u00a0\u00bb wrap=\u00a0\u00bbi\u00a0\u00bb size=\u00a0\u00bb16pt\u00a0\u00bb color=\u00a0\u00bb#FF0000&Prime;]<\/a> Fr<\/strong><strong> \u00a0 \u00a0 \u00a0 \u00a0 \u00a0 \u00a0 \u00a0 \u00a0 \u00a0 \u00a0 \u00a0 \u00a0 \u00a0 <\/strong> <strong><a href=\"https:\/\/fsei.univ-chlef.dz\/wp-content\/uploads\/2017\/06\/Arrete_714_du_03-11-2012_ar.pdf\">[wp-svg-icons icon=\u00a0\u00bbfile-pdf\u00a0\u00bb wrap=\u00a0\u00bbi\u00a0\u00bb size=\u00a0\u00bb16pt\u00a0\u00bb color=\u00a0\u00bb#FF0000&Prime;]<\/a> Ar<\/strong><\/span><\/p>\n<p>&nbsp;<\/p>\n<\/div>\n<div class=\"checklist\"><\/div>\n<div class=\"checklist\">\n<ul>\n<li><span style=\"font-family: tahoma,arial,helvetica,sans-serif; font-size: 10pt;\">Arr\u00eate n\u00ba 362 du 09 juin 2014 fixant les modalit\u00e9s d\u2019\u00e9laboration et de soutenance du m\u00e9moire du master.<\/span><\/li>\n<\/ul>\n<p style=\"padding-left: 30px;\"><span style=\"font-family: tahoma,arial,helvetica,sans-serif; font-size: 10pt;\"> <strong>\u00a0\u00a0\u00a0\u00a0\u00a0\u00a0\u00a0\u00a0\u00a0\u00a0\u00a0 <\/strong><strong><a href=\"https:\/\/fsei.univ-chlef.dz\/wp-content\/uploads\/2017\/06\/memoire-du-master_fr.pdf\">[wp-svg-icons icon=\u00a0\u00bbfile-pdf\u00a0\u00bb wrap=\u00a0\u00bbi\u00a0\u00bb size=\u00a0\u00bb16pt\u00a0\u00bb color=\u00a0\u00bb#FF0000&Prime;]<\/a> Fr \u00a0 \u00a0 \u00a0 \u00a0 \u00a0 \u00a0 \u00a0 \u00a0 \u00a0 \u00a0 \u00a0 \u00a0 \u00a0 <\/strong> <strong><a href=\"https:\/\/fsei.univ-chlef.dz\/wp-content\/uploads\/2017\/06\/memoire-du-master_ar.pdf\">[wp-svg-icons icon=\u00a0\u00bbfile-pdf\u00a0\u00bb wrap=\u00a0\u00bbi\u00a0\u00bb size=\u00a0\u00bb16pt\u00a0\u00bb color=\u00a0\u00bb#FF0000&Prime;]<\/a> Ar<\/strong><\/span><\/p>\n<p>&nbsp;<\/p>\n<\/div>\n<div class=\"checklist\">\n<ul>\n<li><span style=\"font-family: tahoma,arial,helvetica,sans-serif; font-size: 10pt;\">Arr\u00eate n\u00ba 363 du 09 juin 2014 Portant conditions d\u2019inscription aux \u00e9tudes universitaires en vue de l\u2019obtention du dipl\u00f4me de master.<\/span><\/li>\n<\/ul>\n<p style=\"padding-left: 30px;\"><span style=\"font-family: tahoma,arial,helvetica,sans-serif; font-size: 10pt;\"> <strong>\u00a0\u00a0\u00a0\u00a0\u00a0\u00a0\u00a0\u00a0\u00a0\u00a0\u00a0 <\/strong><strong><a href=\"https:\/\/fsei.univ-chlef.dz\/wp-content\/uploads\/2017\/06\/Master-inscription_fr.pdf\">[wp-svg-icons icon=\u00a0\u00bbfile-pdf\u00a0\u00bb wrap=\u00a0\u00bbi\u00a0\u00bb size=\u00a0\u00bb16pt\u00a0\u00bb color=\u00a0\u00bb#FF0000&Prime;]<\/a> Fr \u00a0 \u00a0 \u00a0 \u00a0 \u00a0 \u00a0 \u00a0 \u00a0 \u00a0 \u00a0 \u00a0 \u00a0 \u00a0 <\/strong> <strong><a href=\"https:\/\/fsei.univ-chlef.dz\/wp-content\/uploads\/2017\/06\/Master-inscription_ar.pdf\">[wp-svg-icons icon=\u00a0\u00bbfile-pdf\u00a0\u00bb wrap=\u00a0\u00bbi\u00a0\u00bb size=\u00a0\u00bb16pt\u00a0\u00bb color=\u00a0\u00bb#FF0000&Prime;]<\/a> Ar<\/strong><\/span><\/p>\n<p>&nbsp;<\/p>\n<\/div>\n<div class=\"checklist\">\n<ul>\n<li><span style=\"font-family: tahoma,arial,helvetica,sans-serif; font-size: 10pt;\">Arr\u00eate n\u00ba 364 du 09 juin 2014 portant modalit\u00e9s et conditions d\u2019acc\u00e8s des titulaires d\u2019un Dipl\u00f4mes d\u2019Etudes Universitaires Appliqu\u00e9es \u00e0 la formation (DEUA) en vue de l\u2019obtention du dipl\u00f4me de licence.<\/span><\/li>\n<\/ul>\n<p style=\"padding-left: 30px;\"><span style=\"font-family: tahoma,arial,helvetica,sans-serif; font-size: 10pt;\"> <strong>\u00a0\u00a0\u00a0\u00a0\u00a0\u00a0\u00a0\u00a0\u00a0\u00a0\u00a0 <\/strong><strong><a href=\"https:\/\/fsei.univ-chlef.dz\/wp-content\/uploads\/2017\/06\/DEUA-inscription_fr.pdf\">[wp-svg-icons icon=\u00a0\u00bbfile-pdf\u00a0\u00bb wrap=\u00a0\u00bbi\u00a0\u00bb size=\u00a0\u00bb16pt\u00a0\u00bb color=\u00a0\u00bb#FF0000&Prime;]<\/a> Fr \u00a0 \u00a0 \u00a0 \u00a0 \u00a0 \u00a0 \u00a0 \u00a0 \u00a0 \u00a0 \u00a0 \u00a0 \u00a0 <\/strong> <strong><a href=\"https:\/\/fsei.univ-chlef.dz\/wp-content\/uploads\/2017\/06\/DEUA-inscription_ar.pdf\">[wp-svg-icons icon=\u00a0\u00bbfile-pdf\u00a0\u00bb wrap=\u00a0\u00bbi\u00a0\u00bb size=\u00a0\u00bb16pt\u00a0\u00bb color=\u00a0\u00bb#FF0000&Prime;]<\/a> Ar<\/strong><\/span><\/p>\n<p>&nbsp;<\/p>\n<\/div>\n<div class=\"checklist\">\n<ul>\n<li><span style=\"font-family: tahoma,arial,helvetica,sans-serif; font-size: 10pt;\">Arr\u00eat\u00e9 n\u00b0 371 du 11 juin 2014 correspondant au portant la cr\u00e9ation, composition et fonctionnement des conseils de discipline au sien des \u00e9tablissements d\u2019enseignement sup\u00e9rieur.<\/span><\/li>\n<\/ul>\n<p style=\"padding-left: 30px;\"><span style=\"font-family: tahoma,arial,helvetica,sans-serif; font-size: 10pt;\"> <strong>\u00a0\u00a0\u00a0\u00a0\u00a0\u00a0\u00a0\u00a0\u00a0\u00a0\u00a0 <\/strong><strong><a href=\"https:\/\/fsei.univ-chlef.dz\/wp-content\/uploads\/2017\/06\/arrete_No_371_du_11-06-201_conseil_de_discipline_fr.pdf\">[wp-svg-icons icon=\u00a0\u00bbfile-pdf\u00a0\u00bb wrap=\u00a0\u00bbi\u00a0\u00bb size=\u00a0\u00bb16pt\u00a0\u00bb color=\u00a0\u00bb#FF0000&Prime;]<\/a> Fr \u00a0 \u00a0 \u00a0 \u00a0 \u00a0 \u00a0 \u00a0 \u00a0 \u00a0 \u00a0 \u00a0 \u00a0 \u00a0 <\/strong> <strong><a href=\"https:\/\/fsei.univ-chlef.dz\/wp-content\/uploads\/2017\/06\/arrete_No_371_du_11-06-201_conseil_de_discipline_ar.pdf\">[wp-svg-icons icon=\u00a0\u00bbfile-pdf\u00a0\u00bb wrap=\u00a0\u00bbi\u00a0\u00bb size=\u00a0\u00bb16pt\u00a0\u00bb color=\u00a0\u00bb#FF0000&Prime;]<\/a> Ar<\/strong><\/span><\/p>\n<\/div>\n<p>&nbsp;<\/p>\n<div class=\"checklist\">\n<ul>\n<li><span style=\"font-family: tahoma,arial,helvetica,sans-serif;\"><span style=\"font-size: 10pt;\">Arr\u00eat\u00e9\u00a0 n\u00b0 272 du 09 mars 2017 fixant les conditions d&rsquo;obtention du dipl\u00f4me de master parles \u00e9tudiants inscrits pour l&rsquo;obtention du dipl\u00f4me d&rsquo;ing\u00e9nieur d&rsquo;\u00e9tat et du dipl\u00f4me d&rsquo;architecte ou du \u00a0dipl\u00f4me de docteur v\u00e9t\u00e9rinaire dans certains \u00e9tablissements d&rsquo;enseignement sup\u00e9rieur.<\/span><\/span><\/li>\n<\/ul>\n<p style=\"padding-left: 30px;\"><span style=\"font-family: tahoma,arial,helvetica,sans-serif; font-size: 10pt;\"> <strong>\u00a0\u00a0\u00a0\u00a0\u00a0\u00a0\u00a0\u00a0\u00a0\u00a0\u00a0 <\/strong><strong><a href=\"https:\/\/fsei.univ-chlef.dz\/wp-content\/uploads\/2017\/05\/Texte-2-fr.pdf\">[wp-svg-icons icon=\u00a0\u00bbfile-pdf\u00a0\u00bb wrap=\u00a0\u00bbi\u00a0\u00bb size=\u00a0\u00bb16pt\u00a0\u00bb color=\u00a0\u00bb#FF0000&Prime;]<\/a> Fr \u00a0 \u00a0 \u00a0 \u00a0 \u00a0 \u00a0 \u00a0 \u00a0 \u00a0 \u00a0 \u00a0 \u00a0 \u00a0 <\/strong> <strong><a href=\"https:\/\/fsei.univ-chlef.dz\/wp-content\/uploads\/2017\/05\/Texte-2-ar.pdf\">[wp-svg-icons icon=\u00a0\u00bbfile-pdf\u00a0\u00bb wrap=\u00a0\u00bbi\u00a0\u00bb size=\u00a0\u00bb16pt\u00a0\u00bb color=\u00a0\u00bb#FF0000&Prime;]<\/a> Ar<\/strong><\/span><\/p>\n<\/div>\n","protected":false},"excerpt":{"rendered":"<p>[divider] Arr\u00eat\u00e9 n\u00b0 711 du 03 novembre 2011 fixant les r\u00e8gles d&rsquo;organisation et de gestion p\u00e9dagogiques communes aux \u00e9tudes universitaires [&hellip;]<\/p>\n","protected":false},"author":7,"featured_media":0,"parent":0,"menu_order":0,"comment_status":"closed","ping_status":"closed","template":"","meta":{"_uag_custom_page_level_css":"","site-sidebar-layout":"default","site-content-layout":"","ast-site-content-layout":"default","site-content-style":"default","site-sidebar-style":"default","ast-global-header-display":"","ast-banner-title-visibility":"","ast-main-header-display":"","ast-hfb-above-header-display":"","ast-hfb-below-header-display":"","ast-hfb-mobile-header-display":"","site-post-title":"","ast-breadcrumbs-content":"","ast-featured-img":"","footer-sml-layout":"","ast-disable-related-posts":"","theme-transparent-header-meta":"","adv-header-id-meta":"","stick-header-meta":"","header-above-stick-meta":"","header-main-stick-meta":"","header-below-stick-meta":"","astra-migrate-meta-layouts":"default","ast-page-background-enabled":"default","ast-page-background-meta":{"desktop":{"background-color":"var(--ast-global-color-5)","background-image":"","background-repeat":"repeat","background-position":"center center","background-size":"auto","background-attachment":"scroll","background-type":"","background-media":"","overlay-type":"","overlay-color":"","overlay-opacity":"","overlay-gradient":""},"tablet":{"background-color":"","background-image":"","background-repeat":"repeat","background-position":"center center","background-size":"auto","background-attachment":"scroll","background-type":"","background-media":"","overlay-type":"","overlay-color":"","overlay-opacity":"","overlay-gradient":""},"mobile":{"background-color":"","background-image":"","background-repeat":"repeat","background-position":"center center","background-size":"auto","background-attachment":"scroll","background-type":"","background-media":"","overlay-type":"","overlay-color":"","overlay-opacity":"","overlay-gradient":""}},"ast-content-background-meta":{"desktop":{"background-color":"var(--ast-global-color-4)","background-image":"","background-repeat":"repeat","background-position":"center center","background-size":"auto","background-attachment":"scroll","background-type":"","background-media":"","overlay-type":"","overlay-color":"","overlay-opacity":"","overlay-gradient":""},"tablet":{"background-color":"var(--ast-global-color-4)","background-image":"","background-repeat":"repeat","background-position":"center center","background-size":"auto","background-attachment":"scroll","background-type":"","background-media":"","overlay-type":"","overlay-color":"","overlay-opacity":"","overlay-gradient":""},"mobile":{"background-color":"var(--ast-global-color-4)","background-image":"","background-repeat":"repeat","background-position":"center center","background-size":"auto","background-attachment":"scroll","background-type":"","background-media":"","overlay-type":"","overlay-color":"","overlay-opacity":"","overlay-gradient":""}},"footnotes":""},"class_list":["post-1666","page","type-page","status-publish","hentry"],"uagb_featured_image_src":{"full":false,"thumbnail":false,"medium":false,"medium_large":false,"large":false,"1536x1536":false,"2048x2048":false},"uagb_author_info":{"display_name":"","author_link":"https:\/\/fsei.univ-chlef.dz\/?author=7"},"uagb_comment_info":0,"uagb_excerpt":"[divider] Arr\u00eat\u00e9 n\u00b0 711 du 03 novembre 2011 fixant les r\u00e8gles d&rsquo;organisation et de gestion p\u00e9dagogiques communes aux \u00e9tudes universitaires [&hellip;]","_links":{"self":[{"href":"https:\/\/fsei.univ-chlef.dz\/index.php?rest_route=\/wp\/v2\/pages\/1666","targetHints":{"allow":["GET"]}}],"collection":[{"href":"https:\/\/fsei.univ-chlef.dz\/index.php?rest_route=\/wp\/v2\/pages"}],"about":[{"href":"https:\/\/fsei.univ-chlef.dz\/index.php?rest_route=\/wp\/v2\/types\/page"}],"author":[{"embeddable":true,"href":"https:\/\/fsei.univ-chlef.dz\/index.php?rest_route=\/wp\/v2\/users\/7"}],"replies":[{"embeddable":true,"href":"https:\/\/fsei.univ-chlef.dz\/index.php?rest_route=%2Fwp%2Fv2%2Fcomments&post=1666"}],"version-history":[{"count":20,"href":"https:\/\/fsei.univ-chlef.dz\/index.php?rest_route=\/wp\/v2\/pages\/1666\/revisions"}],"predecessor-version":[{"id":4720,"href":"https:\/\/fsei.univ-chlef.dz\/index.php?rest_route=\/wp\/v2\/pages\/1666\/revisions\/4720"}],"wp:attachment":[{"href":"https:\/\/fsei.univ-chlef.dz\/index.php?rest_route=%2Fwp%2Fv2%2Fmedia&parent=1666"}],"curies":[{"name":"wp","href":"https:\/\/api.w.org\/{rel}","templated":true}]}}