{"id":2194,"date":"2017-06-21T20:42:57","date_gmt":"2017-06-21T17:42:57","guid":{"rendered":"http:\/\/www.univ-chlef.dz\/FSEI\/?page_id=2194"},"modified":"2019-10-06T12:21:35","modified_gmt":"2019-10-06T09:21:35","slug":"comite-scientifique","status":"publish","type":"page","link":"https:\/\/fsei.univ-chlef.dz\/?page_id=2194","title":{"rendered":"Scientific Committee"},"content":{"rendered":"<p>[divider]<\/p>\n<p><span style=\"font-family: tahoma;\"><span style=\"font-size: 13pt;\"><strong>Composition :<\/strong><\/span><\/span><br \/>\n[table id=28 \/]<br \/>\n<span style=\"font-family: tahoma;\"><span style=\"font-size: 13pt;\"><strong>Missions et t\u00e2ches :<\/strong><\/span><\/span><br \/>\n<span style=\"font-family: tahoma,arial,helvetica,sans-serif; font-size: 10pt;\">Le comit\u00e9 scientifique de d\u00e9partement est charg\u00e9 de :<\/span><\/p>\n<div class=\"checklist\">\n<ul>\n<li><span style=\"font-family: tahoma,arial,helvetica,sans-serif; font-size: 10pt;\">Proposer l&rsquo;organisation et le contenu des <\/span><span style=\"font-family: tahoma,arial,helvetica,sans-serif; font-size: 10pt;\">enseignements,<\/span><\/li>\n<li><span style=\"font-family: tahoma,arial,helvetica,sans-serif; font-size: 10pt;\">Donner son avis sur la r\u00e9partition des charges <\/span><span style=\"font-family: tahoma,arial,helvetica,sans-serif; font-size: 10pt;\">p\u00e9dagogiques,<\/span><\/li>\n<li><span style=\"font-family: tahoma,arial,helvetica,sans-serif; font-size: 10pt;\">Donner son avis sur les bilans des activit\u00e9s <\/span><span style=\"font-family: tahoma,arial,helvetica,sans-serif; font-size: 10pt;\">p\u00e9dagogiques et scientifiques,<\/span><\/li>\n<li><span style=\"font-family: tahoma,arial,helvetica,sans-serif; font-size: 10pt;\">Proposer les programmes de recherche,<\/span><\/li>\n<li><span style=\"font-family: tahoma,arial,helvetica,sans-serif; font-size: 10pt;\">Proposer en mati\u00e8re de post &#8211; graduation, l&rsquo;ouverture, <\/span><span style=\"font-family: tahoma,arial,helvetica,sans-serif; font-size: 10pt;\">la reconduction et \/ ou la fermeture des fili\u00e8res et le <\/span><span style=\"font-family: tahoma,arial,helvetica,sans-serif; font-size: 10pt;\">nombre des postes \u00e0 pourvoir,<\/span><\/li>\n<li><span style=\"font-family: tahoma,arial,helvetica,sans-serif; font-size: 10pt;\">\u00c9mettre un avis sur les sujets de recherche des <\/span><span style=\"font-family: tahoma,arial,helvetica,sans-serif; font-size: 10pt;\">\u00e9tudiants de post-graduation.<\/span><\/li>\n<\/ul>\n<\/div>\n","protected":false},"excerpt":{"rendered":"<p>[divider] Composition : [table id=28 \/] Missions et t\u00e2ches : Le comit\u00e9 scientifique de d\u00e9partement est charg\u00e9 de : Proposer [&hellip;]<\/p>\n","protected":false},"author":7,"featured_media":0,"parent":213,"menu_order":0,"comment_status":"closed","ping_status":"closed","template":"","meta":{"_uag_custom_page_level_css":"","site-sidebar-layout":"default","site-content-layout":"","ast-site-content-layout":"default","site-content-style":"default","site-sidebar-style":"default","ast-global-header-display":"","ast-banner-title-visibility":"","ast-main-header-display":"","ast-hfb-above-header-display":"","ast-hfb-below-header-display":"","ast-hfb-mobile-header-display":"","site-post-title":"","ast-breadcrumbs-content":"","ast-featured-img":"","footer-sml-layout":"","ast-disable-related-posts":"","theme-transparent-header-meta":"","adv-header-id-meta":"","stick-header-meta":"","header-above-stick-meta":"","header-main-stick-meta":"","header-below-stick-meta":"","astra-migrate-meta-layouts":"default","ast-page-background-enabled":"default","ast-page-background-meta":{"desktop":{"background-color":"var(--ast-global-color-5)","background-image":"","background-repeat":"repeat","background-position":"center center","background-size":"auto","background-attachment":"scroll","background-type":"","background-media":"","overlay-type":"","overlay-color":"","overlay-opacity":"","overlay-gradient":""},"tablet":{"background-color":"","background-image":"","background-repeat":"repeat","background-position":"center center","background-size":"auto","background-attachment":"scroll","background-type":"","background-media":"","overlay-type":"","overlay-color":"","overlay-opacity":"","overlay-gradient":""},"mobile":{"background-color":"","background-image":"","background-repeat":"repeat","background-position":"center center","background-size":"auto","background-attachment":"scroll","background-type":"","background-media":"","overlay-type":"","overlay-color":"","overlay-opacity":"","overlay-gradient":""}},"ast-content-background-meta":{"desktop":{"background-color":"var(--ast-global-color-4)","background-image":"","background-repeat":"repeat","background-position":"center center","background-size":"auto","background-attachment":"scroll","background-type":"","background-media":"","overlay-type":"","overlay-color":"","overlay-opacity":"","overlay-gradient":""},"tablet":{"background-color":"var(--ast-global-color-4)","background-image":"","background-repeat":"repeat","background-position":"center center","background-size":"auto","background-attachment":"scroll","background-type":"","background-media":"","overlay-type":"","overlay-color":"","overlay-opacity":"","overlay-gradient":""},"mobile":{"background-color":"var(--ast-global-color-4)","background-image":"","background-repeat":"repeat","background-position":"center center","background-size":"auto","background-attachment":"scroll","background-type":"","background-media":"","overlay-type":"","overlay-color":"","overlay-opacity":"","overlay-gradient":""}},"footnotes":""},"class_list":["post-2194","page","type-page","status-publish","hentry"],"uagb_featured_image_src":{"full":false,"thumbnail":false,"medium":false,"medium_large":false,"large":false,"1536x1536":false,"2048x2048":false},"uagb_author_info":{"display_name":"","author_link":"https:\/\/fsei.univ-chlef.dz\/?author=7"},"uagb_comment_info":0,"uagb_excerpt":"[divider] Composition : [table id=28 \/] Missions et t\u00e2ches : Le comit\u00e9 scientifique de d\u00e9partement est charg\u00e9 de : Proposer [&hellip;]","_links":{"self":[{"href":"https:\/\/fsei.univ-chlef.dz\/index.php?rest_route=\/wp\/v2\/pages\/2194","targetHints":{"allow":["GET"]}}],"collection":[{"href":"https:\/\/fsei.univ-chlef.dz\/index.php?rest_route=\/wp\/v2\/pages"}],"about":[{"href":"https:\/\/fsei.univ-chlef.dz\/index.php?rest_route=\/wp\/v2\/types\/page"}],"author":[{"embeddable":true,"href":"https:\/\/fsei.univ-chlef.dz\/index.php?rest_route=\/wp\/v2\/users\/7"}],"replies":[{"embeddable":true,"href":"https:\/\/fsei.univ-chlef.dz\/index.php?rest_route=%2Fwp%2Fv2%2Fcomments&post=2194"}],"version-history":[{"count":5,"href":"https:\/\/fsei.univ-chlef.dz\/index.php?rest_route=\/wp\/v2\/pages\/2194\/revisions"}],"predecessor-version":[{"id":4682,"href":"https:\/\/fsei.univ-chlef.dz\/index.php?rest_route=\/wp\/v2\/pages\/2194\/revisions\/4682"}],"up":[{"embeddable":true,"href":"https:\/\/fsei.univ-chlef.dz\/index.php?rest_route=\/wp\/v2\/pages\/213"}],"wp:attachment":[{"href":"https:\/\/fsei.univ-chlef.dz\/index.php?rest_route=%2Fwp%2Fv2%2Fmedia&parent=2194"}],"curies":[{"name":"wp","href":"https:\/\/api.w.org\/{rel}","templated":true}]}}