{"id":2518,"date":"2017-06-28T12:31:07","date_gmt":"2017-06-28T09:31:07","guid":{"rendered":"http:\/\/www.univ-chlef.dz\/FSEI\/?page_id=2518"},"modified":"2019-10-06T12:15:06","modified_gmt":"2019-10-06T09:15:06","slug":"reglement-interieur","status":"publish","type":"page","link":"https:\/\/fsei.univ-chlef.dz\/?page_id=2518","title":{"rendered":"internal rules"},"content":{"rendered":"<p>[divider]<\/p>\n<p><span style=\"font-family: tahoma,arial,helvetica,sans-serif; font-size: 10pt;\"><strong>Article 1 : Missions<\/strong><\/span><\/p>\n<p><span style=\"font-family: tahoma,arial,helvetica,sans-serif; font-size: 10pt;\">La Biblioth\u00e8que de la Facult\u00e9 des Sciences Exactes et Informatique de l\u2019Universit\u00e9 Hassiba BENBOUALI de Chlef constitue un service public charg\u00e9 de contribuer \u00e0 :<\/span><\/p>\n<p>[checklist]<\/p>\n<ul>\n<li><span style=\"font-family: tahoma,arial,helvetica,sans-serif; font-size: 10pt;\">Acqu\u00e9rir, g\u00e9rer et communiquer les documents n\u00e9cessaires \u00e0 l&rsquo;enseignement et \u00e0 la recherche,<\/span><\/li>\n<li><span style=\"font-family: tahoma,arial,helvetica,sans-serif; font-size: 10pt;\">Accueillir et informer les usagers,<\/span><\/li>\n<li><span style=\"font-family: tahoma,arial,helvetica,sans-serif; font-size: 10pt;\">Former les usagers \u00e0 l\u2019utilisation des ressources documentaires sous ses diff\u00e9rentes formes.<\/span><\/li>\n<\/ul>\n<p>[\/checklist]<br \/>\n<span style=\"font-family: tahoma,arial,helvetica,sans-serif; font-size: 10pt;\"> <strong>Article 2 : Inscription et acc\u00e8s<\/strong><\/span><\/p>\n<p><span style=\"font-family: tahoma,arial,helvetica,sans-serif; font-size: 10pt;\">L\u2019acc\u00e8s \u00e0 la Biblioth\u00e8que de Facult\u00e9 est ouvert \u00e0 tous les usagers inscrits \u00e0 l\u2019Universit\u00e9 de Hassiba BENBOUALI de Chlef dans la limite des places disponibles.<\/span><\/p>\n<p><span style=\"font-family: tahoma,arial,helvetica,sans-serif; font-size: 10pt;\">L&rsquo;inscription se fait au niveau du si\u00e8ge de la Biblioth\u00e8que.<\/span><\/p>\n<p><span style=\"font-family: tahoma,arial,helvetica,sans-serif; font-size: 10pt;\">Les cartes de biblioth\u00e8que sont strictement personnelles et sont exig\u00e9es pour l\u2019acc\u00e8s \u00e0 la Biblioth\u00e8que et pour toute op\u00e9ration de pr\u00eat, elles sont valables pour l&rsquo;ann\u00e9e universitaire en cours.<\/span><\/p>\n<p><span style=\"font-family: tahoma,arial,helvetica,sans-serif; font-size: 10pt;\">Les usagers qui appartiennent aux autres facult\u00e9s et institut acc\u00e8dent automatiquement \u00e0 la Biblioth\u00e8que de la Facult\u00e9.<\/span><\/p>\n<p><span style=\"font-family: tahoma,arial,helvetica,sans-serif; font-size: 10pt;\">Outre les \u00e9tudiants inscrits \u00e0 l\u2019Universit\u00e9 Hassiba BENBOUALI de Chlef, les cat\u00e9gories suivantes peuvent b\u00e9n\u00e9ficier des services de la biblioth\u00e8que :<\/span><\/p>\n<p>[checklist]<\/p>\n<ul>\n<li><span style=\"font-family: tahoma,arial,helvetica,sans-serif; font-size: 10pt;\">Les membres du personnel de l\u2019Universit\u00e9 Hassiba BENBOUALI de Chlef,<\/span><\/li>\n<li><span style=\"font-family: tahoma,arial,helvetica,sans-serif; font-size: 10pt;\">Les chercheurs des \u00e9tablissements li\u00e9s par une convention avec l\u2019Universit\u00e9 Hassiba BENBOUALI de Chlef,<\/span><\/li>\n<li><span style=\"font-family: tahoma,arial,helvetica,sans-serif; font-size: 10pt;\">Les \u00e9tudiants inscrits dans des formations sous convention entre l\u2019Universit\u00e9 Hassiba BENBOUALI de Chlef et leurs \u00e9tablissements,<\/span><\/li>\n<li><span style=\"font-family: tahoma,arial,helvetica,sans-serif; font-size: 10pt;\">Les stagiaires, dans le cadre de la coop\u00e9ration avec une universit\u00e9 \u00e9trang\u00e8re,<\/span><\/li>\n<li><span style=\"font-family: tahoma,arial,helvetica,sans-serif; font-size: 10pt;\">Les \u00e9tudiants en fin de cycle appartenant \u00e0 d\u2019autres universit\u00e9s sur demande d\u2019acc\u00e8s \u00e9manant de leurs biblioth\u00e8ques ou leurs facult\u00e9s d\u2019origine.<\/span><\/li>\n<\/ul>\n<p>[\/checklist]<br \/>\n<span style=\"font-family: tahoma,arial,helvetica,sans-serif; font-size: 10pt;\"> <strong>Article 3 : Jours et horaires d\u2019ouverture<\/strong><\/span><\/p>\n<p><span style=\"font-family: tahoma,arial,helvetica,sans-serif; font-size: 10pt;\">La biblioth\u00e8que est ouverte de dimanche \u00e0 jeudi comme suit :<\/span><\/p>\n<p>[checklist]<\/p>\n<ul>\n<li><span style=\"font-family: tahoma,arial,helvetica,sans-serif; font-size: 10pt;\"><strong>Matin\u00a0:<\/strong>8h30 \u00e0 12h00.<\/span><\/li>\n<li><span style=\"font-family: tahoma,arial,helvetica,sans-serif; font-size: 10pt;\"><strong>Apr\u00e8s Midi\u00a0:<\/strong>13h00 \u00e0 16h00.<\/span><\/li>\n<\/ul>\n<p>[\/checklist]<\/p>\n<p><span style=\"font-family: tahoma,arial,helvetica,sans-serif; font-size: 10pt;\">L\u2019horaire peut \u00eatre modifi\u00e9 pendant la p\u00e9riode des examens et les vacances universitaires.<\/span><\/p>\n<p><span style=\"font-family: tahoma,arial,helvetica,sans-serif; font-size: 10pt;\"><strong>Article 4 : Le Comportement<\/strong><\/span><\/p>\n<p><span style=\"font-family: tahoma,arial,helvetica,sans-serif; font-size: 10pt;\">Les usagers sont tenus de:<\/span><\/p>\n<p>[checklist]<\/p>\n<ul>\n<li><span style=\"font-family: tahoma,arial,helvetica,sans-serif; font-size: 10pt;\">Respecter le calme \u00e0 l\u2019int\u00e9rieur des locaux de la biblioth\u00e8que et d\u2019y avoir une conduite respectueuse,<\/span><\/li>\n<li><span style=\"font-family: tahoma,arial,helvetica,sans-serif; font-size: 10pt;\">Pr\u00e9server la propret\u00e9 des lieux,<\/span><\/li>\n<li><span style=\"font-family: tahoma,arial,helvetica,sans-serif; font-size: 10pt;\">Ne pas d\u00e9t\u00e9riorer les locaux, les \u00e9quipements, les mobiliers et les documents.<\/span><\/li>\n<\/ul>\n<p>[\/checklist]<\/p>\n<p><span style=\"font-family: tahoma,arial,helvetica,sans-serif; font-size: 10pt;\">Ils doivent s\u2019abstenir de :<\/span><\/p>\n<p>[checklist]<\/p>\n<ul>\n<li><span style=\"font-family: tahoma,arial,helvetica,sans-serif; font-size: 10pt;\">Fumer ou de manger,<\/span><\/li>\n<li><span style=\"font-family: tahoma,arial,helvetica,sans-serif; font-size: 10pt;\">Faire usage d\u2019un appareil sonore ou d\u2019un t\u00e9l\u00e9phone portable,<\/span><\/li>\n<li><span style=\"font-family: tahoma,arial,helvetica,sans-serif; font-size: 10pt;\">Se livrer \u00e0 tout commerce ou publicit\u00e9,<\/span><\/li>\n<li><span style=\"font-family: tahoma,arial,helvetica,sans-serif; font-size: 10pt;\">Occuper plus d\u2019une place assise,<\/span><\/li>\n<li><span style=\"font-family: tahoma,arial,helvetica,sans-serif; font-size: 10pt;\">P\u00e9n\u00e9trer sans autorisation dans les espaces r\u00e9serv\u00e9s au personnel,<\/span><\/li>\n<li><span style=\"font-family: tahoma,arial,helvetica,sans-serif; font-size: 10pt;\">Distribuer des tracts ou d&rsquo;apposer des affiches.<\/span><\/li>\n<\/ul>\n<p>[\/checklist]<\/p>\n<p><span style=\"font-family: tahoma,arial,helvetica,sans-serif; font-size: 10pt;\">Les prises de photos, films, enregistrements, reportages, interviews, enqu\u00eates sont soumis \u00e0 une demande d&rsquo;autorisation.<\/span><br \/>\n<span style=\"font-family: tahoma,arial,helvetica,sans-serif; font-size: 10pt;\"> <strong>Article 5 : Le non respect des r\u00e8gles de comportement<\/strong><\/span><\/p>\n<p><span style=\"font-family: tahoma,arial,helvetica,sans-serif; font-size: 10pt;\">Le non respect des r\u00e8gles de comportement sera sanctionn\u00e9, selon la gravit\u00e9 de la faute constat\u00e9e, par :<\/span><\/p>\n<p>[checklist]<\/p>\n<ul>\n<li><span style=\"font-family: tahoma,arial,helvetica,sans-serif; font-size: 10pt;\">Un avertissement notifi\u00e9 par \u00e9crit,<\/span><\/li>\n<li><span style=\"font-family: tahoma,arial,helvetica,sans-serif; font-size: 10pt;\">Une exclusion de 3 mois en cas de r\u00e9cidive,<\/span><\/li>\n<li><span style=\"font-family: tahoma,arial,helvetica,sans-serif; font-size: 10pt;\">Une exclusion pour toute l\u2019ann\u00e9e universitaire et la transmission du dossier aux services comp\u00e9tents de l\u2019Universit\u00e9.<\/span><\/li>\n<\/ul>\n<p>[\/checklist]<\/p>\n<p><span style=\"font-family: tahoma,arial,helvetica,sans-serif; font-size: 10pt;\"><strong>Article 6 : Acc\u00e8s aux documents<\/strong><\/span><\/p>\n<p><span style=\"font-family: tahoma,arial,helvetica,sans-serif; font-size: 10pt;\">La consultation sur place des documents et des collections de la Biblioth\u00e8que est ouverte prioritairement aux usagers inscrits.<\/span><\/p>\n<p><span style=\"font-family: tahoma,arial,helvetica,sans-serif; font-size: 10pt;\">Le pr\u00eat externe et la recherche documentaire sur support informatis\u00e9 sont subordonn\u00e9s \u00e0 l&rsquo;inscription \u00e0 la Biblioth\u00e8que.<\/span><br \/>\n<span style=\"font-family: tahoma,arial,helvetica,sans-serif; font-size: 10pt;\"> <strong>Article 7: Consultation et communication des documents<\/strong><\/span><\/p>\n<p><span style=\"font-family: tahoma,arial,helvetica,sans-serif; font-size: 10pt;\">Les ouvrages doivent \u00eatre trait\u00e9s avec le plus grand soin .Il est interdit d\u2019y faire des annotations ou des marques, d\u2019en arracher ou d\u2019en ab\u00eemer les pages o\u00f9 d\u2019emporter les documents sans \u00eatre autoris\u00e9.<\/span><\/p>\n<p><span style=\"font-family: tahoma,arial,helvetica,sans-serif; font-size: 10pt;\">Tout usager est responsable de sa carte qui est strictement personnelle et toute op\u00e9ration de pr\u00eat doit s\u2019effectuer sous son nom.<\/span><\/p>\n<p><span style=\"font-family: tahoma,arial,helvetica,sans-serif; font-size: 10pt;\">Le nombre de documents pr\u00eat\u00e9s ainsi que la dur\u00e9e du pr\u00eat sont en fonction du type de documents, de la cat\u00e9gorie d\u2019usager, du renouvellement de pr\u00eat et de la r\u00e9servation des documents. Ces informations sont affich\u00e9es dans les locaux de la biblioth\u00e8que.<\/span><\/p>\n<p><span style=\"font-family: tahoma,arial,helvetica,sans-serif; font-size: 10pt;\">L\u2019usager est responsable de sa carte et des documents emprunt\u00e9s. En cas de perte ou de vol de sa carte, il doit pr\u00e9venir imm\u00e9diatement la biblioth\u00e8que pour lui \u00e9tablir une nouvelle carte duplicata en collaboration avec la biblioth\u00e8que centrale.<\/span><\/p>\n<p><span style=\"font-family: tahoma,arial,helvetica,sans-serif; font-size: 10pt;\">Sont exclus du pr\u00eat :<\/span><\/p>\n<p>[checklist]<\/p>\n<ul>\n<li><span style=\"font-family: tahoma,arial,helvetica,sans-serif; font-size: 10pt;\">Les p\u00e9riodiques, th\u00e8ses et m\u00e9moires (sauf mentions particuli\u00e8res),<\/span><\/li>\n<li><span style=\"font-family: tahoma,arial,helvetica,sans-serif; font-size: 10pt;\">Les ouvrages dits \u00ab usuels \u00bb tels que les dictionnaires, encyclop\u00e9dies, r\u00e9pertoires, ouvrages de r\u00e9f\u00e9rence, \u2026<\/span><\/li>\n<li><span style=\"font-family: tahoma,arial,helvetica,sans-serif; font-size: 10pt;\">Tout document portant la mention \u00ab exclu du pr\u00eat \u00bb.<\/span><\/li>\n<\/ul>\n<p>[\/checklist]<\/p>\n<p><span style=\"font-family: tahoma,arial,helvetica,sans-serif; font-size: 10pt;\">\u00c0 titre exceptionnel, des pr\u00eats sp\u00e9ciaux sont possibles sur demande d\u00fbment motiv\u00e9e et apr\u00e8s accord de la Biblioth\u00e8que.<\/span><\/p>\n<p><span style=\"font-family: tahoma,arial,helvetica,sans-serif; font-size: 10pt;\">Au moment de la r\u00e9inscription \u00e0 la Facult\u00e9, les usagers devront fournir aux services de scolarit\u00e9 un quitus, d\u00e9livr\u00e9 par la Biblioth\u00e8que et la Biblioth\u00e8que Centrale, attestant leur r\u00e9gularisation vis-\u00e0-vis du service de pr\u00eat. Ce quitus est \u00e9galement demand\u00e9 en cas de transfert de dossier \u00e0 une autre universit\u00e9 ou lors de la d\u00e9livrance du dipl\u00f4me.<\/span><\/p>\n<p><span style=\"font-family: tahoma,arial,helvetica,sans-serif; font-size: 10pt;\">Les proc\u00e9dures et les formalit\u00e9s du pr\u00eat (interne et externe) et autres services sont soumises \u00e0 des \u00e9ventuelles modifications jug\u00e9es n\u00e9cessaires par la direction de la Biblioth\u00e8que.<\/span><\/p>\n<p><span style=\"font-family: tahoma,arial,helvetica,sans-serif; font-size: 10pt;\"><strong>Article 8 : Contr\u00f4le et sanctions<\/strong><\/span><\/p>\n<p><span style=\"font-family: tahoma,arial,helvetica,sans-serif; font-size: 10pt;\">Le personnel est charg\u00e9 de l\u2019application du r\u00e8glement. Dans ce cadre, il est habilit\u00e9 \u00e0 demander \u00e0 un usager de lui pr\u00e9senter sa carte.<\/span><\/p>\n<p><span style=\"font-family: tahoma,arial,helvetica,sans-serif; font-size: 10pt;\">En cas de troubles majeurs, il sera fait appel aux services de s\u00e9curit\u00e9 de la Facult\u00e9.<\/span><\/p>\n<p><span style=\"font-family: tahoma,arial,helvetica,sans-serif; font-size: 10pt;\">Tout retard dans la restitution d&rsquo;un document emprunt\u00e9 entra\u00eene une suspension de pr\u00eat \u00e9gale ou sup\u00e9rieure \u00e0 la dur\u00e9e du retard.<\/span><\/p>\n<p><span style=\"font-family: tahoma,arial,helvetica,sans-serif; font-size: 10pt;\">La dur\u00e9e de suspension pourra \u00eatre r\u00e9\u00e9valu\u00e9e par Facult\u00e9 selon la nature du retard et le type des documents emprunt\u00e9s.<\/span><\/p>\n<p><span style=\"font-family: tahoma,arial,helvetica,sans-serif; font-size: 10pt;\">La non restitution d&rsquo;un document entra\u00eene la suspension du pr\u00eat.<\/span><\/p>\n<p><span style=\"font-family: tahoma,arial,helvetica,sans-serif; font-size: 10pt;\">Dans ce cas, le dossier de l\u2019usager sera transmis au Service habilit\u00e9 jusqu&rsquo;\u00e0 restitution du document.<\/span><\/p>\n<p><span style=\"font-family: tahoma,arial,helvetica,sans-serif; font-size: 10pt;\">Tout document perdu ou endommag\u00e9 doit \u00eatre remplac\u00e9 ou rembours\u00e9 par l&rsquo;usager \u00e0 raison de 03 fois le prix public de l\u2019\u00e9diteur.<\/span><\/p>\n<p><span style=\"font-family: tahoma,arial,helvetica,sans-serif; font-size: 10pt;\">La d\u00e9gradation de document sera sanctionn\u00e9 par :<\/span><\/p>\n<p>[checklist]<\/p>\n<ul>\n<li><span style=\"font-family: tahoma,arial,helvetica,sans-serif; font-size: 10pt;\">Un avertissement et 3 mois de suspension de pr\u00eat,<\/span><\/li>\n<li><span style=\"font-family: tahoma,arial,helvetica,sans-serif; font-size: 10pt;\">En cas de r\u00e9cidive, la dur\u00e9e de la suspension sera prolong\u00e9e jusqu&rsquo;\u00e0 la fin de l&rsquo;ann\u00e9e et le dossier de l\u2019usager sera transmis aux services comp\u00e9tents de l&rsquo;Universit\u00e9.<\/span><\/li>\n<\/ul>\n<p>[\/checklist]<\/p>\n<p><span style=\"font-family: tahoma,arial,helvetica,sans-serif; font-size: 10pt;\">Toute tentative de vol de mat\u00e9riel sera sanctionn\u00e9e par :<\/span><\/p>\n<p>[checklist]<\/p>\n<ul>\n<li><span style=\"font-family: tahoma,arial,helvetica,sans-serif; font-size: 10pt;\">Un avertissement et 3 mois de suspension de pr\u00eat,<\/span><\/li>\n<li><span style=\"font-family: tahoma,arial,helvetica,sans-serif; font-size: 10pt;\">En cas de r\u00e9cidive, la dur\u00e9e de la suspension sera prolong\u00e9e jusqu&rsquo;\u00e0 la fin de l&rsquo;ann\u00e9e et le dossier de l\u2019usager sera transmis aux services comp\u00e9tents de l&rsquo;Universit\u00e9.<\/span><\/li>\n<\/ul>\n<p>[\/checklist]<\/p>\n<p><span style=\"font-family: tahoma,arial,helvetica,sans-serif; font-size: 10pt;\"><strong>Article 9 : S\u00e9curit\u00e9<\/strong><\/span><\/p>\n<p><span style=\"font-family: tahoma,arial,helvetica,sans-serif; font-size: 10pt;\">En cas d&rsquo;alerte annonc\u00e9e, les usagers sont tenus d&rsquo;\u00e9vacuer imm\u00e9diatement les locaux et de se conformer aux instructions du personnel et des agents de s\u00e9curit\u00e9 de la biblioth\u00e8que.<\/span><\/p>\n<p><span style=\"font-family: tahoma,arial,helvetica,sans-serif; font-size: 10pt;\"><strong>Article 10 : R\u00e8gles d\u2019usages des ressources et \u00e9quipements informatiques<\/strong><\/span><\/p>\n<p><span style=\"font-family: tahoma,arial,helvetica,sans-serif; font-size: 10pt;\">Les postes informatiques de la Biblioth\u00e8que sont r\u00e9serv\u00e9s \u00e0 la recherche documentaire.<\/span><\/p>\n<p><span style=\"font-family: tahoma,arial,helvetica,sans-serif; font-size: 10pt;\">Les usagers sont tenus de ne pas utiliser leur messagerie et de respecter les r\u00e8gles du bon usage.<\/span><\/p>\n<p><span style=\"font-family: tahoma,arial,helvetica,sans-serif; font-size: 10pt;\">Les ressources informatiques de la Biblioth\u00e8que doivent \u00eatre utilis\u00e9es en conformit\u00e9 avec la l\u00e9gislation en vigueur, le code de la propri\u00e9t\u00e9 intellectuelle, les clauses et les accords de licence des \u00e9diteurs et la charte informatique de l\u2019Universit\u00e9 Hassiba BENBOUALI.<\/span><\/p>\n<p><span style=\"font-family: tahoma,arial,helvetica,sans-serif; font-size: 10pt;\">Il est interdit de modifier la configuration des \u00e9quipements.<\/span><br \/>\n<span style=\"font-family: tahoma,arial,helvetica,sans-serif; font-size: 10pt;\"> Le non-respect de ces r\u00e8gles entra\u00eene l\u2019exclusion imm\u00e9diate des locaux de la Biblioth\u00e8que.<\/span><\/p>\n<p>&nbsp;<\/p>\n","protected":false},"excerpt":{"rendered":"<p>[divider] Article 1 : Missions La Biblioth\u00e8que de la Facult\u00e9 des Sciences Exactes et Informatique de l\u2019Universit\u00e9 Hassiba BENBOUALI de [&hellip;]<\/p>\n","protected":false},"author":7,"featured_media":0,"parent":205,"menu_order":0,"comment_status":"closed","ping_status":"closed","template":"","meta":{"_uag_custom_page_level_css":"","site-sidebar-layout":"default","site-content-layout":"","ast-site-content-layout":"default","site-content-style":"default","site-sidebar-style":"default","ast-global-header-display":"","ast-banner-title-visibility":"","ast-main-header-display":"","ast-hfb-above-header-display":"","ast-hfb-below-header-display":"","ast-hfb-mobile-header-display":"","site-post-title":"","ast-breadcrumbs-content":"","ast-featured-img":"","footer-sml-layout":"","ast-disable-related-posts":"","theme-transparent-header-meta":"","adv-header-id-meta":"","stick-header-meta":"","header-above-stick-meta":"","header-main-stick-meta":"","header-below-stick-meta":"","astra-migrate-meta-layouts":"default","ast-page-background-enabled":"default","ast-page-background-meta":{"desktop":{"background-color":"var(--ast-global-color-5)","background-image":"","background-repeat":"repeat","background-position":"center center","background-size":"auto","background-attachment":"scroll","background-type":"","background-media":"","overlay-type":"","overlay-color":"","overlay-opacity":"","overlay-gradient":""},"tablet":{"background-color":"","background-image":"","background-repeat":"repeat","background-position":"center center","background-size":"auto","background-attachment":"scroll","background-type":"","background-media":"","overlay-type":"","overlay-color":"","overlay-opacity":"","overlay-gradient":""},"mobile":{"background-color":"","background-image":"","background-repeat":"repeat","background-position":"center center","background-size":"auto","background-attachment":"scroll","background-type":"","background-media":"","overlay-type":"","overlay-color":"","overlay-opacity":"","overlay-gradient":""}},"ast-content-background-meta":{"desktop":{"background-color":"var(--ast-global-color-4)","background-image":"","background-repeat":"repeat","background-position":"center center","background-size":"auto","background-attachment":"scroll","background-type":"","background-media":"","overlay-type":"","overlay-color":"","overlay-opacity":"","overlay-gradient":""},"tablet":{"background-color":"var(--ast-global-color-4)","background-image":"","background-repeat":"repeat","background-position":"center center","background-size":"auto","background-attachment":"scroll","background-type":"","background-media":"","overlay-type":"","overlay-color":"","overlay-opacity":"","overlay-gradient":""},"mobile":{"background-color":"var(--ast-global-color-4)","background-image":"","background-repeat":"repeat","background-position":"center center","background-size":"auto","background-attachment":"scroll","background-type":"","background-media":"","overlay-type":"","overlay-color":"","overlay-opacity":"","overlay-gradient":""}},"footnotes":""},"class_list":["post-2518","page","type-page","status-publish","hentry"],"uagb_featured_image_src":{"full":false,"thumbnail":false,"medium":false,"medium_large":false,"large":false,"1536x1536":false,"2048x2048":false},"uagb_author_info":{"display_name":"","author_link":"https:\/\/fsei.univ-chlef.dz\/?author=7"},"uagb_comment_info":0,"uagb_excerpt":"[divider] Article 1 : Missions La Biblioth\u00e8que de la Facult\u00e9 des Sciences Exactes et Informatique de l\u2019Universit\u00e9 Hassiba BENBOUALI de [&hellip;]","_links":{"self":[{"href":"https:\/\/fsei.univ-chlef.dz\/index.php?rest_route=\/wp\/v2\/pages\/2518","targetHints":{"allow":["GET"]}}],"collection":[{"href":"https:\/\/fsei.univ-chlef.dz\/index.php?rest_route=\/wp\/v2\/pages"}],"about":[{"href":"https:\/\/fsei.univ-chlef.dz\/index.php?rest_route=\/wp\/v2\/types\/page"}],"author":[{"embeddable":true,"href":"https:\/\/fsei.univ-chlef.dz\/index.php?rest_route=\/wp\/v2\/users\/7"}],"replies":[{"embeddable":true,"href":"https:\/\/fsei.univ-chlef.dz\/index.php?rest_route=%2Fwp%2Fv2%2Fcomments&post=2518"}],"version-history":[{"count":6,"href":"https:\/\/fsei.univ-chlef.dz\/index.php?rest_route=\/wp\/v2\/pages\/2518\/revisions"}],"predecessor-version":[{"id":4662,"href":"https:\/\/fsei.univ-chlef.dz\/index.php?rest_route=\/wp\/v2\/pages\/2518\/revisions\/4662"}],"up":[{"embeddable":true,"href":"https:\/\/fsei.univ-chlef.dz\/index.php?rest_route=\/wp\/v2\/pages\/205"}],"wp:attachment":[{"href":"https:\/\/fsei.univ-chlef.dz\/index.php?rest_route=%2Fwp%2Fv2%2Fmedia&parent=2518"}],"curies":[{"name":"wp","href":"https:\/\/api.w.org\/{rel}","templated":true}]}}