{"id":281,"date":"2017-01-12T13:43:07","date_gmt":"2017-01-12T10:43:07","guid":{"rendered":"http:\/\/www.univ-chlef.dz\/FSEI\/?page_id=281"},"modified":"2026-03-10T12:19:19","modified_gmt":"2026-03-10T09:19:19","slug":"annonces","status":"publish","type":"page","link":"https:\/\/fsei.univ-chlef.dz\/?page_id=281","title":{"rendered":"Annonces"},"content":{"rendered":"\n<div class=\"wp-block-uagb-container uagb-block-0890696c alignfull uagb-is-root-container\"><div class=\"uagb-container-inner-blocks-wrap\">\n\t\t\t<div class=\"wp-block-uagb-post-grid uagb-post-grid  uagb-post__image-position-top uagb-post__image-enabled uagb-block-e7e78d93     uagb-post__items uagb-post__columns-3 is-grid uagb-post__columns-tablet-2 uagb-post__columns-mobile-1 uagb-post__equal-height\" data-total=\"43\" style=\"\">\n\n\t\t\t\t\t\t\t\t\t\t\t\t<article class=\"uagb-post__inner-wrap\">\t\t\t\t\t\t\t\t<div class='uagb-post__image'>\n\t\t\t\t\t\t\t\t\t<a href=\"https:\/\/fsei.univ-chlef.dz\/?p=9452\" target=\"_self\" rel=\"bookmark noopener noreferrer\" class='uagb-image-ratio-inherit'><img loading=\"lazy\" decoding=\"async\" width=\"1024\" height=\"512\" src=\"https:\/\/fsei.univ-chlef.dz\/wp-content\/uploads\/2025\/11\/bondrol-2025-1024x512.png\" class=\"attachment-large size-large\" alt=\"\" srcset=\"https:\/\/fsei.univ-chlef.dz\/wp-content\/uploads\/2025\/11\/bondrol-2025-1024x512.png 1024w, https:\/\/fsei.univ-chlef.dz\/wp-content\/uploads\/2025\/11\/bondrol-2025-300x150.png 300w, https:\/\/fsei.univ-chlef.dz\/wp-content\/uploads\/2025\/11\/bondrol-2025-768x384.png 768w, https:\/\/fsei.univ-chlef.dz\/wp-content\/uploads\/2025\/11\/bondrol-2025-1536x768.png 1536w, https:\/\/fsei.univ-chlef.dz\/wp-content\/uploads\/2025\/11\/bondrol-2025-2048x1024.png 2048w\" sizes=\"auto, (max-width: 1024px) 100vw, 1024px\" \/>\t\t\t\t\t<\/a>\n\t\t\t\t\t\t\t<\/div>\n\t\t\t\t\t\t<h4 class=\"uagb-post__title uagb-post__text\">\n\t\t\t\t<a href=\"https:\/\/fsei.univ-chlef.dz\/?p=9452\" target=\"_self\" rel=\"bookmark noopener noreferrer\">The Second International Conference of Chemistry Science \u00a0(ICCSM2025)<\/a>\n\t\t\t<\/h4>\n\t\t\t\t\t\t<div class='uagb-post__text uagb-post-grid-byline'>\n\t\t\t\t\t\t\t\t<time datetime=\"2025-11-17T21:51:56+03:00\" class=\"uagb-post__date\">\n\t\t\t\t<span class=\"dashicons-calendar dashicons\"><\/span>\t\t\t\t\t17\/11\/2025\t\t\t\t<\/time>\n\t\t\t\t\t\t\t<span class=\"uagb-post__comment\">\n\t\t\t\t<span class=\"dashicons-admin-comments dashicons\"><\/span>\t\t\t\t\tAucun commentaire\t\t\t\t<\/span>\n\t\t\t\t\t\t<\/div>\n\t\t\t\t\t\t\t<div class='uagb-post__text uagb-post__excerpt'>\n\t\t\t\t\t<p>The Second International Conference of Chemistry Science \u00a0, Materials Design and their applications (ICCSM2025) HYBRID\u00a0&#8230;\t\t\t\t<\/div>\n\t\t\t\t\t\t<div class=\"uagb-post__text uagb-post__cta wp-block-button\">\n\t\t\t\t<a class=\"wp-block-button__link uagb-text-link\" style=\"\" href=\"https:\/\/fsei.univ-chlef.dz\/?p=9452\" target=\"_self\" rel=\"bookmark noopener noreferrer\">Lire la suite<\/a>\n\t\t\t<\/div>\n\t\t\t\n\t\t\t\t\t\t\t\t\t<\/article>\n\t\t\t\t\t\t\t\t\t\t\t\t\t\t\t\t<article class=\"uagb-post__inner-wrap\">\t\t\t\t\t\t\t\t<div class='uagb-post__image'>\n\t\t\t\t\t\t\t\t\t<a href=\"https:\/\/fsei.univ-chlef.dz\/?p=9418\" target=\"_self\" rel=\"bookmark noopener noreferrer\" class='uagb-image-ratio-inherit'><img loading=\"lazy\" decoding=\"async\" width=\"620\" height=\"330\" src=\"https:\/\/fsei.univ-chlef.dz\/wp-content\/uploads\/2025\/10\/561628447_804404138841844_2285767506530613663_n-620x330-1.jpg\" class=\"attachment-large size-large\" alt=\"\" srcset=\"https:\/\/fsei.univ-chlef.dz\/wp-content\/uploads\/2025\/10\/561628447_804404138841844_2285767506530613663_n-620x330-1.jpg 620w, https:\/\/fsei.univ-chlef.dz\/wp-content\/uploads\/2025\/10\/561628447_804404138841844_2285767506530613663_n-620x330-1-300x160.jpg 300w\" sizes=\"auto, (max-width: 620px) 100vw, 620px\" \/>\t\t\t\t\t<\/a>\n\t\t\t\t\t\t\t<\/div>\n\t\t\t\t\t\t<h4 class=\"uagb-post__title uagb-post__text\">\n\t\t\t\t<a href=\"https:\/\/fsei.univ-chlef.dz\/?p=9418\" target=\"_self\" rel=\"bookmark noopener noreferrer\">2\u1d49 \u00e9dition du Prix du Pr\u00e9sident de la R\u00e9publique pour le Chercheur Innovant 2\u1d49 \u00e9dition du Prix du Pr\u00e9sident de la R\u00e9publique r\u00e9compensant les porteurs de projets innovants.<\/a>\n\t\t\t<\/h4>\n\t\t\t\t\t\t<div class='uagb-post__text uagb-post-grid-byline'>\n\t\t\t\t\t\t\t\t<time datetime=\"2025-10-24T11:04:01+03:00\" class=\"uagb-post__date\">\n\t\t\t\t<span class=\"dashicons-calendar dashicons\"><\/span>\t\t\t\t\t24\/10\/2025\t\t\t\t<\/time>\n\t\t\t\t\t\t\t<span class=\"uagb-post__comment\">\n\t\t\t\t<span class=\"dashicons-admin-comments dashicons\"><\/span>\t\t\t\t\tAucun commentaire\t\t\t\t<\/span>\n\t\t\t\t\t\t<\/div>\n\t\t\t\t\t\t\t<div class='uagb-post__text uagb-post__excerpt'>\n\t\t\t\t\t<p>[divider] &nbsp; Le\u00a0Minist\u00e8re de l\u2019Enseignement Sup\u00e9rieur et de la Recherche Scientifique\u00a0annonce l\u2019ouverture des candidatures pour&#8230;\t\t\t\t<\/div>\n\t\t\t\t\t\t<div class=\"uagb-post__text uagb-post__cta wp-block-button\">\n\t\t\t\t<a class=\"wp-block-button__link uagb-text-link\" style=\"\" href=\"https:\/\/fsei.univ-chlef.dz\/?p=9418\" target=\"_self\" rel=\"bookmark noopener noreferrer\">Lire la suite<\/a>\n\t\t\t<\/div>\n\t\t\t\n\t\t\t\t\t\t\t\t\t<\/article>\n\t\t\t\t\t\t\t\t\t\t\t\t\t\t\t\t<article class=\"uagb-post__inner-wrap\">\t\t\t\t\t\t\t\t<div class='uagb-post__image'>\n\t\t\t\t\t\t\t\t\t<a href=\"https:\/\/fsei.univ-chlef.dz\/?p=9410\" target=\"_self\" rel=\"bookmark noopener noreferrer\" class='uagb-image-ratio-inherit'><img loading=\"lazy\" decoding=\"async\" width=\"620\" height=\"330\" src=\"https:\/\/fsei.univ-chlef.dz\/wp-content\/uploads\/2025\/10\/DOCTORAT-INF-QUAN.png\" class=\"attachment-large size-large\" alt=\"\" srcset=\"https:\/\/fsei.univ-chlef.dz\/wp-content\/uploads\/2025\/10\/DOCTORAT-INF-QUAN.png 620w, https:\/\/fsei.univ-chlef.dz\/wp-content\/uploads\/2025\/10\/DOCTORAT-INF-QUAN-300x160.png 300w\" sizes=\"auto, (max-width: 620px) 100vw, 620px\" \/>\t\t\t\t\t<\/a>\n\t\t\t\t\t\t\t<\/div>\n\t\t\t\t\t\t<h4 class=\"uagb-post__title uagb-post__text\">\n\t\t\t\t<a href=\"https:\/\/fsei.univ-chlef.dz\/?p=9410\" target=\"_self\" rel=\"bookmark noopener noreferrer\">Concours D\u2019acc\u00e8s A La Formation De 3\u00e8me Cycle Dans Le Cadre De L\u2019\u00e9cole Doctorale Nationale En \u00ab Informatique Quantique \u00bb Au Titre De L\u2019ann\u00e9e Universitaire 2025\/2026<\/a>\n\t\t\t<\/h4>\n\t\t\t\t\t\t<div class='uagb-post__text uagb-post-grid-byline'>\n\t\t\t\t\t\t\t\t<time datetime=\"2025-10-23T12:37:29+03:00\" class=\"uagb-post__date\">\n\t\t\t\t<span class=\"dashicons-calendar dashicons\"><\/span>\t\t\t\t\t23\/10\/2025\t\t\t\t<\/time>\n\t\t\t\t\t\t\t<span class=\"uagb-post__comment\">\n\t\t\t\t<span class=\"dashicons-admin-comments dashicons\"><\/span>\t\t\t\t\tAucun commentaire\t\t\t\t<\/span>\n\t\t\t\t\t\t<\/div>\n\t\t\t\t\t\t\t<div class='uagb-post__text uagb-post__excerpt'>\n\t\t\t\t\t<p>[divider]<\/p>\n\t\t\t\t<\/div>\n\t\t\t\t\t\t<div class=\"uagb-post__text uagb-post__cta wp-block-button\">\n\t\t\t\t<a class=\"wp-block-button__link uagb-text-link\" style=\"\" href=\"https:\/\/fsei.univ-chlef.dz\/?p=9410\" target=\"_self\" rel=\"bookmark noopener noreferrer\">Lire la suite<\/a>\n\t\t\t<\/div>\n\t\t\t\n\t\t\t\t\t\t\t\t\t<\/article>\n\t\t\t\t\t\t\t\t\t\t\t\t\t\t\t\t<article class=\"uagb-post__inner-wrap\">\t\t\t\t\t\t\t\t<div class='uagb-post__image'>\n\t\t\t\t\t\t\t\t\t<a href=\"https:\/\/fsei.univ-chlef.dz\/?p=9405\" target=\"_self\" rel=\"bookmark noopener noreferrer\" class='uagb-image-ratio-inherit'><img loading=\"lazy\" decoding=\"async\" width=\"724\" height=\"1024\" src=\"https:\/\/fsei.univ-chlef.dz\/wp-content\/uploads\/2025\/10\/FB_IMG_1760535848791-724x1024.jpg\" class=\"attachment-large size-large\" alt=\"\" srcset=\"https:\/\/fsei.univ-chlef.dz\/wp-content\/uploads\/2025\/10\/FB_IMG_1760535848791-724x1024.jpg 724w, https:\/\/fsei.univ-chlef.dz\/wp-content\/uploads\/2025\/10\/FB_IMG_1760535848791-212x300.jpg 212w, https:\/\/fsei.univ-chlef.dz\/wp-content\/uploads\/2025\/10\/FB_IMG_1760535848791-768x1086.jpg 768w, https:\/\/fsei.univ-chlef.dz\/wp-content\/uploads\/2025\/10\/FB_IMG_1760535848791-1086x1536.jpg 1086w, https:\/\/fsei.univ-chlef.dz\/wp-content\/uploads\/2025\/10\/FB_IMG_1760535848791.jpg 1448w\" sizes=\"auto, (max-width: 724px) 100vw, 724px\" \/>\t\t\t\t\t<\/a>\n\t\t\t\t\t\t\t<\/div>\n\t\t\t\t\t\t<h4 class=\"uagb-post__title uagb-post__text\">\n\t\t\t\t<a href=\"https:\/\/fsei.univ-chlef.dz\/?p=9405\" target=\"_self\" rel=\"bookmark noopener noreferrer\">\u0627\u0644\u0637\u0628\u0639\u0629 \u0627\u0644\u062b\u0627\u0646\u064a\u0629 \u0644\u0644\u0645\u0633\u0627\u0628\u0642\u0629 \u0627\u0644\u0648\u0637\u0646\u064a\u0629 \u0627\u0644\u062c\u0627\u0645\u0639\u064a\u0629 \u0644\u0635\u0646\u0627\u0639\u0629 \u0627\u0644\u0645\u062d\u062a\u0648\u0649 \u0627\u0644\u0627\u064a\u062c\u0627\u0628\u064a<\/a>\n\t\t\t<\/h4>\n\t\t\t\t\t\t<div class='uagb-post__text uagb-post-grid-byline'>\n\t\t\t\t\t\t\t\t<time datetime=\"2025-10-16T12:29:38+03:00\" class=\"uagb-post__date\">\n\t\t\t\t<span class=\"dashicons-calendar dashicons\"><\/span>\t\t\t\t\t16\/10\/2025\t\t\t\t<\/time>\n\t\t\t\t\t\t\t<span class=\"uagb-post__comment\">\n\t\t\t\t<span class=\"dashicons-admin-comments dashicons\"><\/span>\t\t\t\t\tAucun commentaire\t\t\t\t<\/span>\n\t\t\t\t\t\t<\/div>\n\t\t\t\t\t\t\t<div class='uagb-post__text uagb-post__excerpt'>\n\t\t\t\t\t<p>[divider] \u062a\u0639\u0644\u0645 \u0627\u0644\u0645\u062f\u064a\u0631\u064a\u0629 \u0627\u0644\u0641\u0631\u0639\u064a\u0629 \u0644\u0644\u0627\u0646\u0634\u0637\u0629 \u0627\u0644\u0639\u0644\u0645\u064a\u0629 \u0627\u0644\u062b\u0642\u0627\u0641\u064a\u0629 \u0648 \u0627\u0644\u0631\u064a\u0627\u0636\u064a\u0629 \u062c\u0645\u064a\u0639 \u0637\u0644\u0628\u0629 \u062c\u0627\u0645\u0639\u0629 \u062d\u0633\u064a\u0628\u0629 \u0628\u0646 \u0628\u0648\u0639\u0644\u064a&#8230;\t\t\t\t<\/div>\n\t\t\t\t\t\t<div class=\"uagb-post__text uagb-post__cta wp-block-button\">\n\t\t\t\t<a class=\"wp-block-button__link uagb-text-link\" style=\"\" href=\"https:\/\/fsei.univ-chlef.dz\/?p=9405\" target=\"_self\" rel=\"bookmark noopener noreferrer\">Lire la suite<\/a>\n\t\t\t<\/div>\n\t\t\t\n\t\t\t\t\t\t\t\t\t<\/article>\n\t\t\t\t\t\t\t\t\t\t\t\t\t\t\t\t<article class=\"uagb-post__inner-wrap\">\t\t\t\t\t\t\t\t<div class='uagb-post__image'>\n\t\t\t\t\t\t\t\t\t<a href=\"https:\/\/fsei.univ-chlef.dz\/?p=9335\" target=\"_self\" rel=\"bookmark noopener noreferrer\" class='uagb-image-ratio-inherit'><img loading=\"lazy\" decoding=\"async\" width=\"267\" height=\"114\" src=\"https:\/\/fsei.univ-chlef.dz\/wp-content\/uploads\/2025\/09\/\u0627\u0639\u0644\u0627\u0646-\u0639\u0646-\u0625\u0645\u062a\u062d\u0627\u0646-\u0645\u0647\u0646\u064a.png\" class=\"attachment-large size-large\" alt=\"\" \/>\t\t\t\t\t<\/a>\n\t\t\t\t\t\t\t<\/div>\n\t\t\t\t\t\t<h4 class=\"uagb-post__title uagb-post__text\">\n\t\t\t\t<a href=\"https:\/\/fsei.univ-chlef.dz\/?p=9335\" target=\"_self\" rel=\"bookmark noopener noreferrer\">\u0627\u0639\u0644\u0627\u0646 \u0639\u0646 \u0627\u0645\u062a\u062d\u0627\u0646 \u0645\u0647\u0646\u064a<\/a>\n\t\t\t<\/h4>\n\t\t\t\t\t\t<div class='uagb-post__text uagb-post-grid-byline'>\n\t\t\t\t\t\t\t\t<time datetime=\"2025-09-15T13:47:16+03:00\" class=\"uagb-post__date\">\n\t\t\t\t<span class=\"dashicons-calendar dashicons\"><\/span>\t\t\t\t\t15\/09\/2025\t\t\t\t<\/time>\n\t\t\t\t\t\t\t<span class=\"uagb-post__comment\">\n\t\t\t\t<span class=\"dashicons-admin-comments dashicons\"><\/span>\t\t\t\t\tAucun commentaire\t\t\t\t<\/span>\n\t\t\t\t\t\t<\/div>\n\t\t\t\t\t\t\t<div class='uagb-post__text uagb-post__excerpt'>\n\t\t\t\t\t<p>[divider] [box type=\u00a0\u00bbdownload\u00a0\u00bb] \u0627\u0639\u0644\u0627\u0646 \u0639\u0646 \u0627\u0645\u062a\u062d\u0627\u0646 \u0645\u0647\u0646\u064a\u00a0[\/box]<\/p>\n\t\t\t\t<\/div>\n\t\t\t\t\t\t<div class=\"uagb-post__text uagb-post__cta wp-block-button\">\n\t\t\t\t<a class=\"wp-block-button__link uagb-text-link\" style=\"\" href=\"https:\/\/fsei.univ-chlef.dz\/?p=9335\" target=\"_self\" rel=\"bookmark noopener noreferrer\">Lire la suite<\/a>\n\t\t\t<\/div>\n\t\t\t\n\t\t\t\t\t\t\t\t\t<\/article>\n\t\t\t\t\t\t\t\t\t\t\t\t\t\t\t\t<article class=\"uagb-post__inner-wrap\">\t\t\t\t\t\t\t\t<h4 class=\"uagb-post__title uagb-post__text\">\n\t\t\t\t<a href=\"https:\/\/fsei.univ-chlef.dz\/?p=9253\" target=\"_self\" rel=\"bookmark noopener noreferrer\">\u0645\u062d\u0636\u0631 \u0625\u062c\u062a\u0645\u0627\u0639 \u0645\u062c\u0644\u0633 \u0627\u0644\u0645\u062f\u064a\u0631\u064a\u0629 \u0628\u062a\u0627\u0631\u064a\u062e 2025\/05\/19<\/a>\n\t\t\t<\/h4>\n\t\t\t\t\t\t<div class='uagb-post__text uagb-post-grid-byline'>\n\t\t\t\t\t\t\t\t<time datetime=\"2025-06-05T13:50:37+03:00\" class=\"uagb-post__date\">\n\t\t\t\t<span class=\"dashicons-calendar dashicons\"><\/span>\t\t\t\t\t05\/06\/2025\t\t\t\t<\/time>\n\t\t\t\t\t\t\t<span class=\"uagb-post__comment\">\n\t\t\t\t<span class=\"dashicons-admin-comments dashicons\"><\/span>\t\t\t\t\tAucun commentaire\t\t\t\t<\/span>\n\t\t\t\t\t\t<\/div>\n\t\t\t\t\t\t\t<div class='uagb-post__text uagb-post__excerpt'>\n\t\t\t\t\t<p>[divider] \u0645\u062d\u0636\u0631 \u0625\u062c\u062a\u0645\u0627\u0639 \u0645\u062c\u0644\u0633 \u0627\u0644\u0645\u062f\u064a\u0631\u064a\u0629 \u0627\u0644\u062e\u0627\u0635 \u0628\u062f\u0631\u0627\u0633\u0629 \u0627\u0644\u0645\u0633\u062a\u0641\u064a\u062f\u064a\u0646\u00a0 \u0645\u0646 \u062a\u0631\u0628\u0635 \u0642\u0635\u064a\u0631 \u0627\u0644\u0645\u062f\u064a \u0628\u0627\u0644\u062e\u0627\u0631\u062c \u00a0 \u0644\u0644\u0639\u0644\u0645&#8230;\t\t\t\t<\/div>\n\t\t\t\t\t\t<div class=\"uagb-post__text uagb-post__cta wp-block-button\">\n\t\t\t\t<a class=\"wp-block-button__link uagb-text-link\" style=\"\" href=\"https:\/\/fsei.univ-chlef.dz\/?p=9253\" target=\"_self\" rel=\"bookmark noopener noreferrer\">Lire la suite<\/a>\n\t\t\t<\/div>\n\t\t\t\n\t\t\t\t\t\t\t\t\t<\/article>\n\t\t\t\t\t\t\t\t\t\t\t<\/div>\n\t\t\t<\/div><\/div>\n","protected":false},"excerpt":{"rendered":"","protected":false},"author":1,"featured_media":0,"parent":0,"menu_order":0,"comment_status":"closed","ping_status":"closed","template":"template-blog.php","meta":{"_uag_custom_page_level_css":"","site-sidebar-layout":"default","site-content-layout":"","ast-site-content-layout":"default","site-content-style":"default","site-sidebar-style":"default","ast-global-header-display":"","ast-banner-title-visibility":"","ast-main-header-display":"","ast-hfb-above-header-display":"","ast-hfb-below-header-display":"","ast-hfb-mobile-header-display":"","site-post-title":"","ast-breadcrumbs-content":"","ast-featured-img":"","footer-sml-layout":"","ast-disable-related-posts":"","theme-transparent-header-meta":"","adv-header-id-meta":"","stick-header-meta":"","header-above-stick-meta":"","header-main-stick-meta":"","header-below-stick-meta":"","astra-migrate-meta-layouts":"default","ast-page-background-enabled":"default","ast-page-background-meta":{"desktop":{"background-color":"var(--ast-global-color-5)","background-image":"","background-repeat":"repeat","background-position":"center center","background-size":"auto","background-attachment":"scroll","background-type":"","background-media":"","overlay-type":"","overlay-color":"","overlay-opacity":"","overlay-gradient":""},"tablet":{"background-color":"","background-image":"","background-repeat":"repeat","background-position":"center center","background-size":"auto","background-attachment":"scroll","background-type":"","background-media":"","overlay-type":"","overlay-color":"","overlay-opacity":"","overlay-gradient":""},"mobile":{"background-color":"","background-image":"","background-repeat":"repeat","background-position":"center center","background-size":"auto","background-attachment":"scroll","background-type":"","background-media":"","overlay-type":"","overlay-color":"","overlay-opacity":"","overlay-gradient":""}},"ast-content-background-meta":{"desktop":{"background-color":"var(--ast-global-color-4)","background-image":"","background-repeat":"repeat","background-position":"center center","background-size":"auto","background-attachment":"scroll","background-type":"","background-media":"","overlay-type":"","overlay-color":"","overlay-opacity":"","overlay-gradient":""},"tablet":{"background-color":"var(--ast-global-color-4)","background-image":"","background-repeat":"repeat","background-position":"center center","background-size":"auto","background-attachment":"scroll","background-type":"","background-media":"","overlay-type":"","overlay-color":"","overlay-opacity":"","overlay-gradient":""},"mobile":{"background-color":"var(--ast-global-color-4)","background-image":"","background-repeat":"repeat","background-position":"center center","background-size":"auto","background-attachment":"scroll","background-type":"","background-media":"","overlay-type":"","overlay-color":"","overlay-opacity":"","overlay-gradient":""}},"footnotes":""},"class_list":["post-281","page","type-page","status-publish","hentry"],"uagb_featured_image_src":{"full":false,"thumbnail":false,"medium":false,"medium_large":false,"large":false,"1536x1536":false,"2048x2048":false},"uagb_author_info":{"display_name":"zouatenia mhamed","author_link":"https:\/\/fsei.univ-chlef.dz\/?author=1"},"uagb_comment_info":0,"uagb_excerpt":null,"_links":{"self":[{"href":"https:\/\/fsei.univ-chlef.dz\/index.php?rest_route=\/wp\/v2\/pages\/281","targetHints":{"allow":["GET"]}}],"collection":[{"href":"https:\/\/fsei.univ-chlef.dz\/index.php?rest_route=\/wp\/v2\/pages"}],"about":[{"href":"https:\/\/fsei.univ-chlef.dz\/index.php?rest_route=\/wp\/v2\/types\/page"}],"author":[{"embeddable":true,"href":"https:\/\/fsei.univ-chlef.dz\/index.php?rest_route=\/wp\/v2\/users\/1"}],"replies":[{"embeddable":true,"href":"https:\/\/fsei.univ-chlef.dz\/index.php?rest_route=%2Fwp%2Fv2%2Fcomments&post=281"}],"version-history":[{"count":6,"href":"https:\/\/fsei.univ-chlef.dz\/index.php?rest_route=\/wp\/v2\/pages\/281\/revisions"}],"predecessor-version":[{"id":9574,"href":"https:\/\/fsei.univ-chlef.dz\/index.php?rest_route=\/wp\/v2\/pages\/281\/revisions\/9574"}],"wp:attachment":[{"href":"https:\/\/fsei.univ-chlef.dz\/index.php?rest_route=%2Fwp%2Fv2%2Fmedia&parent=281"}],"curies":[{"name":"wp","href":"https:\/\/api.w.org\/{rel}","templated":true}]}}