{"id":288,"date":"2017-01-12T13:51:50","date_gmt":"2017-01-12T10:51:50","guid":{"rendered":"http:\/\/www.univ-chlef.dz\/FSEI\/?page_id=288"},"modified":"2019-10-06T12:18:09","modified_gmt":"2019-10-06T09:18:09","slug":"mes-examens","status":"publish","type":"page","link":"https:\/\/fsei.univ-chlef.dz\/?page_id=288","title":{"rendered":"Exams"},"content":{"rendered":"<p>[divider]<\/p>\n<ul>\n<li><a href=\"https:\/\/fsei.univ-chlef.dz\/?p=3600\"><span style=\"font-family: tahoma, arial, helvetica, sans-serif;\">D\u00e9partement de Tronc Commun<\/span><\/a><\/li>\n<li><a href=\"https:\/\/fsei.univ-chlef.dz\/?p=3610\"><span style=\"font-family: tahoma, arial, helvetica, sans-serif;\">D\u00e9partement de Physique<\/span><\/a><\/li>\n<li><a href=\"https:\/\/fsei.univ-chlef.dz\/?p=3618\"><span style=\"font-family: tahoma, arial, helvetica, sans-serif;\">D\u00e9partement de Chimie<\/span><\/a><\/li>\n<li><a href=\"https:\/\/fsei.univ-chlef.dz\/?p=3622\"><span style=\"font-family: tahoma, arial, helvetica, sans-serif;\">D\u00e9partement des Math\u00e9matiques<\/span><\/a><\/li>\n<li><a href=\"https:\/\/fsei.univ-chlef.dz\/?p=3630\"><span style=\"font-family: tahoma, arial, helvetica, sans-serif;\">D\u00e9partement de l&rsquo;Informatique<\/span><\/a><\/li>\n<\/ul>\n","protected":false},"excerpt":{"rendered":"<p>[divider] D\u00e9partement de Tronc Commun D\u00e9partement de Physique D\u00e9partement de Chimie D\u00e9partement des Math\u00e9matiques D\u00e9partement de l&rsquo;Informatique<\/p>\n","protected":false},"author":7,"featured_media":0,"parent":268,"menu_order":0,"comment_status":"closed","ping_status":"closed","template":"","meta":{"_uag_custom_page_level_css":"","site-sidebar-layout":"default","site-content-layout":"","ast-site-content-layout":"default","site-content-style":"default","site-sidebar-style":"default","ast-global-header-display":"","ast-banner-title-visibility":"","ast-main-header-display":"","ast-hfb-above-header-display":"","ast-hfb-below-header-display":"","ast-hfb-mobile-header-display":"","site-post-title":"","ast-breadcrumbs-content":"","ast-featured-img":"","footer-sml-layout":"","ast-disable-related-posts":"","theme-transparent-header-meta":"","adv-header-id-meta":"","stick-header-meta":"","header-above-stick-meta":"","header-main-stick-meta":"","header-below-stick-meta":"","astra-migrate-meta-layouts":"default","ast-page-background-enabled":"default","ast-page-background-meta":{"desktop":{"background-color":"var(--ast-global-color-5)","background-image":"","background-repeat":"repeat","background-position":"center center","background-size":"auto","background-attachment":"scroll","background-type":"","background-media":"","overlay-type":"","overlay-color":"","overlay-opacity":"","overlay-gradient":""},"tablet":{"background-color":"","background-image":"","background-repeat":"repeat","background-position":"center center","background-size":"auto","background-attachment":"scroll","background-type":"","background-media":"","overlay-type":"","overlay-color":"","overlay-opacity":"","overlay-gradient":""},"mobile":{"background-color":"","background-image":"","background-repeat":"repeat","background-position":"center center","background-size":"auto","background-attachment":"scroll","background-type":"","background-media":"","overlay-type":"","overlay-color":"","overlay-opacity":"","overlay-gradient":""}},"ast-content-background-meta":{"desktop":{"background-color":"var(--ast-global-color-4)","background-image":"","background-repeat":"repeat","background-position":"center center","background-size":"auto","background-attachment":"scroll","background-type":"","background-media":"","overlay-type":"","overlay-color":"","overlay-opacity":"","overlay-gradient":""},"tablet":{"background-color":"var(--ast-global-color-4)","background-image":"","background-repeat":"repeat","background-position":"center center","background-size":"auto","background-attachment":"scroll","background-type":"","background-media":"","overlay-type":"","overlay-color":"","overlay-opacity":"","overlay-gradient":""},"mobile":{"background-color":"var(--ast-global-color-4)","background-image":"","background-repeat":"repeat","background-position":"center center","background-size":"auto","background-attachment":"scroll","background-type":"","background-media":"","overlay-type":"","overlay-color":"","overlay-opacity":"","overlay-gradient":""}},"footnotes":""},"class_list":["post-288","page","type-page","status-publish","hentry"],"uagb_featured_image_src":{"full":false,"thumbnail":false,"medium":false,"medium_large":false,"large":false,"1536x1536":false,"2048x2048":false},"uagb_author_info":{"display_name":"","author_link":"https:\/\/fsei.univ-chlef.dz\/?author=7"},"uagb_comment_info":0,"uagb_excerpt":"[divider] D\u00e9partement de Tronc Commun D\u00e9partement de Physique D\u00e9partement de Chimie D\u00e9partement des Math\u00e9matiques D\u00e9partement de l&rsquo;Informatique","_links":{"self":[{"href":"https:\/\/fsei.univ-chlef.dz\/index.php?rest_route=\/wp\/v2\/pages\/288","targetHints":{"allow":["GET"]}}],"collection":[{"href":"https:\/\/fsei.univ-chlef.dz\/index.php?rest_route=\/wp\/v2\/pages"}],"about":[{"href":"https:\/\/fsei.univ-chlef.dz\/index.php?rest_route=\/wp\/v2\/types\/page"}],"author":[{"embeddable":true,"href":"https:\/\/fsei.univ-chlef.dz\/index.php?rest_route=\/wp\/v2\/users\/7"}],"replies":[{"embeddable":true,"href":"https:\/\/fsei.univ-chlef.dz\/index.php?rest_route=%2Fwp%2Fv2%2Fcomments&post=288"}],"version-history":[{"count":3,"href":"https:\/\/fsei.univ-chlef.dz\/index.php?rest_route=\/wp\/v2\/pages\/288\/revisions"}],"predecessor-version":[{"id":4669,"href":"https:\/\/fsei.univ-chlef.dz\/index.php?rest_route=\/wp\/v2\/pages\/288\/revisions\/4669"}],"up":[{"embeddable":true,"href":"https:\/\/fsei.univ-chlef.dz\/index.php?rest_route=\/wp\/v2\/pages\/268"}],"wp:attachment":[{"href":"https:\/\/fsei.univ-chlef.dz\/index.php?rest_route=%2Fwp%2Fv2%2Fmedia&parent=288"}],"curies":[{"name":"wp","href":"https:\/\/api.w.org\/{rel}","templated":true}]}}