{"id":387,"date":"2017-01-30T11:28:37","date_gmt":"2017-01-30T08:28:37","guid":{"rendered":"http:\/\/www.univ-chlef.dz\/FSEI\/?page_id=387"},"modified":"2019-10-06T12:27:47","modified_gmt":"2019-10-06T09:27:47","slug":"reglementation","status":"publish","type":"page","link":"https:\/\/fsei.univ-chlef.dz\/?page_id=387","title":{"rendered":"Regulation"},"content":{"rendered":"<p>[divider]<\/p>\n<div class=\"checklist\">\n<ul>\n<li><span style=\"font-family: tahoma,arial,helvetica,sans-serif; font-size: 10pt;\">D\u00e9cret pr\u00e9sidentiel n\u00b0 15-247 du 16 septembre 2015 portant r\u00e9glementation des march\u00e9s publics et des d\u00e9l\u00e9gations de service public.<\/span><\/li>\n<\/ul>\n<p style=\"padding-left: 30px;\"><span style=\"font-family: tahoma,arial,helvetica,sans-serif; font-size: 10pt;\"><span style=\"font-family: tahoma,arial,helvetica,sans-serif; font-size: 10pt;\"><strong>\u00a0\u00a0\u00a0\u00a0\u00a0\u00a0\u00a0\u00a0\u00a0\u00a0 <\/strong><a href=\"https:\/\/fsei.univ-chlef.dz\/wp-content\/uploads\/2017\/01\/marche_pub_FR.pdf\"><strong>[wp-svg-icons icon=\u00a0\u00bbfile-pdf\u00a0\u00bb wrap=\u00a0\u00bbi\u00a0\u00bb size=\u00a0\u00bb16pt\u00a0\u00bb color=\u00a0\u00bb#FF0000&Prime;]<\/strong><\/a> <strong>Fr \u00a0 \u00a0 \u00a0 \u00a0 \u00a0 \u00a0 \u00a0 \u00a0 \u00a0 \u00a0 \u00a0 \u00a0 \u00a0 \u00a0\u00a0<\/strong><a href=\"https:\/\/fsei.univ-chlef.dz\/wp-content\/uploads\/2017\/01\/marche_pub_AR.pdf\"><strong>[wp-svg-icons icon=\u00a0\u00bbfile-pdf\u00a0\u00bb wrap=\u00a0\u00bbi\u00a0\u00bb size=\u00a0\u00bb16pt\u00a0\u00bb color=\u00a0\u00bb#FF0000&Prime;]<\/strong><\/a> <strong>Ar<\/strong><\/span><\/span><\/p>\n<\/div>\n<p>&nbsp;<\/p>\n<div class=\"checklist\">\n<ul>\n<li><span style=\"font-family: Tahoma; font-size: 13px;\">Arr\u00eat\u00e9 du 19 d\u00e9cembre 2015 fixant les mod\u00e8les de d\u00e9claration de probit\u00e9, de d\u00e9claration de candidature, de d\u00e9claration \u00e0 souscrire, de lettre de soumission et de d\u00e9claration du sous-traitant.<\/span><\/li>\n<\/ul>\n<p style=\"text-align: left; padding-left: 30px;\"><span style=\"font-family: tahoma,arial,helvetica,sans-serif; font-size: 10pt;\"><strong> \u00a0\u00a0\u00a0\u00a0\u00a0\u00a0\u00a0\u00a0\u00a0\u00a0\u00a0 <a href=\"https:\/\/fsei.univ-chlef.dz\/wp-content\/uploads\/2017\/01\/exclusion_FR.pdf\">[wp-svg-icons icon=\u00a0\u00bbfile-pdf\u00a0\u00bb wrap=\u00a0\u00bbi\u00a0\u00bb size=\u00a0\u00bb16pt\u00a0\u00bb color=\u00a0\u00bb#FF0000&Prime;]<\/a> Fr \u00a0 \u00a0 \u00a0 \u00a0 \u00a0 \u00a0 \u00a0 \u00a0 \u00a0 \u00a0 \u00a0 \u00a0 \u00a0 \u00a0\u00a0 <\/strong> <a href=\"https:\/\/fsei.univ-chlef.dz\/wp-content\/uploads\/2017\/01\/exclusion_AR.pdf\"><strong>[wp-svg-icons icon=\u00a0\u00bbfile-pdf\u00a0\u00bb wrap=\u00a0\u00bbi\u00a0\u00bb size=\u00a0\u00bb16pt\u00a0\u00bb color=\u00a0\u00bb#FF0000&Prime;]<\/strong><\/a><strong> Ar<\/strong><\/span><\/p>\n<p style=\"text-align: left;\">\n<\/div>\n<div class=\"checklist\">\n<ul>\n<li><span style=\"font-family: tahoma,arial,helvetica,sans-serif; font-size: 10pt;\">Arr\u00eat\u00e9 du 19 d\u00e9cembre 2015 fixant les modalit\u00e9s d\u2019inscription et de retrait de la liste des op\u00e9rateurs \u00e9conomiques interdits de participer aux march\u00e9s publics.<\/span><\/li>\n<\/ul>\n<p style=\"text-align: left; padding-left: 30px;\"><span style=\"font-family: tahoma,arial,helvetica,sans-serif; font-size: 10pt;\"><strong> \u00a0\u00a0\u00a0\u00a0\u00a0\u00a0\u00a0\u00a0\u00a0\u00a0\u00a0 <a href=\"https:\/\/fsei.univ-chlef.dz\/wp-content\/uploads\/2017\/01\/Modeles_FR.pdf\">[wp-svg-icons icon=\u00a0\u00bbfile-pdf\u00a0\u00bb wrap=\u00a0\u00bbi\u00a0\u00bb size=\u00a0\u00bb16pt\u00a0\u00bb color=\u00a0\u00bb#FF0000&Prime;]<\/a> Fr \u00a0 \u00a0 \u00a0 \u00a0 \u00a0 \u00a0 \u00a0 \u00a0 \u00a0 \u00a0 \u00a0 \u00a0 \u00a0 \u00a0\u00a0 <\/strong> <a href=\"https:\/\/fsei.univ-chlef.dz\/wp-content\/uploads\/2017\/01\/Modeles_AR.pdf\"><strong>[wp-svg-icons icon=\u00a0\u00bbfile-pdf\u00a0\u00bb wrap=\u00a0\u00bbi\u00a0\u00bb size=\u00a0\u00bb16pt\u00a0\u00bb color=\u00a0\u00bb#FF0000&Prime;]<\/strong><\/a><strong> Ar<\/strong><\/span><\/p>\n<\/div>\n","protected":false},"excerpt":{"rendered":"<p>[divider] D\u00e9cret pr\u00e9sidentiel n\u00b0 15-247 du 16 septembre 2015 portant r\u00e9glementation des march\u00e9s publics et des d\u00e9l\u00e9gations de service public. [&hellip;]<\/p>\n","protected":false},"author":7,"featured_media":0,"parent":0,"menu_order":0,"comment_status":"closed","ping_status":"closed","template":"","meta":{"_uag_custom_page_level_css":"","site-sidebar-layout":"default","site-content-layout":"","ast-site-content-layout":"default","site-content-style":"default","site-sidebar-style":"default","ast-global-header-display":"","ast-banner-title-visibility":"","ast-main-header-display":"","ast-hfb-above-header-display":"","ast-hfb-below-header-display":"","ast-hfb-mobile-header-display":"","site-post-title":"","ast-breadcrumbs-content":"","ast-featured-img":"","footer-sml-layout":"","ast-disable-related-posts":"","theme-transparent-header-meta":"","adv-header-id-meta":"","stick-header-meta":"","header-above-stick-meta":"","header-main-stick-meta":"","header-below-stick-meta":"","astra-migrate-meta-layouts":"default","ast-page-background-enabled":"default","ast-page-background-meta":{"desktop":{"background-color":"var(--ast-global-color-5)","background-image":"","background-repeat":"repeat","background-position":"center center","background-size":"auto","background-attachment":"scroll","background-type":"","background-media":"","overlay-type":"","overlay-color":"","overlay-opacity":"","overlay-gradient":""},"tablet":{"background-color":"","background-image":"","background-repeat":"repeat","background-position":"center center","background-size":"auto","background-attachment":"scroll","background-type":"","background-media":"","overlay-type":"","overlay-color":"","overlay-opacity":"","overlay-gradient":""},"mobile":{"background-color":"","background-image":"","background-repeat":"repeat","background-position":"center center","background-size":"auto","background-attachment":"scroll","background-type":"","background-media":"","overlay-type":"","overlay-color":"","overlay-opacity":"","overlay-gradient":""}},"ast-content-background-meta":{"desktop":{"background-color":"var(--ast-global-color-4)","background-image":"","background-repeat":"repeat","background-position":"center center","background-size":"auto","background-attachment":"scroll","background-type":"","background-media":"","overlay-type":"","overlay-color":"","overlay-opacity":"","overlay-gradient":""},"tablet":{"background-color":"var(--ast-global-color-4)","background-image":"","background-repeat":"repeat","background-position":"center center","background-size":"auto","background-attachment":"scroll","background-type":"","background-media":"","overlay-type":"","overlay-color":"","overlay-opacity":"","overlay-gradient":""},"mobile":{"background-color":"var(--ast-global-color-4)","background-image":"","background-repeat":"repeat","background-position":"center center","background-size":"auto","background-attachment":"scroll","background-type":"","background-media":"","overlay-type":"","overlay-color":"","overlay-opacity":"","overlay-gradient":""}},"footnotes":""},"class_list":["post-387","page","type-page","status-publish","hentry"],"uagb_featured_image_src":{"full":false,"thumbnail":false,"medium":false,"medium_large":false,"large":false,"1536x1536":false,"2048x2048":false},"uagb_author_info":{"display_name":"","author_link":"https:\/\/fsei.univ-chlef.dz\/?author=7"},"uagb_comment_info":0,"uagb_excerpt":"[divider] D\u00e9cret pr\u00e9sidentiel n\u00b0 15-247 du 16 septembre 2015 portant r\u00e9glementation des march\u00e9s publics et des d\u00e9l\u00e9gations de service public. [&hellip;]","_links":{"self":[{"href":"https:\/\/fsei.univ-chlef.dz\/index.php?rest_route=\/wp\/v2\/pages\/387","targetHints":{"allow":["GET"]}}],"collection":[{"href":"https:\/\/fsei.univ-chlef.dz\/index.php?rest_route=\/wp\/v2\/pages"}],"about":[{"href":"https:\/\/fsei.univ-chlef.dz\/index.php?rest_route=\/wp\/v2\/types\/page"}],"author":[{"embeddable":true,"href":"https:\/\/fsei.univ-chlef.dz\/index.php?rest_route=\/wp\/v2\/users\/7"}],"replies":[{"embeddable":true,"href":"https:\/\/fsei.univ-chlef.dz\/index.php?rest_route=%2Fwp%2Fv2%2Fcomments&post=387"}],"version-history":[{"count":110,"href":"https:\/\/fsei.univ-chlef.dz\/index.php?rest_route=\/wp\/v2\/pages\/387\/revisions"}],"predecessor-version":[{"id":4699,"href":"https:\/\/fsei.univ-chlef.dz\/index.php?rest_route=\/wp\/v2\/pages\/387\/revisions\/4699"}],"wp:attachment":[{"href":"https:\/\/fsei.univ-chlef.dz\/index.php?rest_route=%2Fwp%2Fv2%2Fmedia&parent=387"}],"curies":[{"name":"wp","href":"https:\/\/api.w.org\/{rel}","templated":true}]}}