{"id":557,"date":"2017-02-05T14:07:35","date_gmt":"2017-02-05T11:07:35","guid":{"rendered":"http:\/\/www.univ-chlef.dz\/FSEI\/?page_id=557"},"modified":"2026-03-15T15:40:45","modified_gmt":"2026-03-15T12:40:45","slug":"licence","status":"publish","type":"page","link":"https:\/\/fsei.univ-chlef.dz\/?page_id=557","title":{"rendered":"Licence"},"content":{"rendered":"<p><strong><span style=\"font-family: tahoma,arial,helvetica,sans-serif;\"><a href=\"https:\/\/fsei.univ-chlef.dz\/wp-content\/uploads\/2026\/03\/SM_Canvas.pdf\">Socle commun Sciences de la Mati\u00e8re (SM)<\/a>\u00a0 \u00a0 \u00a0 \u00a0\u00a0<\/span><\/strong><\/p>\n<p><a href=\"https:\/\/fsei.univ-chlef.dz\/wp-content\/uploads\/2026\/03\/canvas-L1Math.pdf\"><strong><span style=\"font-family: tahoma,arial,helvetica,sans-serif;\">Socle commun <\/span>Premi\u00e8re ann\u00e9e Math<\/strong><\/a><\/p>\n<p><a href=\"https:\/\/fsei.univ-chlef.dz\/wp-content\/uploads\/2026\/03\/Canvas-L1Info.pdf\"><strong><span style=\"font-family: tahoma,arial,helvetica,sans-serif;\">Socle commun <\/span>Premi\u00e8re ann\u00e9e Informatique<\/strong><\/a><\/p>\n<table class=\"mceItemTable\" style=\"border: 0px solid #bebbbb; text-align: center; width: 740px; height: 479px;\">\n<tbody>\n<tr style=\"height: 41px;\">\n<td style=\"background-color: #87ceeb; border: 1px solid #dfd7d7; text-align: center; vertical-align: middle; width: 105px; height: 41px;\"><span style=\"font-family: tahoma,arial,helvetica,sans-serif; font-size: 11pt;\"><strong>Domaine<br \/>\n<\/strong><\/span><\/td>\n<td style=\"background-color: #87ceeb; border: 1px solid #dfd7d7; text-align: center; vertical-align: middle; width: 112px; height: 41px;\"><span style=\"font-size: 11pt; font-family: tahoma,arial,helvetica,sans-serif;\"><strong>Fili\u00e8re<\/strong><\/span><\/td>\n<td style=\"background-color: #87ceeb; border: 1px solid #dfd7d7; text-align: center; vertical-align: middle; width: 142px; height: 41px;\"><span style=\"font-size: 11pt; font-family: tahoma,arial,helvetica,sans-serif;\"><strong>Sp\u00e9cialit\u00e9<\/strong><\/span><\/td>\n<td style=\"background-color: #87ceeb; border: 1px solid #dfd7d7; text-align: center; vertical-align: middle; width: 82px; height: 41px;\"><span style=\"font-size: 11pt; font-family: tahoma,arial,helvetica,sans-serif;\"><strong>Type<\/strong><\/span><\/td>\n<td style=\"background-color: #87ceeb; border: 1px solid #dfd7d7; text-align: center; vertical-align: middle; width: 48.05px; height: 41px;\"><span style=\"font-size: 11pt; font-family: tahoma,arial,helvetica,sans-serif;\"><strong>Programme<\/strong><\/span><\/td>\n<\/tr>\n<tr style=\"height: 36px;\">\n<td style=\"border: 1px solid #dfd7d7; background-color: #ffffff; text-align: center; vertical-align: middle; width: 105px; height: 67px;\" rowspan=\"2\"><span style=\"font-size: 10pt; font-family: tahoma,arial,helvetica,sans-serif;\">Math\u00e9matiques<br \/>\net Informatique<\/span><\/td>\n<td style=\"border: 1px solid #dfd7d7; background-color: #ffffff; text-align: center; vertical-align: middle; width: 112px; height: 36px;\"><span style=\"font-size: 10pt; font-family: tahoma,arial,helvetica,sans-serif;\">Math\u00e9matiques<\/span><\/td>\n<td style=\"border: 1px solid #dfd7d7; background-color: #ffffff; text-align: center; vertical-align: middle; width: 142px; height: 36px;\"><span style=\"font-family: tahoma,arial,helvetica,sans-serif; font-size: 10pt;\">Math\u00e9matiques<\/span><\/td>\n<td style=\"border: 1px solid #dfd7d7; background-color: #ffffff; text-align: center; vertical-align: middle; width: 82px; height: 36px;\"><span style=\"font-size: 10pt; font-family: tahoma,arial,helvetica,sans-serif;\">Acad\u00e9mique<\/span><\/td>\n<td style=\"border: 1px solid #dfd7d7; background-color: #ffffff; text-align: center; vertical-align: middle; width: 48.05px; height: 36px;\"><span style=\"font-size: 10pt;\"><a href=\"https:\/\/fsei.univ-chlef.dz\/wp-content\/uploads\/2026\/03\/canvas_Licence_Math.pdf\"><span style=\"font-family: tahoma,arial,helvetica,sans-serif;\">\u00ab\u00a0file-pdf\u00a0\u00bb<\/span><\/a><\/span><\/td>\n<\/tr>\n<tr style=\"height: 31px;\">\n<td style=\"border: 1px solid #dfd7d7; background-color: #ffffff; text-align: center; vertical-align: middle; width: 112px; height: 31px;\"><span style=\"font-size: 10pt; font-family: tahoma,arial,helvetica,sans-serif;\">Informatique<\/span><\/td>\n<td style=\"border: 1px solid #dfd7d7; background-color: #ffffff; text-align: center; vertical-align: middle; width: 142px; height: 31px;\"><span style=\"font-size: 10pt; font-family: tahoma,arial,helvetica,sans-serif;\">Syst\u00e8mes informatiques<\/span><\/td>\n<td style=\"border: 1px solid #dfd7d7; background-color: #ffffff; text-align: center; vertical-align: middle; width: 82px; height: 31px;\"><span style=\"font-size: 10pt; line-height: normal; font-family: tahoma,arial,helvetica,sans-serif;\">Acad\u00e9mique<\/span><\/td>\n<td style=\"border: 1px solid #dfd7d7; background-color: #ffffff; text-align: center; vertical-align: middle; width: 48.05px; height: 31px;\"><span style=\"font-size: 10pt;\"><a href=\"https:\/\/fsei.univ-chlef.dz\/wp-content\/uploads\/2026\/03\/canvas_Licience_SIQ.pdf\"><span style=\"font-family: tahoma,arial,helvetica,sans-serif;\">\u00ab\u00a0file-pdf\u00a0\u00bb<\/span><\/a><\/span><\/td>\n<\/tr>\n<tr style=\"height: 36px;\">\n<td style=\"border: 1px solid #dfd7d7; background-color: #ffffff; text-align: center; vertical-align: middle; width: 105px; height: 156px;\" rowspan=\"4\"><span style=\"font-size: 10pt; font-family: tahoma,arial,helvetica,sans-serif;\">Sciences de la Mati\u00e8re <\/span><\/td>\n<td style=\"border: 1px solid #dfd7d7; background-color: #ffffff; text-align: center; vertical-align: middle; width: 112px; height: 72px;\" rowspan=\"2\"><span style=\"font-size: 10pt; font-family: tahoma,arial,helvetica,sans-serif;\">Physique<br \/>\n<\/span><\/td>\n<td style=\"border: 1px solid #dfd7d7; background-color: #ffffff; text-align: center; vertical-align: middle; width: 142px; height: 36px;\"><span style=\"font-family: tahoma,arial,helvetica,sans-serif; font-size: 10pt;\">\u00a0Physique des mat\u00e9riaux<\/span><\/td>\n<td style=\"border: 1px solid #dfd7d7; background-color: #ffffff; text-align: center; vertical-align: middle; width: 82px; height: 36px;\"><span style=\"font-family: tahoma,arial,helvetica,sans-serif; font-size: 10pt;\">Acad\u00e9mique<\/span><\/td>\n<td style=\"border: 1px solid #dfd7d7; background-color: #ffffff; text-align: center; vertical-align: middle; width: 48.05px; height: 36px;\"><span style=\"font-size: 10pt;\"><a href=\"https:\/\/fsei.univ-chlef.dz\/wp-content\/uploads\/2026\/03\/canvas_licence-physique-theorique.pdf\"><span style=\"font-family: tahoma,arial,helvetica,sans-serif;\">\u00a0\u00ab\u00a0file-pdf\u00a0\u00bb<\/span><\/a><\/span><\/td>\n<\/tr>\n<tr style=\"height: 36px;\">\n<td style=\"border: 1px solid #dfd7d7; background-color: #ffffff; text-align: center; vertical-align: middle; width: 142px; height: 36px;\"><span style=\"font-family: tahoma,arial,helvetica,sans-serif; font-size: 10pt;\">\u00a0Physique fondamentale<\/span><\/td>\n<td style=\"border: 1px solid #dfd7d7; background-color: #ffffff; text-align: center; vertical-align: middle; width: 82px; height: 36px;\"><span style=\"font-family: tahoma,arial,helvetica,sans-serif; font-size: 10pt;\">Acad\u00e9mique<\/span><\/td>\n<td style=\"border: 1px solid #dfd7d7; background-color: #ffffff; text-align: center; vertical-align: middle; width: 48.05px; height: 36px;\"><span style=\"font-size: 10pt;\"><a href=\"https:\/\/fsei.univ-chlef.dz\/wp-content\/uploads\/2026\/03\/canvas_Licence_physique_Fondamentale.pdf\"><span style=\"font-family: tahoma,arial,helvetica,sans-serif;\">\u00ab\u00a0file-pdf\u00a0\u00bb<\/span><\/a><\/span><\/td>\n<\/tr>\n<tr style=\"height: 42px;\">\n<td style=\"border: 1px solid #dfd7d7; background-color: #ffffff; text-align: center; vertical-align: middle; width: 112px; height: 84px;\" rowspan=\"2\"><span style=\"font-size: 10pt; font-family: tahoma,arial,helvetica,sans-serif;\">Chimie<br \/>\n<\/span><\/td>\n<td style=\"border: 1px solid #dfd7d7; background-color: #ffffff; text-align: center; vertical-align: middle; width: 142px; height: 42px;\"><span style=\"font-family: tahoma,arial,helvetica,sans-serif; font-size: 10pt;\">Chimie fondamentale\u00a0<\/span><\/td>\n<td style=\"border: 1px solid #dfd7d7; background-color: #ffffff; text-align: center; vertical-align: middle; width: 82px; height: 42px;\"><span style=\"font-size: 10pt; line-height: normal; font-family: tahoma,arial,helvetica,sans-serif;\">Acad\u00e9mique<\/span><\/td>\n<td style=\"border: 1px solid #dfd7d7; background-color: #ffffff; text-align: center; vertical-align: middle; width: 48.05px; height: 42px;\"><span style=\"font-size: 10pt;\"><a href=\"https:\/\/fsei.univ-chlef.dz\/wp-content\/uploads\/2026\/03\/canvas_Licence_chimie_Fondamentale.pdf\"><span style=\"font-family: tahoma,arial,helvetica,sans-serif;\">\u00ab\u00a0file-pdf\u00a0\u00bb<\/span><\/a><\/span><\/td>\n<\/tr>\n<tr style=\"height: 42px;\">\n<td style=\"border: 1px solid #dfd7d7; background-color: #ffffff; text-align: center; vertical-align: middle; width: 142px; height: 42px;\"><span style=\"font-family: tahoma,arial,helvetica,sans-serif; font-size: 10pt;\">Chimie physique\u00a0<\/span><\/td>\n<td style=\"border: 1px solid #dfd7d7; background-color: #ffffff; text-align: center; vertical-align: middle; width: 82px; height: 42px;\"><span style=\"font-size: 10pt; line-height: normal; font-family: tahoma,arial,helvetica,sans-serif;\">Acad\u00e9mique<\/span><\/td>\n<td style=\"border: 1px solid #dfd7d7; background-color: #ffffff; text-align: center; vertical-align: middle; width: 48.05px; height: 42px;\"><span style=\"font-size: 10pt;\"><a href=\"https:\/\/fsei.univ-chlef.dz\/wp-content\/uploads\/2026\/03\/canvas_Licence_chimie_Physique.pdf\"><span style=\"font-family: tahoma,arial,helvetica,sans-serif;\">\u00ab\u00a0file-pdf\u00a0\u00bb<\/span><\/a><\/span><\/td>\n<\/tr>\n<\/tbody>\n<\/table>\n","protected":false},"excerpt":{"rendered":"<p>Socle commun Sciences de la Mati\u00e8re (SM)\u00a0 \u00a0 \u00a0 \u00a0\u00a0 Socle commun Premi\u00e8re ann\u00e9e Math Socle commun Premi\u00e8re ann\u00e9e Informatique [&hellip;]<\/p>\n","protected":false},"author":7,"featured_media":0,"parent":0,"menu_order":0,"comment_status":"closed","ping_status":"closed","template":"","meta":{"_uag_custom_page_level_css":"","site-sidebar-layout":"default","site-content-layout":"","ast-site-content-layout":"default","site-content-style":"default","site-sidebar-style":"default","ast-global-header-display":"","ast-banner-title-visibility":"","ast-main-header-display":"","ast-hfb-above-header-display":"","ast-hfb-below-header-display":"","ast-hfb-mobile-header-display":"","site-post-title":"","ast-breadcrumbs-content":"","ast-featured-img":"","footer-sml-layout":"","ast-disable-related-posts":"","theme-transparent-header-meta":"","adv-header-id-meta":"","stick-header-meta":"","header-above-stick-meta":"","header-main-stick-meta":"","header-below-stick-meta":"","astra-migrate-meta-layouts":"default","ast-page-background-enabled":"default","ast-page-background-meta":{"desktop":{"background-color":"var(--ast-global-color-5)","background-image":"","background-repeat":"repeat","background-position":"center center","background-size":"auto","background-attachment":"scroll","background-type":"","background-media":"","overlay-type":"","overlay-color":"","overlay-opacity":"","overlay-gradient":""},"tablet":{"background-color":"","background-image":"","background-repeat":"repeat","background-position":"center center","background-size":"auto","background-attachment":"scroll","background-type":"","background-media":"","overlay-type":"","overlay-color":"","overlay-opacity":"","overlay-gradient":""},"mobile":{"background-color":"","background-image":"","background-repeat":"repeat","background-position":"center center","background-size":"auto","background-attachment":"scroll","background-type":"","background-media":"","overlay-type":"","overlay-color":"","overlay-opacity":"","overlay-gradient":""}},"ast-content-background-meta":{"desktop":{"background-color":"var(--ast-global-color-4)","background-image":"","background-repeat":"repeat","background-position":"center center","background-size":"auto","background-attachment":"scroll","background-type":"","background-media":"","overlay-type":"","overlay-color":"","overlay-opacity":"","overlay-gradient":""},"tablet":{"background-color":"var(--ast-global-color-4)","background-image":"","background-repeat":"repeat","background-position":"center center","background-size":"auto","background-attachment":"scroll","background-type":"","background-media":"","overlay-type":"","overlay-color":"","overlay-opacity":"","overlay-gradient":""},"mobile":{"background-color":"var(--ast-global-color-4)","background-image":"","background-repeat":"repeat","background-position":"center center","background-size":"auto","background-attachment":"scroll","background-type":"","background-media":"","overlay-type":"","overlay-color":"","overlay-opacity":"","overlay-gradient":""}},"footnotes":""},"class_list":["post-557","page","type-page","status-publish","hentry"],"uagb_featured_image_src":{"full":false,"thumbnail":false,"medium":false,"medium_large":false,"large":false,"1536x1536":false,"2048x2048":false},"uagb_author_info":{"display_name":"","author_link":"https:\/\/fsei.univ-chlef.dz\/?author=7"},"uagb_comment_info":0,"uagb_excerpt":"Socle commun Sciences de la Mati\u00e8re (SM)\u00a0 \u00a0 \u00a0 \u00a0\u00a0 Socle commun Premi\u00e8re ann\u00e9e Math Socle commun Premi\u00e8re ann\u00e9e Informatique [&hellip;]","_links":{"self":[{"href":"https:\/\/fsei.univ-chlef.dz\/index.php?rest_route=\/wp\/v2\/pages\/557","targetHints":{"allow":["GET"]}}],"collection":[{"href":"https:\/\/fsei.univ-chlef.dz\/index.php?rest_route=\/wp\/v2\/pages"}],"about":[{"href":"https:\/\/fsei.univ-chlef.dz\/index.php?rest_route=\/wp\/v2\/types\/page"}],"author":[{"embeddable":true,"href":"https:\/\/fsei.univ-chlef.dz\/index.php?rest_route=\/wp\/v2\/users\/7"}],"replies":[{"embeddable":true,"href":"https:\/\/fsei.univ-chlef.dz\/index.php?rest_route=%2Fwp%2Fv2%2Fcomments&post=557"}],"version-history":[{"count":68,"href":"https:\/\/fsei.univ-chlef.dz\/index.php?rest_route=\/wp\/v2\/pages\/557\/revisions"}],"predecessor-version":[{"id":9655,"href":"https:\/\/fsei.univ-chlef.dz\/index.php?rest_route=\/wp\/v2\/pages\/557\/revisions\/9655"}],"wp:attachment":[{"href":"https:\/\/fsei.univ-chlef.dz\/index.php?rest_route=%2Fwp%2Fv2%2Fmedia&parent=557"}],"curies":[{"name":"wp","href":"https:\/\/api.w.org\/{rel}","templated":true}]}}