{"id":559,"date":"2017-02-05T14:08:58","date_gmt":"2017-02-05T11:08:58","guid":{"rendered":"http:\/\/www.univ-chlef.dz\/FSEI\/?page_id=559"},"modified":"2023-04-30T13:36:03","modified_gmt":"2023-04-30T10:36:03","slug":"master","status":"publish","type":"page","link":"https:\/\/fsei.univ-chlef.dz\/?page_id=559","title":{"rendered":"Master"},"content":{"rendered":"<div class=\"divider\"><\/div>\n<table class=\"mceItemTable\" style=\"border: 0px solid #bebbbb; text-align: center; width: 728.083px; height: 233px;\">\n<tbody>\n<tr style=\"height: 42px;\">\n<td style=\"background-color: #87ceeb; border: 1px solid #dfd7d7; text-align: center; vertical-align: middle; width: 144px; height: 42px;\"><span style=\"font-family: tahoma,arial,helvetica,sans-serif; font-size: 11pt;\"><strong>Domaine<br \/>\n<\/strong><\/span><\/td>\n<td style=\"background-color: #87ceeb; border: 1px solid #dfd7d7; text-align: center; vertical-align: middle; width: 152px; height: 42px;\"><span style=\"font-size: 11pt; font-family: tahoma,arial,helvetica,sans-serif;\"><strong>Fili\u00e8re<\/strong><\/span><\/td>\n<td style=\"background-color: #87ceeb; border: 1px solid #dfd7d7; text-align: center; vertical-align: middle; width: 193px; height: 42px;\"><span style=\"font-size: 11pt; font-family: tahoma,arial,helvetica,sans-serif;\"><strong>Sp\u00e9cialit\u00e9<\/strong><\/span><\/td>\n<td style=\"background-color: #87ceeb; border: 1px solid #dfd7d7; text-align: center; vertical-align: middle; width: 125px; height: 42px;\"><span style=\"font-size: 11pt; font-family: tahoma,arial,helvetica,sans-serif;\"><strong>Type<\/strong><\/span><\/td>\n<td style=\"background-color: #87ceeb; border: 1px solid #dfd7d7; text-align: center; vertical-align: middle; width: 92.0833px; height: 42px;\"><span style=\"font-size: 11pt; font-family: tahoma,arial,helvetica,sans-serif;\"><strong>Programme<\/strong><\/span><\/td>\n<\/tr>\n<tr style=\"height: 36px;\">\n<td style=\"border: 1px solid #dfd7d7; background-color: #ffffff; text-align: center; vertical-align: middle; width: 144px; height: 192px;\" rowspan=\"7\"><span style=\"font-size: 10pt; font-family: tahoma,arial,helvetica,sans-serif;\">Math\u00e9matiques<br \/>\net Informatique<\/span><\/td>\n<td style=\"border: 1px solid #dfd7d7; background-color: #ffffff; text-align: center; vertical-align: middle; width: 152px; height: 108px;\" rowspan=\"4\"><span style=\"font-size: 10pt; font-family: tahoma,arial,helvetica,sans-serif;\">Math\u00e9matiques<\/span><\/td>\n<td style=\"border: 1px solid #dfd7d7; background-color: #ffffff; text-align: center; vertical-align: middle; width: 193px; height: 36px;\"><span style=\"font-family: tahoma,arial,helvetica,sans-serif; font-size: 10pt;\">Math\u00e9matiques appliqu\u00e9es et statistique<\/span><\/td>\n<td style=\"border: 1px solid #dfd7d7; background-color: #ffffff; text-align: center; vertical-align: middle; width: 125px; height: 36px;\"><span style=\"font-size: 10pt; font-family: tahoma,arial,helvetica,sans-serif;\">Acad\u00e9mique<\/span><\/td>\n<td style=\"border: 1px solid #dfd7d7; background-color: #ffffff; text-align: center; vertical-align: middle; width: 92.0833px; height: 36px;\"><span style=\"font-size: 10pt;\"><a href=\"https:\/\/fsei.univ-chlef.dz\/wp-content\/uploads\/2017\/07\/M-Maths-aplique-et-stat.pdf\"><span style=\"font-family: tahoma,arial,helvetica,sans-serif;\">[wp-svg-icons icon=\u00a0\u00bbfile-pdf\u00a0\u00bb wrap=\u00a0\u00bbi\u00a0\u00bb size=\u00a0\u00bb16pt\u00a0\u00bb color=\u00a0\u00bb#FF0000&Prime;] <\/span><\/a><\/span><\/td>\n<\/tr>\n<tr style=\"height: 36px;\">\n<td style=\"border: 1px solid #dfd7d7; background-color: #ffffff; text-align: center; vertical-align: middle; width: 193px; height: 36px;\"><span style=\"font-family: tahoma,arial,helvetica,sans-serif; font-size: 10pt;\">Analyse des \u00e9quations aux d\u00e9riv\u00e9es partielles<\/span><\/td>\n<td style=\"border: 1px solid #dfd7d7; background-color: #ffffff; text-align: center; vertical-align: middle; width: 125px; height: 36px;\"><span style=\"font-size: 10pt; font-family: tahoma,arial,helvetica,sans-serif;\">Acad\u00e9mique<\/span><\/td>\n<td style=\"border: 1px solid #dfd7d7; background-color: #ffffff; text-align: center; vertical-align: middle; width: 92.0833px; height: 36px;\"><span style=\"font-size: 10pt;\"><a href=\"https:\/\/fsei.univ-chlef.dz\/wp-content\/uploads\/2017\/06\/M-Equation-aux-derivees-Partielles.pdf\"><span style=\"font-family: tahoma,arial,helvetica,sans-serif;\">[wp-svg-icons icon=\u00a0\u00bbfile-pdf\u00a0\u00bb wrap=\u00a0\u00bbi\u00a0\u00bb size=\u00a0\u00bb16pt\u00a0\u00bb color=\u00a0\u00bb#FF0000&Prime;] <\/span><\/a><\/span><\/td>\n<\/tr>\n<tr style=\"height: 36px;\">\n<td style=\"border: 1px solid #dfd7d7; background-color: #ffffff; text-align: center; vertical-align: middle; width: 193px; height: 36px;\"><span style=\"font-family: tahoma,arial,helvetica,sans-serif; font-size: 10pt;\">Mod\u00e9lisation et calcul scientifique<\/span><\/td>\n<td style=\"border: 1px solid #dfd7d7; background-color: #ffffff; text-align: center; vertical-align: middle; width: 125px; height: 36px;\"><span style=\"font-size: 10pt; font-family: tahoma,arial,helvetica,sans-serif;\">Acad\u00e9mique<\/span><\/td>\n<td style=\"border: 1px solid #dfd7d7; background-color: #ffffff; text-align: center; vertical-align: middle; width: 92.0833px; height: 36px;\"><span style=\"font-size: 10pt;\"><a href=\"https:\/\/fsei.univ-chlef.dz\/wp-content\/uploads\/2017\/02\/M-Modelisation-et-calcul-scientifique.pdf\"><span style=\"font-family: tahoma,arial,helvetica,sans-serif;\">[wp-svg-icons icon=\u00a0\u00bbfile-pdf\u00a0\u00bb wrap=\u00a0\u00bbi\u00a0\u00bb size=\u00a0\u00bb16pt\u00a0\u00bb color=\u00a0\u00bb#FF0000&Prime;] <\/span><\/a><\/span><\/td>\n<\/tr>\n<tr style=\"height: 36px;\">\n<td style=\"border: 1px solid #dfd7d7; background-color: #ffffff; text-align: center; vertical-align: middle; width: 193px; height: 36px;\"><span style=\"font-family: tahoma,arial,helvetica,sans-serif; font-size: 10pt;\">Biomath\u00e9matique<\/span><\/td>\n<td style=\"border: 1px solid #dfd7d7; background-color: #ffffff; text-align: center; vertical-align: middle; width: 125px; height: 36px;\"><span style=\"font-size: 10pt; font-family: tahoma,arial,helvetica,sans-serif;\">Acad\u00e9mique<\/span><\/td>\n<td style=\"border: 1px solid #dfd7d7; background-color: #ffffff; text-align: center; vertical-align: middle; width: 92.0833px; height: 36px;\"><span style=\"font-size: 10pt;\"><a href=\"https:\/\/www.univ-chlef.dz\/FSEI\/wp-content\/uploads\/2023\/04\/Master_biomath-1.pdf\"><span style=\"font-family: tahoma,arial,helvetica,sans-serif;\">[wp-svg-icons icon=\u00a0\u00bbfile-pdf\u00a0\u00bb wrap=\u00a0\u00bbi\u00a0\u00bb size=\u00a0\u00bb16pt\u00a0\u00bb color=\u00a0\u00bb#FF0000&Prime;] <\/span><\/a><\/span><\/td>\n<\/tr>\n<tr style=\"height: 42px;\">\n<td style=\"border: 1px solid #dfd7d7; background-color: #ffffff; text-align: center; vertical-align: middle; width: 152px; height: 84px;\" rowspan=\"3\"><span style=\"font-size: 10pt; font-family: tahoma,arial,helvetica,sans-serif;\">Informatique<\/span><\/td>\n<td style=\"border: 1px solid #dfd7d7; background-color: #ffffff; text-align: center; vertical-align: middle; width: 193px; height: 42px;\"><span style=\"font-size: 10pt; font-family: tahoma,arial,helvetica,sans-serif;\">Ing\u00e9nierie du logiciel<\/span><\/td>\n<td style=\"border: 1px solid #dfd7d7; background-color: #ffffff; text-align: center; vertical-align: middle; width: 125px; height: 42px;\"><span style=\"font-size: 10pt; line-height: normal; font-family: tahoma,arial,helvetica,sans-serif;\">Acad\u00e9mique<\/span><\/td>\n<td style=\"border: 1px solid #dfd7d7; background-color: #ffffff; text-align: center; vertical-align: middle; width: 92.0833px; height: 42px;\"><span style=\"font-size: 10pt;\"><a href=\"https:\/\/fsei.univ-chlef.dz\/wp-content\/uploads\/2017\/07\/M-Ingenierie-du-logiciel.pdf\"><span style=\"font-family: tahoma,arial,helvetica,sans-serif;\"> [wp-svg-icons icon=\u00a0\u00bbfile-pdf\u00a0\u00bb wrap=\u00a0\u00bbi\u00a0\u00bb size=\u00a0\u00bb16pt\u00a0\u00bb color=\u00a0\u00bb#FF0000&Prime;]<\/span><\/a><\/span><\/td>\n<\/tr>\n<tr style=\"height: 42px;\">\n<td style=\"border: 1px solid #dfd7d7; background-color: #ffffff; text-align: center; vertical-align: middle; width: 193px; height: 42px;\"><span style=\"font-family: tahoma,arial,helvetica,sans-serif; font-size: 10pt;\">Ing\u00e9nierie des syst\u00e8mes d&rsquo;information avanc\u00e9s<\/span><\/td>\n<td style=\"border: 1px solid #dfd7d7; background-color: #ffffff; text-align: center; vertical-align: middle; width: 125px; height: 42px;\"><span style=\"font-size: 10pt; line-height: normal; font-family: tahoma,arial,helvetica,sans-serif;\">Acad\u00e9mique<\/span><\/td>\n<td style=\"border: 1px solid #dfd7d7; background-color: #ffffff; text-align: center; vertical-align: middle; width: 92.0833px; height: 42px;\"><span style=\"font-size: 10pt;\"><a href=\"https:\/\/fsei.univ-chlef.dz\/wp-content\/uploads\/2017\/01\/M-ISIA.pdf\"><span style=\"font-family: tahoma,arial,helvetica,sans-serif;\">[wp-svg-icons icon=\u00a0\u00bbfile-pdf\u00a0\u00bb wrap=\u00a0\u00bbi\u00a0\u00bb size=\u00a0\u00bb16pt\u00a0\u00bb color=\u00a0\u00bb#FF0000&Prime;]<\/span><\/a><\/span><\/td>\n<\/tr>\n<tr style=\"height: 42px;\">\n<td style=\"border: 1px solid #dfd7d7; background-color: #ffffff; text-align: center; vertical-align: middle; width: 193px; height: 42px;\"><span style=\"font-family: tahoma,arial,helvetica,sans-serif; font-size: 10pt;\">Reconnaissance des formes et intelligence artificiel<\/span><\/td>\n<td style=\"border: 1px solid #dfd7d7; background-color: #ffffff; text-align: center; vertical-align: middle; width: 125px; height: 42px;\"><span style=\"font-size: 10pt; line-height: normal; font-family: tahoma,arial,helvetica,sans-serif;\">Acad\u00e9mique<\/span><\/td>\n<td style=\"border: 1px solid #dfd7d7; background-color: #ffffff; text-align: center; vertical-align: middle; width: 92.0833px; height: 42px;\"><span style=\"font-size: 10pt;\"><a href=\"https:\/\/www.univ-chlef.dz\/FSEI\/wp-content\/uploads\/2023\/04\/Master_RFIA-1.pdf\"><span style=\"font-family: tahoma,arial,helvetica,sans-serif;\">[wp-svg-icons icon=\u00a0\u00bbfile-pdf\u00a0\u00bb wrap=\u00a0\u00bbi\u00a0\u00bb size=\u00a0\u00bb16pt\u00a0\u00bb color=\u00a0\u00bb#FF0000&Prime;]<\/span><\/a><\/span><\/td>\n<\/tr>\n<tr style=\"height: 36px;\">\n<td style=\"border: 1px solid #dfd7d7; background-color: #ffffff; text-align: center; vertical-align: middle; width: 144px; height: 156px;\" rowspan=\"4\"><span style=\"font-size: 10pt; font-family: tahoma,arial,helvetica,sans-serif;\">Sciences de la Mati\u00e8re <\/span><\/td>\n<td style=\"border: 1px solid #dfd7d7; background-color: #ffffff; text-align: center; vertical-align: middle; width: 152px; height: 72px;\" rowspan=\"2\"><span style=\"font-size: 10pt; font-family: tahoma,arial,helvetica,sans-serif;\">Physique<br \/>\n<\/span><\/td>\n<td style=\"border: 1px solid #dfd7d7; background-color: #ffffff; text-align: center; vertical-align: middle; width: 193px; height: 36px;\"><span style=\"font-family: tahoma,arial,helvetica,sans-serif; font-size: 10pt;\"> Physique des mat\u00e9riaux<\/span><\/td>\n<td style=\"border: 1px solid #dfd7d7; background-color: #ffffff; text-align: center; vertical-align: middle; width: 125px; height: 36px;\"><span style=\"font-family: tahoma,arial,helvetica,sans-serif; font-size: 10pt;\">Acad\u00e9mique<\/span><\/td>\n<td style=\"border: 1px solid #dfd7d7; background-color: #ffffff; text-align: center; vertical-align: middle; width: 92.0833px; height: 36px;\"><span style=\"font-size: 10pt;\"><a href=\"https:\/\/fsei.univ-chlef.dz\/wp-content\/uploads\/2017\/02\/M-Physique-des-materiaux.pdf\"><span style=\"font-family: tahoma,arial,helvetica,sans-serif;\"> [wp-svg-icons icon=\u00a0\u00bbfile-pdf\u00a0\u00bb wrap=\u00a0\u00bbi\u00a0\u00bb size=\u00a0\u00bb16pt\u00a0\u00bb color=\u00a0\u00bb#FF0000&Prime;]<\/span><\/a><\/span><\/td>\n<\/tr>\n<tr style=\"height: 36px;\">\n<td style=\"border: 1px solid #dfd7d7; background-color: #ffffff; text-align: center; vertical-align: middle; width: 193px; height: 36px;\"><span style=\"font-family: tahoma,arial,helvetica,sans-serif; font-size: 10pt;\"> Physique th\u00e9orique<\/span><\/td>\n<td style=\"border: 1px solid #dfd7d7; background-color: #ffffff; text-align: center; vertical-align: middle; width: 125px; height: 36px;\"><span style=\"font-family: tahoma,arial,helvetica,sans-serif; font-size: 10pt;\">Acad\u00e9mique<\/span><\/td>\n<td style=\"border: 1px solid #dfd7d7; background-color: #ffffff; text-align: center; vertical-align: middle; width: 92.0833px; height: 36px;\"><span style=\"font-size: 10pt;\"><a href=\"https:\/\/fsei.univ-chlef.dz\/wp-content\/uploads\/2017\/02\/M-Physique-theorique.pdf\"><span style=\"font-family: tahoma,arial,helvetica,sans-serif;\">[wp-svg-icons icon=\u00a0\u00bbfile-pdf\u00a0\u00bb wrap=\u00a0\u00bbi\u00a0\u00bb size=\u00a0\u00bb16pt\u00a0\u00bb color=\u00a0\u00bb#FF0000&Prime;]<\/span><\/a><\/span><\/td>\n<\/tr>\n<tr style=\"height: 42px;\">\n<td style=\"border: 1px solid #dfd7d7; background-color: #ffffff; text-align: center; vertical-align: middle; width: 152px; height: 84px;\" rowspan=\"2\"><span style=\"font-size: 10pt; font-family: tahoma,arial,helvetica,sans-serif;\">Chimie<br \/>\n<\/span><\/td>\n<td style=\"border: 1px solid #dfd7d7; background-color: #ffffff; text-align: center; vertical-align: middle; width: 193px; height: 42px;\"><span style=\"font-family: tahoma,arial,helvetica,sans-serif; font-size: 10pt;\">Catalyse<\/span><\/td>\n<td style=\"border: 1px solid #dfd7d7; background-color: #ffffff; text-align: center; vertical-align: middle; width: 125px; height: 42px;\"><span style=\"font-size: 10pt; line-height: normal; font-family: tahoma,arial,helvetica,sans-serif;\">Acad\u00e9mique<\/span><\/td>\n<td style=\"border: 1px solid #dfd7d7; background-color: #ffffff; text-align: center; vertical-align: middle; width: 92.0833px; height: 42px;\"><span style=\"font-size: 10pt;\"><a href=\"https:\/\/fsei.univ-chlef.dz\/wp-content\/uploads\/2017\/06\/M-Catalyse.pdf\"><span style=\"font-family: tahoma,arial,helvetica,sans-serif;\">[wp-svg-icons icon=\u00a0\u00bbfile-pdf\u00a0\u00bb wrap=\u00a0\u00bbi\u00a0\u00bb size=\u00a0\u00bb16pt\u00a0\u00bb color=\u00a0\u00bb#FF0000&Prime;]<\/span><\/a><\/span><\/td>\n<\/tr>\n<tr style=\"height: 42px;\">\n<td style=\"border: 1px solid #dfd7d7; background-color: #ffffff; text-align: center; vertical-align: middle; width: 193px; height: 42px;\"><span style=\"font-family: tahoma,arial,helvetica,sans-serif; font-size: 10pt;\">Chimie macromol\u00e9culaire<\/span><\/td>\n<td style=\"border: 1px solid #dfd7d7; background-color: #ffffff; text-align: center; vertical-align: middle; width: 125px; height: 42px;\"><span style=\"font-size: 10pt; line-height: normal; font-family: tahoma,arial,helvetica,sans-serif;\">Acad\u00e9mique<\/span><\/td>\n<td style=\"border: 1px solid #dfd7d7; background-color: #ffffff; text-align: center; vertical-align: middle; width: 92.0833px; height: 42px;\"><span style=\"font-size: 10pt;\"><a href=\"https:\/\/fsei.univ-chlef.dz\/wp-content\/uploads\/2017\/06\/M-Chimie-macromoleculaire-2016.pdf\"><span style=\"font-family: tahoma,arial,helvetica,sans-serif;\">[wp-svg-icons icon=\u00a0\u00bbfile-pdf\u00a0\u00bb wrap=\u00a0\u00bbi\u00a0\u00bb size=\u00a0\u00bb16pt\u00a0\u00bb color=\u00a0\u00bb#FF0000&Prime;]<\/span><\/a><\/span><\/td>\n<\/tr>\n<\/tbody>\n<\/table>\n","protected":false},"excerpt":{"rendered":"<p>Domaine Fili\u00e8re Sp\u00e9cialit\u00e9 Type Programme Math\u00e9matiques et Informatique Math\u00e9matiques Math\u00e9matiques appliqu\u00e9es et statistique Acad\u00e9mique [wp-svg-icons icon=\u00a0\u00bbfile-pdf\u00a0\u00bb wrap=\u00a0\u00bbi\u00a0\u00bb size=\u00a0\u00bb16pt\u00a0\u00bb color=\u00a0\u00bb#FF0000&Prime;] Analyse [&hellip;]<\/p>\n","protected":false},"author":1,"featured_media":0,"parent":0,"menu_order":0,"comment_status":"closed","ping_status":"closed","template":"","meta":{"_uag_custom_page_level_css":"","site-sidebar-layout":"default","site-content-layout":"","ast-site-content-layout":"default","site-content-style":"default","site-sidebar-style":"default","ast-global-header-display":"","ast-banner-title-visibility":"","ast-main-header-display":"","ast-hfb-above-header-display":"","ast-hfb-below-header-display":"","ast-hfb-mobile-header-display":"","site-post-title":"","ast-breadcrumbs-content":"","ast-featured-img":"","footer-sml-layout":"","ast-disable-related-posts":"","theme-transparent-header-meta":"","adv-header-id-meta":"","stick-header-meta":"","header-above-stick-meta":"","header-main-stick-meta":"","header-below-stick-meta":"","astra-migrate-meta-layouts":"default","ast-page-background-enabled":"default","ast-page-background-meta":{"desktop":{"background-color":"var(--ast-global-color-5)","background-image":"","background-repeat":"repeat","background-position":"center center","background-size":"auto","background-attachment":"scroll","background-type":"","background-media":"","overlay-type":"","overlay-color":"","overlay-opacity":"","overlay-gradient":""},"tablet":{"background-color":"","background-image":"","background-repeat":"repeat","background-position":"center center","background-size":"auto","background-attachment":"scroll","background-type":"","background-media":"","overlay-type":"","overlay-color":"","overlay-opacity":"","overlay-gradient":""},"mobile":{"background-color":"","background-image":"","background-repeat":"repeat","background-position":"center center","background-size":"auto","background-attachment":"scroll","background-type":"","background-media":"","overlay-type":"","overlay-color":"","overlay-opacity":"","overlay-gradient":""}},"ast-content-background-meta":{"desktop":{"background-color":"var(--ast-global-color-4)","background-image":"","background-repeat":"repeat","background-position":"center center","background-size":"auto","background-attachment":"scroll","background-type":"","background-media":"","overlay-type":"","overlay-color":"","overlay-opacity":"","overlay-gradient":""},"tablet":{"background-color":"var(--ast-global-color-4)","background-image":"","background-repeat":"repeat","background-position":"center center","background-size":"auto","background-attachment":"scroll","background-type":"","background-media":"","overlay-type":"","overlay-color":"","overlay-opacity":"","overlay-gradient":""},"mobile":{"background-color":"var(--ast-global-color-4)","background-image":"","background-repeat":"repeat","background-position":"center center","background-size":"auto","background-attachment":"scroll","background-type":"","background-media":"","overlay-type":"","overlay-color":"","overlay-opacity":"","overlay-gradient":""}},"footnotes":""},"class_list":["post-559","page","type-page","status-publish","hentry"],"uagb_featured_image_src":{"full":false,"thumbnail":false,"medium":false,"medium_large":false,"large":false,"1536x1536":false,"2048x2048":false},"uagb_author_info":{"display_name":"zouatenia mhamed","author_link":"https:\/\/fsei.univ-chlef.dz\/?author=1"},"uagb_comment_info":0,"uagb_excerpt":"Domaine Fili\u00e8re Sp\u00e9cialit\u00e9 Type Programme Math\u00e9matiques et Informatique Math\u00e9matiques Math\u00e9matiques appliqu\u00e9es et statistique Acad\u00e9mique [wp-svg-icons icon=\u00a0\u00bbfile-pdf\u00a0\u00bb wrap=\u00a0\u00bbi\u00a0\u00bb size=\u00a0\u00bb16pt\u00a0\u00bb color=\u00a0\u00bb#FF0000&Prime;] Analyse [&hellip;]","_links":{"self":[{"href":"https:\/\/fsei.univ-chlef.dz\/index.php?rest_route=\/wp\/v2\/pages\/559","targetHints":{"allow":["GET"]}}],"collection":[{"href":"https:\/\/fsei.univ-chlef.dz\/index.php?rest_route=\/wp\/v2\/pages"}],"about":[{"href":"https:\/\/fsei.univ-chlef.dz\/index.php?rest_route=\/wp\/v2\/types\/page"}],"author":[{"embeddable":true,"href":"https:\/\/fsei.univ-chlef.dz\/index.php?rest_route=\/wp\/v2\/users\/1"}],"replies":[{"embeddable":true,"href":"https:\/\/fsei.univ-chlef.dz\/index.php?rest_route=%2Fwp%2Fv2%2Fcomments&post=559"}],"version-history":[{"count":22,"href":"https:\/\/fsei.univ-chlef.dz\/index.php?rest_route=\/wp\/v2\/pages\/559\/revisions"}],"predecessor-version":[{"id":7990,"href":"https:\/\/fsei.univ-chlef.dz\/index.php?rest_route=\/wp\/v2\/pages\/559\/revisions\/7990"}],"wp:attachment":[{"href":"https:\/\/fsei.univ-chlef.dz\/index.php?rest_route=%2Fwp%2Fv2%2Fmedia&parent=559"}],"curies":[{"name":"wp","href":"https:\/\/api.w.org\/{rel}","templated":true}]}}